{"id":492,"date":"2022-09-15T19:01:14","date_gmt":"2022-09-15T17:01:14","guid":{"rendered":"https:\/\/saintejoie.com\/?page_id=492"},"modified":"2024-01-19T15:55:24","modified_gmt":"2024-01-19T14:55:24","slug":"engagement","status":"publish","type":"page","link":"https:\/\/saintejoie.com\/en\/engagement\/","title":{"rendered":"ENGAGEMENT"},"content":{"rendered":"<div data-elementor-type=\"wp-page\" data-elementor-id=\"492\" class=\"elementor elementor-492\" data-elementor-post-type=\"page\">\n\t\t\t\t<div class=\"elementor-element elementor-element-54e1390f e-con-full e-flex e-con e-parent\" data-id=\"54e1390f\" data-element_type=\"container\" data-settings=\"{&quot;background_background&quot;:&quot;classic&quot;}\">\n\t\t\t\t<\/div>\n\t\t<section class=\"elementor-element elementor-element-6594684f e-flex e-con-boxed e-con e-parent\" data-id=\"6594684f\" data-element_type=\"container\" data-settings=\"{&quot;background_background&quot;:&quot;classic&quot;}\">\n\t\t\t\t\t<div class=\"e-con-inner\">\n\t\t<div class=\"elementor-element elementor-element-2e12d1e5 e-con-full e-flex e-con e-parent\" data-id=\"2e12d1e5\" data-element_type=\"container\">\n\t\t\t\t<div class=\"elementor-element elementor-element-7bddef84 elementor-widget elementor-widget-heading\" data-id=\"7bddef84\" data-element_type=\"widget\" data-widget_type=\"heading.default\">\n\t\t\t\t<div class=\"elementor-widget-container\">\n\t\t\t<h1 class=\"elementor-heading-title elementor-size-default\">OUR<br>COMMITMENT<\/h1>\t\t<\/div>\n\t\t\t\t<\/div>\n\t\t\t\t<div class=\"elementor-element elementor-element-64de8494 elementor-widget__width-inherit elementor-widget elementor-widget-text-editor\" data-id=\"64de8494\" data-element_type=\"widget\" data-widget_type=\"text-editor.default\">\n\t\t\t\t<div class=\"elementor-widget-container\">\n\t\t\t\t\t\t\t<p>\u00ab <span style=\"font-weight: 400;\">We are winegrowers and this profession<br \/><\/span><span style=\"font-weight: 400;\">is above all the subtle alliance between\nour know-how and the observation<br \/><\/span><span style=\"font-weight: 400;\">of what nature gives us day after day,<br \/><\/span><span style=\"font-weight: 400;\">Each vintage is unique. Our choices are guided by a determination to preserve<br \/><\/span><span style=\"font-weight: 400;\">the soil.<\/span> \u00bb<\/p>\t\t\t\t\t\t<\/div>\n\t\t\t\t<\/div>\n\t\t\t\t<div class=\"elementor-element elementor-element-54f6f0e8 elementor-widget elementor-widget-spacer\" data-id=\"54f6f0e8\" data-element_type=\"widget\" data-widget_type=\"spacer.default\">\n\t\t\t\t<div class=\"elementor-widget-container\">\n\t\t\t\t\t<div class=\"elementor-spacer\">\n\t\t\t<div class=\"elementor-spacer-inner\"><\/div>\n\t\t<\/div>\n\t\t\t\t<\/div>\n\t\t\t\t<\/div>\n\t\t\t\t<\/div>\n\t\t<div class=\"elementor-element elementor-element-47c1ed77 e-con-full e-flex e-con e-parent\" data-id=\"47c1ed77\" data-element_type=\"container\" data-settings=\"{&quot;background_background&quot;:&quot;classic&quot;}\">\n\t\t\t\t<\/div>\n\t\t\t\t\t<\/div>\n\t\t\t\t<\/section>\n\t\t<section class=\"elementor-element elementor-element-59b35b69 e-flex e-con-boxed e-con e-parent\" data-id=\"59b35b69\" data-element_type=\"container\" data-settings=\"{&quot;background_background&quot;:&quot;classic&quot;}\">\n\t\t\t\t\t<div class=\"e-con-inner\">\n\t\t<div class=\"elementor-element elementor-element-38d3b660 e-con-full e-flex e-con e-parent\" data-id=\"38d3b660\" data-element_type=\"container\">\n\t\t\t\t<div class=\"elementor-element elementor-element-106a108f elementor-widget elementor-widget-image\" data-id=\"106a108f\" data-element_type=\"widget\" data-widget_type=\"image.default\">\n\t\t\t\t<div class=\"elementor-widget-container\">\n\t\t\t\t\t\t\t\t\t\t\t\t\t<img fetchpriority=\"high\" decoding=\"async\" width=\"800\" height=\"651\" src=\"https:\/\/i0.wp.com\/saintejoie.com\/wp-content\/uploads\/2022\/10\/SAINTEJOIE-MAISONMEYER-VINS-CREMANTS-Home-Engagement2-1313x1068-min.jpg?fit=800%2C651&amp;ssl=1\" class=\"attachment-large size-large wp-image-2149\" alt=\"\" srcset=\"https:\/\/i0.wp.com\/saintejoie.com\/wp-content\/uploads\/2022\/10\/SAINTEJOIE-MAISONMEYER-VINS-CREMANTS-Home-Engagement2-1313x1068-min.jpg?w=1313&amp;ssl=1 1313w, https:\/\/i0.wp.com\/saintejoie.com\/wp-content\/uploads\/2022\/10\/SAINTEJOIE-MAISONMEYER-VINS-CREMANTS-Home-Engagement2-1313x1068-min.jpg?resize=1300%2C1057&amp;ssl=1 1300w, https:\/\/i0.wp.com\/saintejoie.com\/wp-content\/uploads\/2022\/10\/SAINTEJOIE-MAISONMEYER-VINS-CREMANTS-Home-Engagement2-1313x1068-min.jpg?resize=800%2C651&amp;ssl=1 800w, https:\/\/i0.wp.com\/saintejoie.com\/wp-content\/uploads\/2022\/10\/SAINTEJOIE-MAISONMEYER-VINS-CREMANTS-Home-Engagement2-1313x1068-min.jpg?resize=300%2C244&amp;ssl=1 300w, https:\/\/i0.wp.com\/saintejoie.com\/wp-content\/uploads\/2022\/10\/SAINTEJOIE-MAISONMEYER-VINS-CREMANTS-Home-Engagement2-1313x1068-min.jpg?resize=1024%2C833&amp;ssl=1 1024w, https:\/\/i0.wp.com\/saintejoie.com\/wp-content\/uploads\/2022\/10\/SAINTEJOIE-MAISONMEYER-VINS-CREMANTS-Home-Engagement2-1313x1068-min.jpg?resize=768%2C625&amp;ssl=1 768w, https:\/\/i0.wp.com\/saintejoie.com\/wp-content\/uploads\/2022\/10\/SAINTEJOIE-MAISONMEYER-VINS-CREMANTS-Home-Engagement2-1313x1068-min.jpg?resize=15%2C12&amp;ssl=1 15w\" sizes=\"(max-width: 800px) 100vw, 800px\" \/>\t\t\t\t\t\t\t\t\t\t\t\t\t<\/div>\n\t\t\t\t<\/div>\n\t\t\t\t<\/div>\n\t\t<div class=\"elementor-element elementor-element-b9b596e e-con-full e-flex e-con e-parent\" data-id=\"b9b596e\" data-element_type=\"container\">\n\t\t\t\t<div class=\"elementor-element elementor-element-51670a12 elementor-widget elementor-widget-text-editor\" data-id=\"51670a12\" data-element_type=\"widget\" data-widget_type=\"text-editor.default\">\n\t\t\t\t<div class=\"elementor-widget-container\">\n\t\t\t\t\t\t\t<p><span style=\"font-weight: 400;\">We are the custodians of our land for a short time.<br \/><\/span><span style=\"font-weight: 400;\">The quality of the raw material, i.e. the grapes, is essential.<\/span><\/p><p><span style=\"font-weight: 400;\">In every season, our goal is to harvest the best grapes while preserving <\/span><span style=\"font-weight: 400;\">the land that gives them to us. <\/span><span style=\"font-weight: 400;\">We want to be part of the future <\/span><span style=\"font-weight: 400;\">and leave room for future generations.<br \/><\/span><span style=\"font-weight: 400;\">The quality of the raw material, i.e. the grapes,\u00a0<\/span><span style=\"font-weight: 400;\">is essential.<\/span><\/p>\t\t\t\t\t\t<\/div>\n\t\t\t\t<\/div>\n\t\t\t\t<\/div>\n\t\t\t\t\t<\/div>\n\t\t\t\t<\/section>\n\t\t<div class=\"elementor-element elementor-element-1e7a9277 e-flex e-con-boxed e-con e-parent\" data-id=\"1e7a9277\" data-element_type=\"container\">\n\t\t\t\t\t<div class=\"e-con-inner\">\n\t\t<div class=\"elementor-element elementor-element-2ca6dd8c e-con-full e-flex e-con e-parent\" data-id=\"2ca6dd8c\" data-element_type=\"container\">\n\t\t\t\t<div class=\"elementor-element elementor-element-72daa2b4 elementor-widget elementor-widget-text-editor\" data-id=\"72daa2b4\" data-element_type=\"widget\" data-widget_type=\"text-editor.default\">\n\t\t\t\t<div class=\"elementor-widget-container\">\n\t\t\t\t\t\t\t<p><span style=\"font-weight: 400;\">First of all, we have led our entire vineyard which represents <\/span><span style=\"font-weight: 400;\">about 32 hectares, to obtain the HVE label (High Environmental <\/span><span style=\"font-weight: 400;\">Value) label. This label certifies <\/span><span style=\"font-weight: 400;\">that our agricultural practices practices used on our entire farm <\/span><span style=\"font-weight: 400;\">preserve the natural ecosystem.<\/span><\/p><p><span style=\"font-weight: 400;\">The will to use zero weedkillers naturally led us to obtain <\/span><span style=\"font-weight: 400;\">orient\u00e9 vers l\u2019obtention du label AB (agriculture biologique).<\/span><\/p><p><span style=\"font-weight: 400;\">We practice biodynamics because we share the approach <\/span><span style=\"font-weight: 400;\">to consider the vineyard as an element of a system connected <\/span><span style=\"font-weight: 400;\">to the earth, the air, the water and the other planets.<\/span><\/p>\t\t\t\t\t\t<\/div>\n\t\t\t\t<\/div>\n\t\t\t\t<\/div>\n\t\t<div class=\"elementor-element elementor-element-7c9e1ec4 e-con-full e-flex e-con e-parent\" data-id=\"7c9e1ec4\" data-element_type=\"container\">\n\t\t\t\t<div class=\"elementor-element elementor-element-3ed838b elementor-widget elementor-widget-image\" data-id=\"3ed838b\" data-element_type=\"widget\" data-widget_type=\"image.default\">\n\t\t\t\t<div class=\"elementor-widget-container\">\n\t\t\t\t\t\t\t\t\t\t\t\t\t<img decoding=\"async\" width=\"800\" height=\"623\" src=\"https:\/\/i0.wp.com\/saintejoie.com\/wp-content\/uploads\/2022\/10\/SAINTEJOIE-MAISONMEYER-VINS-CREMANTS-Engagement3-1373x1068-min.jpg?fit=800%2C623&amp;ssl=1\" class=\"attachment-large size-large wp-image-2147\" alt=\"botrytis cinerea et pourriture noble lors de vendangess tardives\" srcset=\"https:\/\/i0.wp.com\/saintejoie.com\/wp-content\/uploads\/2022\/10\/SAINTEJOIE-MAISONMEYER-VINS-CREMANTS-Engagement3-1373x1068-min.jpg?w=1373&amp;ssl=1 1373w, https:\/\/i0.wp.com\/saintejoie.com\/wp-content\/uploads\/2022\/10\/SAINTEJOIE-MAISONMEYER-VINS-CREMANTS-Engagement3-1373x1068-min.jpg?resize=1300%2C1011&amp;ssl=1 1300w, https:\/\/i0.wp.com\/saintejoie.com\/wp-content\/uploads\/2022\/10\/SAINTEJOIE-MAISONMEYER-VINS-CREMANTS-Engagement3-1373x1068-min.jpg?resize=800%2C622&amp;ssl=1 800w, https:\/\/i0.wp.com\/saintejoie.com\/wp-content\/uploads\/2022\/10\/SAINTEJOIE-MAISONMEYER-VINS-CREMANTS-Engagement3-1373x1068-min.jpg?resize=300%2C233&amp;ssl=1 300w, https:\/\/i0.wp.com\/saintejoie.com\/wp-content\/uploads\/2022\/10\/SAINTEJOIE-MAISONMEYER-VINS-CREMANTS-Engagement3-1373x1068-min.jpg?resize=1024%2C797&amp;ssl=1 1024w, https:\/\/i0.wp.com\/saintejoie.com\/wp-content\/uploads\/2022\/10\/SAINTEJOIE-MAISONMEYER-VINS-CREMANTS-Engagement3-1373x1068-min.jpg?resize=768%2C597&amp;ssl=1 768w, https:\/\/i0.wp.com\/saintejoie.com\/wp-content\/uploads\/2022\/10\/SAINTEJOIE-MAISONMEYER-VINS-CREMANTS-Engagement3-1373x1068-min.jpg?resize=15%2C12&amp;ssl=1 15w\" sizes=\"(max-width: 800px) 100vw, 800px\" \/>\t\t\t\t\t\t\t\t\t\t\t\t\t<\/div>\n\t\t\t\t<\/div>\n\t\t\t\t<\/div>\n\t\t\t\t\t<\/div>\n\t\t\t\t<\/div>\n\t\t<div class=\"elementor-element elementor-element-2e55c7dc e-flex e-con-boxed e-con e-parent\" data-id=\"2e55c7dc\" data-element_type=\"container\">\n\t\t\t\t\t<div class=\"e-con-inner\">\n\t\t\t\t<div class=\"elementor-element elementor-element-4c3a52aa elementor-widget elementor-widget-text-editor\" data-id=\"4c3a52aa\" data-element_type=\"widget\" data-widget_type=\"text-editor.default\">\n\t\t\t\t<div class=\"elementor-widget-container\">\n\t\t\t\t\t\t\t<p><span style=\"font-weight: 400;\">\"Taking care of our Earth and producing a healthy and living quality grape, <\/span><span style=\"font-weight: 400;\">this is our daily commitment!\"<\/span><\/p>\t\t\t\t\t\t<\/div>\n\t\t\t\t<\/div>\n\t\t\t\t\t<\/div>\n\t\t\t\t<\/div>\n\t\t\t\t<\/div>","protected":false},"excerpt":{"rendered":"<p>notreengagement \u00ab Nous sommes viticulteurs et ce m\u00e9tierc\u2019est avant tout l\u2019alliance subtile entre notresavoir-faire et l\u2019observation de ce que la nature nous donne jour apr\u00e8s jour, chaque mill\u00e9sime \u00e9tant unique.Nos choix sont guid\u00e9s par une d\u00e9termination\u00e0 pr\u00e9server le sol. \u00bb Nous sommes les gardiens de notre terre pendant un court d\u00e9lai. \u00c0 chaque saison, notre [&hellip;]<\/p>","protected":false},"author":1,"featured_media":0,"parent":0,"menu_order":0,"comment_status":"closed","ping_status":"closed","template":"elementor_header_footer","meta":{"footnotes":""},"class_list":["post-492","page","type-page","status-publish","hentry"],"acf":[],"yoast_head":"<!-- This site is optimized with the Yoast SEO plugin v19.10 - https:\/\/yoast.com\/wordpress\/plugins\/seo\/ -->\n<title>ENGAGEMENT - Sainte Joie - Producteur de Vins d&#039;alsace<\/title>\n<meta name=\"robots\" content=\"index, follow, max-snippet:-1, max-image-preview:large, max-video-preview:-1\" \/>\n<link rel=\"canonical\" href=\"https:\/\/saintejoie.com\/en\/engagement\/\" \/>\n<meta property=\"og:locale\" content=\"en_GB\" \/>\n<meta property=\"og:type\" content=\"article\" \/>\n<meta property=\"og:title\" content=\"ENGAGEMENT - Sainte Joie - Producteur de Vins d&#039;alsace\" \/>\n<meta property=\"og:description\" content=\"notreengagement \u00ab Nous sommes viticulteurs et ce m\u00e9tierc\u2019est avant tout l\u2019alliance subtile entre notresavoir-faire et l\u2019observation de ce que la nature nous donne jour apr\u00e8s jour, chaque mill\u00e9sime \u00e9tant unique.Nos choix sont guid\u00e9s par une d\u00e9termination\u00e0 pr\u00e9server le sol. \u00bb Nous sommes les gardiens de notre terre pendant un court d\u00e9lai. \u00c0 chaque saison, notre [&hellip;]\" \/>\n<meta property=\"og:url\" content=\"https:\/\/saintejoie.com\/en\/engagement\/\" \/>\n<meta property=\"og:site_name\" content=\"Sainte Joie - Producteur de Vins d&#039;alsace\" \/>\n<meta property=\"article:publisher\" content=\"https:\/\/www.facebook.com\/profile.php?id=100086574113006\" \/>\n<meta property=\"article:modified_time\" content=\"2024-01-19T14:55:24+00:00\" \/>\n<meta property=\"og:image\" content=\"https:\/\/saintejoie.com\/wp-content\/uploads\/2022\/10\/SAINTEJOIE-MAISONMEYER-VINS-CREMANTS-Home-Engagement2-1313x1068-min-1024x833.jpg\" \/>\n<meta name=\"twitter:card\" content=\"summary_large_image\" \/>\n<meta name=\"twitter:label1\" content=\"Estimated reading time\" \/>\n\t<meta name=\"twitter:data1\" content=\"1 minute\" \/>\n<script type=\"application\/ld+json\" class=\"yoast-schema-graph\">{\"@context\":\"https:\/\/schema.org\",\"@graph\":[{\"@type\":\"WebPage\",\"@id\":\"https:\/\/saintejoie.com\/engagement\/\",\"url\":\"https:\/\/saintejoie.com\/engagement\/\",\"name\":\"ENGAGEMENT - Sainte Joie - Producteur de Vins d&#039;alsace\",\"isPartOf\":{\"@id\":\"https:\/\/saintejoie.com\/#website\"},\"datePublished\":\"2022-09-15T17:01:14+00:00\",\"dateModified\":\"2024-01-19T14:55:24+00:00\",\"breadcrumb\":{\"@id\":\"https:\/\/saintejoie.com\/engagement\/#breadcrumb\"},\"inLanguage\":\"en-GB\",\"potentialAction\":[{\"@type\":\"ReadAction\",\"target\":[\"https:\/\/saintejoie.com\/engagement\/\"]}]},{\"@type\":\"BreadcrumbList\",\"@id\":\"https:\/\/saintejoie.com\/engagement\/#breadcrumb\",\"itemListElement\":[{\"@type\":\"ListItem\",\"position\":1,\"name\":\"Accueil\",\"item\":\"https:\/\/saintejoie.com\/\"},{\"@type\":\"ListItem\",\"position\":2,\"name\":\"ENGAGEMENT\"}]},{\"@type\":\"WebSite\",\"@id\":\"https:\/\/saintejoie.com\/#website\",\"url\":\"https:\/\/saintejoie.com\/\",\"name\":\"Sainte Joie - Producteur de Vins d&#039;alsace\",\"description\":\"Sainte Joie\",\"publisher\":{\"@id\":\"https:\/\/saintejoie.com\/#organization\"},\"potentialAction\":[{\"@type\":\"SearchAction\",\"target\":{\"@type\":\"EntryPoint\",\"urlTemplate\":\"https:\/\/saintejoie.com\/?s={search_term_string}\"},\"query-input\":\"required name=search_term_string\"}],\"inLanguage\":\"en-GB\"},{\"@type\":\"Organization\",\"@id\":\"https:\/\/saintejoie.com\/#organization\",\"name\":\"Sainte Joie - Producteur de Vins d&#039;alsace\",\"url\":\"https:\/\/saintejoie.com\/\",\"logo\":{\"@type\":\"ImageObject\",\"inLanguage\":\"en-GB\",\"@id\":\"https:\/\/saintejoie.com\/#\/schema\/logo\/image\/\",\"url\":\"https:\/\/i0.wp.com\/saintejoie.com\/wp-content\/uploads\/2022\/09\/LogoSainteJoie.png?fit=1181%2C472&ssl=1\",\"contentUrl\":\"https:\/\/i0.wp.com\/saintejoie.com\/wp-content\/uploads\/2022\/09\/LogoSainteJoie.png?fit=1181%2C472&ssl=1\",\"width\":1181,\"height\":472,\"caption\":\"Sainte Joie - Producteur de Vins d&#039;alsace\"},\"image\":{\"@id\":\"https:\/\/saintejoie.com\/#\/schema\/logo\/image\/\"},\"sameAs\":[\"https:\/\/www.linkedin.com\/company\/89213483\",\"https:\/\/www.facebook.com\/profile.php?id=100086574113006\"]}]}<\/script>\n<!-- \/ Yoast SEO plugin. -->","yoast_head_json":{"title":"ENGAGEMENT - Sainte Joie - Producteur de Vins d&#039;alsace","robots":{"index":"index","follow":"follow","max-snippet":"max-snippet:-1","max-image-preview":"max-image-preview:large","max-video-preview":"max-video-preview:-1"},"canonical":"https:\/\/saintejoie.com\/en\/engagement\/","og_locale":"en_GB","og_type":"article","og_title":"ENGAGEMENT - Sainte Joie - Producteur de Vins d&#039;alsace","og_description":"notreengagement \u00ab Nous sommes viticulteurs et ce m\u00e9tierc\u2019est avant tout l\u2019alliance subtile entre notresavoir-faire et l\u2019observation de ce que la nature nous donne jour apr\u00e8s jour, chaque mill\u00e9sime \u00e9tant unique.Nos choix sont guid\u00e9s par une d\u00e9termination\u00e0 pr\u00e9server le sol. \u00bb Nous sommes les gardiens de notre terre pendant un court d\u00e9lai. \u00c0 chaque saison, notre [&hellip;]","og_url":"https:\/\/saintejoie.com\/en\/engagement\/","og_site_name":"Sainte Joie - Producteur de Vins d&#039;alsace","article_publisher":"https:\/\/www.facebook.com\/profile.php?id=100086574113006","article_modified_time":"2024-01-19T14:55:24+00:00","og_image":[{"url":"https:\/\/saintejoie.com\/wp-content\/uploads\/2022\/10\/SAINTEJOIE-MAISONMEYER-VINS-CREMANTS-Home-Engagement2-1313x1068-min-1024x833.jpg"}],"twitter_card":"summary_large_image","twitter_misc":{"Estimated reading time":"1 minute"},"schema":{"@context":"https:\/\/schema.org","@graph":[{"@type":"WebPage","@id":"https:\/\/saintejoie.com\/engagement\/","url":"https:\/\/saintejoie.com\/engagement\/","name":"ENGAGEMENT - Sainte Joie - Producteur de Vins d&#039;alsace","isPartOf":{"@id":"https:\/\/saintejoie.com\/#website"},"datePublished":"2022-09-15T17:01:14+00:00","dateModified":"2024-01-19T14:55:24+00:00","breadcrumb":{"@id":"https:\/\/saintejoie.com\/engagement\/#breadcrumb"},"inLanguage":"en-GB","potentialAction":[{"@type":"ReadAction","target":["https:\/\/saintejoie.com\/engagement\/"]}]},{"@type":"BreadcrumbList","@id":"https:\/\/saintejoie.com\/engagement\/#breadcrumb","itemListElement":[{"@type":"ListItem","position":1,"name":"Accueil","item":"https:\/\/saintejoie.com\/"},{"@type":"ListItem","position":2,"name":"ENGAGEMENT"}]},{"@type":"WebSite","@id":"https:\/\/saintejoie.com\/#website","url":"https:\/\/saintejoie.com\/","name":"Sainte Joie - Producteur de Vins d&#039;alsace","description":"Sainte Joie","publisher":{"@id":"https:\/\/saintejoie.com\/#organization"},"potentialAction":[{"@type":"SearchAction","target":{"@type":"EntryPoint","urlTemplate":"https:\/\/saintejoie.com\/?s={search_term_string}"},"query-input":"required name=search_term_string"}],"inLanguage":"en-GB"},{"@type":"Organization","@id":"https:\/\/saintejoie.com\/#organization","name":"Sainte Joie - Producteur de Vins d&#039;alsace","url":"https:\/\/saintejoie.com\/","logo":{"@type":"ImageObject","inLanguage":"en-GB","@id":"https:\/\/saintejoie.com\/#\/schema\/logo\/image\/","url":"https:\/\/i0.wp.com\/saintejoie.com\/wp-content\/uploads\/2022\/09\/LogoSainteJoie.png?fit=1181%2C472&ssl=1","contentUrl":"https:\/\/i0.wp.com\/saintejoie.com\/wp-content\/uploads\/2022\/09\/LogoSainteJoie.png?fit=1181%2C472&ssl=1","width":1181,"height":472,"caption":"Sainte Joie - Producteur de Vins d&#039;alsace"},"image":{"@id":"https:\/\/saintejoie.com\/#\/schema\/logo\/image\/"},"sameAs":["https:\/\/www.linkedin.com\/company\/89213483","https:\/\/www.facebook.com\/profile.php?id=100086574113006"]}]}},"_links":{"self":[{"href":"https:\/\/saintejoie.com\/en\/wp-json\/wp\/v2\/pages\/492","targetHints":{"allow":["GET"]}}],"collection":[{"href":"https:\/\/saintejoie.com\/en\/wp-json\/wp\/v2\/pages"}],"about":[{"href":"https:\/\/saintejoie.com\/en\/wp-json\/wp\/v2\/types\/page"}],"author":[{"embeddable":true,"href":"https:\/\/saintejoie.com\/en\/wp-json\/wp\/v2\/users\/1"}],"replies":[{"embeddable":true,"href":"https:\/\/saintejoie.com\/en\/wp-json\/wp\/v2\/comments?post=492"}],"version-history":[{"count":113,"href":"https:\/\/saintejoie.com\/en\/wp-json\/wp\/v2\/pages\/492\/revisions"}],"predecessor-version":[{"id":4607,"href":"https:\/\/saintejoie.com\/en\/wp-json\/wp\/v2\/pages\/492\/revisions\/4607"}],"wp:attachment":[{"href":"https:\/\/saintejoie.com\/en\/wp-json\/wp\/v2\/media?parent=492"}],"curies":[{"name":"wp","href":"https:\/\/api.w.org\/{rel}","templated":true}]}}