{"id":1910,"date":"2022-10-04T11:21:32","date_gmt":"2022-10-04T09:21:32","guid":{"rendered":"https:\/\/saintejoie.com\/?post_type=product&#038;p=1910"},"modified":"2026-01-27T10:16:13","modified_gmt":"2026-01-27T09:16:13","slug":"riesling","status":"publish","type":"product","link":"https:\/\/saintejoie.com\/en\/product\/riesling\/","title":{"rendered":"RIESLING"},"content":{"rendered":"<div data-elementor-type=\"product-post\" data-elementor-id=\"1910\" class=\"elementor elementor-1910\" data-elementor-post-type=\"product\">\n\t\t\t\t\t\t<section class=\"elementor-section elementor-top-section elementor-element elementor-element-308bf73c elementor-section-boxed elementor-section-height-default elementor-section-height-default\" data-id=\"308bf73c\" data-element_type=\"section\">\n\t\t\t\t\t\t<div class=\"elementor-container elementor-column-gap-default\">\n\t\t\t\t\t<div class=\"elementor-column elementor-col-100 elementor-top-column elementor-element elementor-element-62e9179a\" data-id=\"62e9179a\" data-element_type=\"column\">\n\t\t\t<div class=\"elementor-widget-wrap elementor-element-populated\">\n\t\t\t\t\t\t<div class=\"elementor-element elementor-element-57415f0c elementor-widget elementor-widget-text-editor\" data-id=\"57415f0c\" data-element_type=\"widget\" data-widget_type=\"text-editor.default\">\n\t\t\t\t<div class=\"elementor-widget-container\">\n\t\t\t\t\t\t\t<b>Organic\r\n<\/b><span style=\"font-weight: 400;\">Origin : France \/ Alsace\r\n<\/span><span style=\"font-weight: 400;\">Serve between 10 and 14\u00b0C.\r\n<\/span><span style=\"font-weight: 400;\">Aging potential : 10 years +<\/span>\r\n\r\n<b>PAIRINGS\r\n<\/b><span style=\"font-weight: 400;\">Iodized, delicate, creamy, unctuous, roasted flavors,\r\n<\/span><span style=\"font-weight: 400;\">smoky, natural, vinegary, sweet and sour<\/span>\t\t\t\t\t\t<\/div>\n\t\t\t\t<\/div>\n\t\t\t\t\t<\/div>\n\t\t<\/div>\n\t\t\t\t\t<\/div>\n\t\t<\/section>\n\t\t\t\t<\/div>","protected":false},"excerpt":{"rendered":"<p>Agriculture biologique Origine : France \/ Alsace Servir entre 10 et 14\u00b0C Potentiel de garde : 10 ans + ACCORDS Saveurs iod\u00e9es, d\u00e9licates, cr\u00e9m\u00e9es, onctueuses, r\u00f4ties, fum\u00e9es, naturelles, vinaigr\u00e9es, sucr\u00e9es-sal\u00e9es<\/p>","protected":false},"featured_media":4104,"comment_status":"open","ping_status":"closed","template":"","meta":[],"product_cat":[60],"product_tag":[],"class_list":["post-1910","product","type-product","status-publish","has-post-thumbnail","hentry","product_cat-riesling"],"acf":{"label-\u0153il":"\u0153il","content_oeil":"Le vin pr\u00e9sente une couleur jaune or.\r\nIl est dot\u00e9 d\u2019une belle brillance et para\u00eet presque scintillant.","label-nez":"nez","content_nez":"Il laisse \u00e9clater une intensit\u00e9 aromatique soutenue,\r\non y trouve une synth\u00e8se de notes fruit\u00e9es, florales et min\u00e9rales\r\nde pierre mouill\u00e9e. On reconna\u00eet tr\u00e8s vite les notes\r\nde zestes d\u2019agrumes comme le kumquat alors que le c\u00f4t\u00e9\r\nfloral fait appara\u00eetre des ar\u00f4mes de fleurs blanches fugaces\r\ntelles que l\u2019aub\u00e9pine.","label-bouche":"bouche","content_bouche":"Il est droit et fait preuve d\u2019une grande subtilit\u00e9. Son attaque\r\nvive prend ensuite la bouche sur la largeur. Ce vin pr\u00e9sente\r\nune tr\u00e8s belle profondeur et des ar\u00f4mes complexes\r\no\u00f9 l\u2019on retrouve ceux du nez ainsi que des notes Miell\u00e9es.\r\nEn finale une tr\u00e8s l\u00e9g\u00e8re pointe de \u00ab bel amer \u00bb est utile\r\n\u00e0 l\u2019\u00e9quilibre g\u00e9n\u00e9ral et repr\u00e9sente avec caract\u00e8re la marque\r\nde son terroir granitique.","cepages":"Sec\r\n\r\n2023","vinification":""},"yoast_head":"<!-- This site is optimized with the Yoast SEO plugin v19.10 - https:\/\/yoast.com\/wordpress\/plugins\/seo\/ -->\n<title>RIESLING - Sainte Joie - Producteur de Vins d&#039;alsace<\/title>\n<meta name=\"robots\" content=\"index, follow, max-snippet:-1, max-image-preview:large, max-video-preview:-1\" \/>\n<link rel=\"canonical\" href=\"https:\/\/saintejoie.com\/en\/product\/riesling\/\" \/>\n<meta property=\"og:locale\" content=\"en_GB\" \/>\n<meta property=\"og:type\" content=\"article\" \/>\n<meta property=\"og:title\" content=\"RIESLING - Sainte Joie - Producteur de Vins d&#039;alsace\" \/>\n<meta property=\"og:description\" content=\"Agriculture biologique Origine : France \/ Alsace Servir entre 10 et 14\u00b0C Potentiel de garde : 10 ans + ACCORDS Saveurs iod\u00e9es, d\u00e9licates, cr\u00e9m\u00e9es, onctueuses, r\u00f4ties, fum\u00e9es, naturelles, vinaigr\u00e9es, sucr\u00e9es-sal\u00e9es\" \/>\n<meta property=\"og:url\" content=\"https:\/\/saintejoie.com\/en\/product\/riesling\/\" \/>\n<meta property=\"og:site_name\" content=\"Sainte Joie - Producteur de Vins d&#039;alsace\" \/>\n<meta property=\"article:publisher\" content=\"https:\/\/www.facebook.com\/profile.php?id=100086574113006\" \/>\n<meta property=\"article:modified_time\" content=\"2026-01-27T09:16:13+00:00\" \/>\n<meta property=\"og:image\" content=\"https:\/\/saintejoie.com\/wp-content\/uploads\/2022\/10\/STJ-RIESLING-ALSACE-2020-home.jpg\" \/>\n\t<meta property=\"og:image:width\" content=\"869\" \/>\n\t<meta property=\"og:image:height\" content=\"1382\" \/>\n\t<meta property=\"og:image:type\" content=\"image\/jpeg\" \/>\n<meta name=\"twitter:card\" content=\"summary_large_image\" \/>\n<meta name=\"twitter:label1\" content=\"Estimated reading time\" \/>\n\t<meta name=\"twitter:data1\" content=\"1 minute\" \/>\n<script type=\"application\/ld+json\" class=\"yoast-schema-graph\">{\"@context\":\"https:\/\/schema.org\",\"@graph\":[{\"@type\":\"WebPage\",\"@id\":\"https:\/\/saintejoie.com\/produit\/riesling\/\",\"url\":\"https:\/\/saintejoie.com\/produit\/riesling\/\",\"name\":\"RIESLING - Sainte Joie - Producteur de Vins d&#039;alsace\",\"isPartOf\":{\"@id\":\"https:\/\/saintejoie.com\/#website\"},\"datePublished\":\"2022-10-04T09:21:32+00:00\",\"dateModified\":\"2026-01-27T09:16:13+00:00\",\"breadcrumb\":{\"@id\":\"https:\/\/saintejoie.com\/produit\/riesling\/#breadcrumb\"},\"inLanguage\":\"en-GB\",\"potentialAction\":[{\"@type\":\"ReadAction\",\"target\":[\"https:\/\/saintejoie.com\/produit\/riesling\/\"]}]},{\"@type\":\"BreadcrumbList\",\"@id\":\"https:\/\/saintejoie.com\/produit\/riesling\/#breadcrumb\",\"itemListElement\":[{\"@type\":\"ListItem\",\"position\":1,\"name\":\"Accueil\",\"item\":\"https:\/\/saintejoie.com\/\"},{\"@type\":\"ListItem\",\"position\":2,\"name\":\"Nos Vins d&rsquo;Alsace\",\"item\":\"https:\/\/saintejoie.com\/nos-vins-alsace\/\"},{\"@type\":\"ListItem\",\"position\":3,\"name\":\"RIESLING\"}]},{\"@type\":\"WebSite\",\"@id\":\"https:\/\/saintejoie.com\/#website\",\"url\":\"https:\/\/saintejoie.com\/\",\"name\":\"Sainte Joie - Producteur de Vins d&#039;alsace\",\"description\":\"Sainte Joie\",\"publisher\":{\"@id\":\"https:\/\/saintejoie.com\/#organization\"},\"potentialAction\":[{\"@type\":\"SearchAction\",\"target\":{\"@type\":\"EntryPoint\",\"urlTemplate\":\"https:\/\/saintejoie.com\/?s={search_term_string}\"},\"query-input\":\"required name=search_term_string\"}],\"inLanguage\":\"en-GB\"},{\"@type\":\"Organization\",\"@id\":\"https:\/\/saintejoie.com\/#organization\",\"name\":\"Sainte Joie - Producteur de Vins d&#039;alsace\",\"url\":\"https:\/\/saintejoie.com\/\",\"logo\":{\"@type\":\"ImageObject\",\"inLanguage\":\"en-GB\",\"@id\":\"https:\/\/saintejoie.com\/#\/schema\/logo\/image\/\",\"url\":\"https:\/\/i0.wp.com\/saintejoie.com\/wp-content\/uploads\/2022\/09\/LogoSainteJoie.png?fit=1181%2C472&ssl=1\",\"contentUrl\":\"https:\/\/i0.wp.com\/saintejoie.com\/wp-content\/uploads\/2022\/09\/LogoSainteJoie.png?fit=1181%2C472&ssl=1\",\"width\":1181,\"height\":472,\"caption\":\"Sainte Joie - Producteur de Vins d&#039;alsace\"},\"image\":{\"@id\":\"https:\/\/saintejoie.com\/#\/schema\/logo\/image\/\"},\"sameAs\":[\"https:\/\/www.linkedin.com\/company\/89213483\",\"https:\/\/www.facebook.com\/profile.php?id=100086574113006\"]}]}<\/script>\n<!-- \/ Yoast SEO plugin. -->","yoast_head_json":{"title":"RIESLING - Sainte Joie - Producteur de Vins d&#039;alsace","robots":{"index":"index","follow":"follow","max-snippet":"max-snippet:-1","max-image-preview":"max-image-preview:large","max-video-preview":"max-video-preview:-1"},"canonical":"https:\/\/saintejoie.com\/en\/product\/riesling\/","og_locale":"en_GB","og_type":"article","og_title":"RIESLING - Sainte Joie - Producteur de Vins d&#039;alsace","og_description":"Agriculture biologique Origine : France \/ Alsace Servir entre 10 et 14\u00b0C Potentiel de garde : 10 ans + ACCORDS Saveurs iod\u00e9es, d\u00e9licates, cr\u00e9m\u00e9es, onctueuses, r\u00f4ties, fum\u00e9es, naturelles, vinaigr\u00e9es, sucr\u00e9es-sal\u00e9es","og_url":"https:\/\/saintejoie.com\/en\/product\/riesling\/","og_site_name":"Sainte Joie - Producteur de Vins d&#039;alsace","article_publisher":"https:\/\/www.facebook.com\/profile.php?id=100086574113006","article_modified_time":"2026-01-27T09:16:13+00:00","og_image":[{"width":869,"height":1382,"url":"https:\/\/saintejoie.com\/wp-content\/uploads\/2022\/10\/STJ-RIESLING-ALSACE-2020-home.jpg","type":"image\/jpeg"}],"twitter_card":"summary_large_image","twitter_misc":{"Estimated reading time":"1 minute"},"schema":{"@context":"https:\/\/schema.org","@graph":[{"@type":"WebPage","@id":"https:\/\/saintejoie.com\/produit\/riesling\/","url":"https:\/\/saintejoie.com\/produit\/riesling\/","name":"RIESLING - Sainte Joie - Producteur de Vins d&#039;alsace","isPartOf":{"@id":"https:\/\/saintejoie.com\/#website"},"datePublished":"2022-10-04T09:21:32+00:00","dateModified":"2026-01-27T09:16:13+00:00","breadcrumb":{"@id":"https:\/\/saintejoie.com\/produit\/riesling\/#breadcrumb"},"inLanguage":"en-GB","potentialAction":[{"@type":"ReadAction","target":["https:\/\/saintejoie.com\/produit\/riesling\/"]}]},{"@type":"BreadcrumbList","@id":"https:\/\/saintejoie.com\/produit\/riesling\/#breadcrumb","itemListElement":[{"@type":"ListItem","position":1,"name":"Accueil","item":"https:\/\/saintejoie.com\/"},{"@type":"ListItem","position":2,"name":"Nos Vins d&rsquo;Alsace","item":"https:\/\/saintejoie.com\/nos-vins-alsace\/"},{"@type":"ListItem","position":3,"name":"RIESLING"}]},{"@type":"WebSite","@id":"https:\/\/saintejoie.com\/#website","url":"https:\/\/saintejoie.com\/","name":"Sainte Joie - Producteur de Vins d&#039;alsace","description":"Sainte Joie","publisher":{"@id":"https:\/\/saintejoie.com\/#organization"},"potentialAction":[{"@type":"SearchAction","target":{"@type":"EntryPoint","urlTemplate":"https:\/\/saintejoie.com\/?s={search_term_string}"},"query-input":"required name=search_term_string"}],"inLanguage":"en-GB"},{"@type":"Organization","@id":"https:\/\/saintejoie.com\/#organization","name":"Sainte Joie - Producteur de Vins d&#039;alsace","url":"https:\/\/saintejoie.com\/","logo":{"@type":"ImageObject","inLanguage":"en-GB","@id":"https:\/\/saintejoie.com\/#\/schema\/logo\/image\/","url":"https:\/\/i0.wp.com\/saintejoie.com\/wp-content\/uploads\/2022\/09\/LogoSainteJoie.png?fit=1181%2C472&ssl=1","contentUrl":"https:\/\/i0.wp.com\/saintejoie.com\/wp-content\/uploads\/2022\/09\/LogoSainteJoie.png?fit=1181%2C472&ssl=1","width":1181,"height":472,"caption":"Sainte Joie - Producteur de Vins d&#039;alsace"},"image":{"@id":"https:\/\/saintejoie.com\/#\/schema\/logo\/image\/"},"sameAs":["https:\/\/www.linkedin.com\/company\/89213483","https:\/\/www.facebook.com\/profile.php?id=100086574113006"]}]}},"_links":{"self":[{"href":"https:\/\/saintejoie.com\/en\/wp-json\/wp\/v2\/product\/1910","targetHints":{"allow":["GET"]}}],"collection":[{"href":"https:\/\/saintejoie.com\/en\/wp-json\/wp\/v2\/product"}],"about":[{"href":"https:\/\/saintejoie.com\/en\/wp-json\/wp\/v2\/types\/product"}],"replies":[{"embeddable":true,"href":"https:\/\/saintejoie.com\/en\/wp-json\/wp\/v2\/comments?post=1910"}],"version-history":[{"count":31,"href":"https:\/\/saintejoie.com\/en\/wp-json\/wp\/v2\/product\/1910\/revisions"}],"predecessor-version":[{"id":9458,"href":"https:\/\/saintejoie.com\/en\/wp-json\/wp\/v2\/product\/1910\/revisions\/9458"}],"wp:featuredmedia":[{"embeddable":true,"href":"https:\/\/saintejoie.com\/en\/wp-json\/wp\/v2\/media\/4104"}],"wp:attachment":[{"href":"https:\/\/saintejoie.com\/en\/wp-json\/wp\/v2\/media?parent=1910"}],"wp:term":[{"taxonomy":"product_cat","embeddable":true,"href":"https:\/\/saintejoie.com\/en\/wp-json\/wp\/v2\/product_cat?post=1910"},{"taxonomy":"product_tag","embeddable":true,"href":"https:\/\/saintejoie.com\/en\/wp-json\/wp\/v2\/product_tag?post=1910"}],"curies":[{"name":"wp","href":"https:\/\/api.w.org\/{rel}","templated":true}]}}