{"id":1915,"date":"2022-10-02T11:35:26","date_gmt":"2022-10-02T09:35:26","guid":{"rendered":"https:\/\/saintejoie.com\/?post_type=product&#038;p=1915"},"modified":"2026-01-27T10:17:27","modified_gmt":"2026-01-27T09:17:27","slug":"rose","status":"publish","type":"product","link":"https:\/\/saintejoie.com\/en\/product\/rose\/","title":{"rendered":"ROS\u00c9 2024"},"content":{"rendered":"<div data-elementor-type=\"product-post\" data-elementor-id=\"1915\" class=\"elementor elementor-1915\" data-elementor-post-type=\"product\">\n\t\t\t\t\t\t<section class=\"elementor-section elementor-top-section elementor-element elementor-element-5cee18db elementor-section-boxed elementor-section-height-default elementor-section-height-default\" data-id=\"5cee18db\" data-element_type=\"section\">\n\t\t\t\t\t\t<div class=\"elementor-container elementor-column-gap-default\">\n\t\t\t\t\t<div class=\"elementor-column elementor-col-100 elementor-top-column elementor-element elementor-element-59c9c5c2\" data-id=\"59c9c5c2\" data-element_type=\"column\">\n\t\t\t<div class=\"elementor-widget-wrap elementor-element-populated\">\n\t\t\t\t\t\t<div class=\"elementor-element elementor-element-a6de094 elementor-widget elementor-widget-text-editor\" data-id=\"a6de094\" data-element_type=\"widget\" data-widget_type=\"text-editor.default\">\n\t\t\t\t<div class=\"elementor-widget-container\">\n\t\t\t\t\t\t\t<p><b>Organic<br \/><\/b><span style=\"font-weight: 400;\">Origin : France \/ Provence \/ Coteaux varois<\/span><\/p><p><span style=\"font-weight: 400;\">Serve between 8 and 12\u00b0C<br \/><\/span><span style=\"font-weight: 400;\">Aging potential : up to 5 years<\/span><\/p><p><b>PAIRINGS<br \/><\/b><span style=\"font-weight: 400;\">Saveurs sal\u00e9es, grill\u00e9es, fum\u00e9es, \u00e9pic\u00e9es,<br \/><\/span><span style=\"font-weight: 400;\">d\u00e9licates, naturelles, iod\u00e9es, sucr\u00e9es\u2026<\/span><\/p>\t\t\t\t\t\t<\/div>\n\t\t\t\t<\/div>\n\t\t\t\t\t<\/div>\n\t\t<\/div>\n\t\t\t\t\t<\/div>\n\t\t<\/section>\n\t\t\t\t<\/div>","protected":false},"excerpt":{"rendered":"<p>Agriculture biologique Origine : France \/ Provence \/ Coteaux Varois Servir entre 8 et 12\u00b0C Potentiel de garde : jusqu\u2019\u00e0 5 ans ACCORDS Saveurs sal\u00e9es, grill\u00e9es, fum\u00e9es, \u00e9pic\u00e9es, d\u00e9licates, naturelles, iod\u00e9es, sucr\u00e9es\u2026<\/p>","protected":false},"featured_media":3819,"comment_status":"open","ping_status":"closed","template":"","meta":[],"product_cat":[58],"product_tag":[],"class_list":["post-1915","product","type-product","status-publish","has-post-thumbnail","hentry","product_cat-rose"],"acf":{"label-\u0153il":"\u0153il","content_oeil":"Robe p\u00eache claire, nacr\u00e9e et \u00e9clatante.\r\nLe vin est scintillant et limpide.","label-nez":"nez","content_nez":"Tr\u00e8s belle expression aromatique intense\r\ndomin\u00e9e par des notes vives de fruits frais exotiques,\r\nde p\u00eache, de fleurs blanches et d\u2019agrumes.","label-bouche":"bouche","content_bouche":"Franc, caressant et ample avec une juste acidit\u00e9 min\u00e9rale\r\nqui est rafra\u00eechissante. On retrouve des parfums fruit\u00e9s\r\ndu verger de la p\u00eache mais aussi les agrumes\r\ncomme le citron et le pomelos d\u00e9j\u00e0 d\u00e9cel\u00e9s au nez.\r\nOn note instantan\u00e9ment l\u2019\u00e9quilibre\r\nentre la maturit\u00e9 des ar\u00f4mes et la mise en valeur du fruit\u00e9.\r\nTr\u00e8s belle tension et sensation d\u00e9salt\u00e9rante.\r\nEn finale, il est vif et pur.\r\nL\u2019empreinte min\u00e9rale tr\u00e8s pr\u00e9sente associ\u00e9e\r\n\u00e0 cette acidit\u00e9 fine permet \u00e0 ce vin d\u2019atteindre\r\nune tr\u00e8s belle longueur.","cepages":"Grenache\r\n\r\nSyrah\r\n\r\nCinsault","vinification":""},"yoast_head":"<!-- This site is optimized with the Yoast SEO plugin v19.10 - https:\/\/yoast.com\/wordpress\/plugins\/seo\/ -->\n<title>ROS\u00c9 2024 - Sainte Joie - Producteur de Vins d&#039;alsace<\/title>\n<meta name=\"robots\" content=\"index, follow, max-snippet:-1, max-image-preview:large, max-video-preview:-1\" \/>\n<link rel=\"canonical\" href=\"https:\/\/saintejoie.com\/en\/product\/rose\/\" \/>\n<meta property=\"og:locale\" content=\"en_GB\" \/>\n<meta property=\"og:type\" content=\"article\" \/>\n<meta property=\"og:title\" content=\"ROS\u00c9 2024 - Sainte Joie - Producteur de Vins d&#039;alsace\" \/>\n<meta property=\"og:description\" content=\"Agriculture biologique Origine : France \/ Provence \/ Coteaux Varois Servir entre 8 et 12\u00b0C Potentiel de garde : jusqu\u2019\u00e0 5 ans ACCORDS Saveurs sal\u00e9es, grill\u00e9es, fum\u00e9es, \u00e9pic\u00e9es, d\u00e9licates, naturelles, iod\u00e9es, sucr\u00e9es\u2026\" \/>\n<meta property=\"og:url\" content=\"https:\/\/saintejoie.com\/en\/product\/rose\/\" \/>\n<meta property=\"og:site_name\" content=\"Sainte Joie - Producteur de Vins d&#039;alsace\" \/>\n<meta property=\"article:publisher\" content=\"https:\/\/www.facebook.com\/profile.php?id=100086574113006\" \/>\n<meta property=\"article:modified_time\" content=\"2026-01-27T09:17:27+00:00\" \/>\n<meta property=\"og:image\" content=\"https:\/\/saintejoie.com\/wp-content\/uploads\/2022\/10\/STJ-ROSE-ALSACE-home.jpg\" \/>\n\t<meta property=\"og:image:width\" content=\"869\" \/>\n\t<meta property=\"og:image:height\" content=\"1382\" \/>\n\t<meta property=\"og:image:type\" content=\"image\/jpeg\" \/>\n<meta name=\"twitter:card\" content=\"summary_large_image\" \/>\n<meta name=\"twitter:label1\" content=\"Estimated reading time\" \/>\n\t<meta name=\"twitter:data1\" content=\"1 minute\" \/>\n<script type=\"application\/ld+json\" class=\"yoast-schema-graph\">{\"@context\":\"https:\/\/schema.org\",\"@graph\":[{\"@type\":\"WebPage\",\"@id\":\"https:\/\/saintejoie.com\/produit\/rose\/\",\"url\":\"https:\/\/saintejoie.com\/produit\/rose\/\",\"name\":\"ROS\u00c9 2024 - Sainte Joie - Producteur de Vins d&#039;alsace\",\"isPartOf\":{\"@id\":\"https:\/\/saintejoie.com\/#website\"},\"datePublished\":\"2022-10-02T09:35:26+00:00\",\"dateModified\":\"2026-01-27T09:17:27+00:00\",\"breadcrumb\":{\"@id\":\"https:\/\/saintejoie.com\/produit\/rose\/#breadcrumb\"},\"inLanguage\":\"en-GB\",\"potentialAction\":[{\"@type\":\"ReadAction\",\"target\":[\"https:\/\/saintejoie.com\/produit\/rose\/\"]}]},{\"@type\":\"BreadcrumbList\",\"@id\":\"https:\/\/saintejoie.com\/produit\/rose\/#breadcrumb\",\"itemListElement\":[{\"@type\":\"ListItem\",\"position\":1,\"name\":\"Accueil\",\"item\":\"https:\/\/saintejoie.com\/\"},{\"@type\":\"ListItem\",\"position\":2,\"name\":\"Nos Vins d&rsquo;Alsace\",\"item\":\"https:\/\/saintejoie.com\/nos-vins-alsace\/\"},{\"@type\":\"ListItem\",\"position\":3,\"name\":\"ROS\u00c9 2024\"}]},{\"@type\":\"WebSite\",\"@id\":\"https:\/\/saintejoie.com\/#website\",\"url\":\"https:\/\/saintejoie.com\/\",\"name\":\"Sainte Joie - Producteur de Vins d&#039;alsace\",\"description\":\"Sainte Joie\",\"publisher\":{\"@id\":\"https:\/\/saintejoie.com\/#organization\"},\"potentialAction\":[{\"@type\":\"SearchAction\",\"target\":{\"@type\":\"EntryPoint\",\"urlTemplate\":\"https:\/\/saintejoie.com\/?s={search_term_string}\"},\"query-input\":\"required name=search_term_string\"}],\"inLanguage\":\"en-GB\"},{\"@type\":\"Organization\",\"@id\":\"https:\/\/saintejoie.com\/#organization\",\"name\":\"Sainte Joie - Producteur de Vins d&#039;alsace\",\"url\":\"https:\/\/saintejoie.com\/\",\"logo\":{\"@type\":\"ImageObject\",\"inLanguage\":\"en-GB\",\"@id\":\"https:\/\/saintejoie.com\/#\/schema\/logo\/image\/\",\"url\":\"https:\/\/i0.wp.com\/saintejoie.com\/wp-content\/uploads\/2022\/09\/LogoSainteJoie.png?fit=1181%2C472&ssl=1\",\"contentUrl\":\"https:\/\/i0.wp.com\/saintejoie.com\/wp-content\/uploads\/2022\/09\/LogoSainteJoie.png?fit=1181%2C472&ssl=1\",\"width\":1181,\"height\":472,\"caption\":\"Sainte Joie - Producteur de Vins d&#039;alsace\"},\"image\":{\"@id\":\"https:\/\/saintejoie.com\/#\/schema\/logo\/image\/\"},\"sameAs\":[\"https:\/\/www.linkedin.com\/company\/89213483\",\"https:\/\/www.facebook.com\/profile.php?id=100086574113006\"]}]}<\/script>\n<!-- \/ Yoast SEO plugin. -->","yoast_head_json":{"title":"ROS\u00c9 2024 - Sainte Joie - Producteur de Vins d&#039;alsace","robots":{"index":"index","follow":"follow","max-snippet":"max-snippet:-1","max-image-preview":"max-image-preview:large","max-video-preview":"max-video-preview:-1"},"canonical":"https:\/\/saintejoie.com\/en\/product\/rose\/","og_locale":"en_GB","og_type":"article","og_title":"ROS\u00c9 2024 - Sainte Joie - Producteur de Vins d&#039;alsace","og_description":"Agriculture biologique Origine : France \/ Provence \/ Coteaux Varois Servir entre 8 et 12\u00b0C Potentiel de garde : jusqu\u2019\u00e0 5 ans ACCORDS Saveurs sal\u00e9es, grill\u00e9es, fum\u00e9es, \u00e9pic\u00e9es, d\u00e9licates, naturelles, iod\u00e9es, sucr\u00e9es\u2026","og_url":"https:\/\/saintejoie.com\/en\/product\/rose\/","og_site_name":"Sainte Joie - Producteur de Vins d&#039;alsace","article_publisher":"https:\/\/www.facebook.com\/profile.php?id=100086574113006","article_modified_time":"2026-01-27T09:17:27+00:00","og_image":[{"width":869,"height":1382,"url":"https:\/\/saintejoie.com\/wp-content\/uploads\/2022\/10\/STJ-ROSE-ALSACE-home.jpg","type":"image\/jpeg"}],"twitter_card":"summary_large_image","twitter_misc":{"Estimated reading time":"1 minute"},"schema":{"@context":"https:\/\/schema.org","@graph":[{"@type":"WebPage","@id":"https:\/\/saintejoie.com\/produit\/rose\/","url":"https:\/\/saintejoie.com\/produit\/rose\/","name":"ROS\u00c9 2024 - Sainte Joie - Producteur de Vins d&#039;alsace","isPartOf":{"@id":"https:\/\/saintejoie.com\/#website"},"datePublished":"2022-10-02T09:35:26+00:00","dateModified":"2026-01-27T09:17:27+00:00","breadcrumb":{"@id":"https:\/\/saintejoie.com\/produit\/rose\/#breadcrumb"},"inLanguage":"en-GB","potentialAction":[{"@type":"ReadAction","target":["https:\/\/saintejoie.com\/produit\/rose\/"]}]},{"@type":"BreadcrumbList","@id":"https:\/\/saintejoie.com\/produit\/rose\/#breadcrumb","itemListElement":[{"@type":"ListItem","position":1,"name":"Accueil","item":"https:\/\/saintejoie.com\/"},{"@type":"ListItem","position":2,"name":"Nos Vins d&rsquo;Alsace","item":"https:\/\/saintejoie.com\/nos-vins-alsace\/"},{"@type":"ListItem","position":3,"name":"ROS\u00c9 2024"}]},{"@type":"WebSite","@id":"https:\/\/saintejoie.com\/#website","url":"https:\/\/saintejoie.com\/","name":"Sainte Joie - Producteur de Vins d&#039;alsace","description":"Sainte Joie","publisher":{"@id":"https:\/\/saintejoie.com\/#organization"},"potentialAction":[{"@type":"SearchAction","target":{"@type":"EntryPoint","urlTemplate":"https:\/\/saintejoie.com\/?s={search_term_string}"},"query-input":"required name=search_term_string"}],"inLanguage":"en-GB"},{"@type":"Organization","@id":"https:\/\/saintejoie.com\/#organization","name":"Sainte Joie - Producteur de Vins d&#039;alsace","url":"https:\/\/saintejoie.com\/","logo":{"@type":"ImageObject","inLanguage":"en-GB","@id":"https:\/\/saintejoie.com\/#\/schema\/logo\/image\/","url":"https:\/\/i0.wp.com\/saintejoie.com\/wp-content\/uploads\/2022\/09\/LogoSainteJoie.png?fit=1181%2C472&ssl=1","contentUrl":"https:\/\/i0.wp.com\/saintejoie.com\/wp-content\/uploads\/2022\/09\/LogoSainteJoie.png?fit=1181%2C472&ssl=1","width":1181,"height":472,"caption":"Sainte Joie - Producteur de Vins d&#039;alsace"},"image":{"@id":"https:\/\/saintejoie.com\/#\/schema\/logo\/image\/"},"sameAs":["https:\/\/www.linkedin.com\/company\/89213483","https:\/\/www.facebook.com\/profile.php?id=100086574113006"]}]}},"_links":{"self":[{"href":"https:\/\/saintejoie.com\/en\/wp-json\/wp\/v2\/product\/1915","targetHints":{"allow":["GET"]}}],"collection":[{"href":"https:\/\/saintejoie.com\/en\/wp-json\/wp\/v2\/product"}],"about":[{"href":"https:\/\/saintejoie.com\/en\/wp-json\/wp\/v2\/types\/product"}],"replies":[{"embeddable":true,"href":"https:\/\/saintejoie.com\/en\/wp-json\/wp\/v2\/comments?post=1915"}],"version-history":[{"count":21,"href":"https:\/\/saintejoie.com\/en\/wp-json\/wp\/v2\/product\/1915\/revisions"}],"predecessor-version":[{"id":11051,"href":"https:\/\/saintejoie.com\/en\/wp-json\/wp\/v2\/product\/1915\/revisions\/11051"}],"wp:featuredmedia":[{"embeddable":true,"href":"https:\/\/saintejoie.com\/en\/wp-json\/wp\/v2\/media\/3819"}],"wp:attachment":[{"href":"https:\/\/saintejoie.com\/en\/wp-json\/wp\/v2\/media?parent=1915"}],"wp:term":[{"taxonomy":"product_cat","embeddable":true,"href":"https:\/\/saintejoie.com\/en\/wp-json\/wp\/v2\/product_cat?post=1915"},{"taxonomy":"product_tag","embeddable":true,"href":"https:\/\/saintejoie.com\/en\/wp-json\/wp\/v2\/product_tag?post=1915"}],"curies":[{"name":"wp","href":"https:\/\/api.w.org\/{rel}","templated":true}]}}