{"id":1922,"date":"2022-10-04T12:50:08","date_gmt":"2022-10-04T10:50:08","guid":{"rendered":"https:\/\/saintejoie.com\/?post_type=product&#038;p=1922"},"modified":"2025-03-28T09:27:23","modified_gmt":"2025-03-28T08:27:23","slug":"cremant-alsace-brut","status":"publish","type":"product","link":"https:\/\/saintejoie.com\/en\/product\/cremant-alsace-brut\/","title":{"rendered":"CR\u00c9MANT D\u2019ALSACE BRUT"},"content":{"rendered":"<div data-elementor-type=\"product-post\" data-elementor-id=\"1922\" class=\"elementor elementor-1922\" data-elementor-post-type=\"product\">\n\t\t\t\t\t\t<section class=\"elementor-section elementor-top-section elementor-element elementor-element-7bb8c59c elementor-section-boxed elementor-section-height-default elementor-section-height-default\" data-id=\"7bb8c59c\" data-element_type=\"section\">\n\t\t\t\t\t\t<div class=\"elementor-container elementor-column-gap-default\">\n\t\t\t\t\t<div class=\"elementor-column elementor-col-100 elementor-top-column elementor-element elementor-element-2f4c4efa\" data-id=\"2f4c4efa\" data-element_type=\"column\">\n\t\t\t<div class=\"elementor-widget-wrap elementor-element-populated\">\n\t\t\t\t\t\t<div class=\"elementor-element elementor-element-5091dd70 elementor-widget elementor-widget-text-editor\" data-id=\"5091dd70\" data-element_type=\"widget\" data-widget_type=\"text-editor.default\">\n\t\t\t\t<div class=\"elementor-widget-container\">\n\t\t\t\t\t\t\t<b>Organic\r\n<\/b><b>Blend of 2\/3 of the 2016 vintage and 1\/3 of the vintages from 2012 to 2015\r\n<\/b><span style=\"font-weight: 400;\">Origin : France \/ Alsace\r\n<\/span><span style=\"font-weight: 400;\">Serve between 6 and 10\u00b0C<\/span>\r\n\r\n<span style=\"font-weight: 400;\">This \u00ab cr\u00e9mant \u00bb goes perfectly\r\n<\/span><span style=\"font-weight: 400;\">with to all flavors\r\n<\/span><span style=\"font-weight: 400;\">and all occasions.<\/span>\t\t\t\t\t\t<\/div>\n\t\t\t\t<\/div>\n\t\t\t\t\t<\/div>\n\t\t<\/div>\n\t\t\t\t\t<\/div>\n\t\t<\/section>\n\t\t\t\t<\/div>","protected":false},"excerpt":{"rendered":"<p>Agriculture biologique Assemblage \u00e0 2\/3 du mill\u00e9sime 2016 et 1\/3 des mill\u00e9simes de 2012 \u00e0 2015 Origine : France \/ Alsace Servir entre 6 et 10\u00b0C Ce cr\u00e9mant s\u2019accorde parfaitement \u00e0 toutes les saveurs et toutes les occasions.<\/p>","protected":false},"featured_media":3757,"comment_status":"open","ping_status":"closed","template":"","meta":[],"product_cat":[33],"product_tag":[],"class_list":["post-1922","product","type-product","status-publish","has-post-thumbnail","hentry","product_cat-cremants"],"acf":{"label-\u0153il":"\u0153il","content_oeil":"Le vin pr\u00e9sente une couleur jaune dor\u00e9 soutenue, il offre une tr\u00e8s belle profondeur, brillance et limpidit\u00e9. \r\nSa mousse est persistante et compacte en disparaissant, elle laisse la trace du cordon.\r\nSes bulles sont fines de taille homog\u00e8ne et se d\u00e9gagent avec r\u00e9gularit\u00e9 en formant des chemin\u00e9es.","label-nez":"nez","content_nez":"Il t\u00e9moigne d\u00e8s le d\u00e9part, d\u2019une grande intensit\u00e9 et d\u2019une belle maturit\u00e9 aromatique.\r\nOn trouve des notes de pain brioch\u00e9 et de beurre noisette.\r\nOn distingue ensuite des ar\u00f4mes dit tertiaires qui proviennent de l\u2019\u00e9volution comme la figue.","label-bouche":"bouche","content_bouche":"L\u2019attaque est franche et vive et laisse place \u00e0 un vin assagi qui a atteint sa pl\u00e9nitude. La mont\u00e9e en temp\u00e9rature du vin en bouche provoque alors l\u2019explosion aromatique et la perception de la densit\u00e9 du vin. La bouche est d\u00e9salt\u00e9rante. La bulle a acquis un c\u00f4t\u00e9 caressant qui contribue \u00e0 l\u2019\u00e9quilibre de l\u2019ensemble. La finale est longue et les parfums au palais reprennent les impressions olfactives.","cepages":"Chardonnay\r\n\r\nPinot noir\r\n\r\nPinot blanc","vinification":""},"yoast_head":"<!-- This site is optimized with the Yoast SEO plugin v19.10 - https:\/\/yoast.com\/wordpress\/plugins\/seo\/ -->\n<title>CR\u00c9MANT D\u2019ALSACE BRUT - Sainte Joie - Producteur de Vins d&#039;alsace<\/title>\n<meta name=\"robots\" content=\"index, follow, max-snippet:-1, max-image-preview:large, max-video-preview:-1\" \/>\n<link rel=\"canonical\" href=\"https:\/\/saintejoie.com\/en\/product\/cremant-alsace-brut\/\" \/>\n<meta property=\"og:locale\" content=\"en_GB\" \/>\n<meta property=\"og:type\" content=\"article\" \/>\n<meta property=\"og:title\" content=\"CR\u00c9MANT D\u2019ALSACE BRUT - Sainte Joie - Producteur de Vins d&#039;alsace\" \/>\n<meta property=\"og:description\" content=\"Agriculture biologique Assemblage \u00e0 2\/3 du mill\u00e9sime 2016 et 1\/3 des mill\u00e9simes de 2012 \u00e0 2015 Origine : France \/ Alsace Servir entre 6 et 10\u00b0C Ce cr\u00e9mant s\u2019accorde parfaitement \u00e0 toutes les saveurs et toutes les occasions.\" \/>\n<meta property=\"og:url\" content=\"https:\/\/saintejoie.com\/en\/product\/cremant-alsace-brut\/\" \/>\n<meta property=\"og:site_name\" content=\"Sainte Joie - Producteur de Vins d&#039;alsace\" \/>\n<meta property=\"article:publisher\" content=\"https:\/\/www.facebook.com\/profile.php?id=100086574113006\" \/>\n<meta property=\"article:modified_time\" content=\"2025-03-28T08:27:23+00:00\" \/>\n<meta property=\"og:image\" content=\"https:\/\/saintejoie.com\/wp-content\/uploads\/2022\/10\/STJ-CREMANT-BRUT-ALSACE-home.jpg\" \/>\n\t<meta property=\"og:image:width\" content=\"869\" \/>\n\t<meta property=\"og:image:height\" content=\"1382\" \/>\n\t<meta property=\"og:image:type\" content=\"image\/jpeg\" \/>\n<meta name=\"twitter:card\" content=\"summary_large_image\" \/>\n<meta name=\"twitter:label1\" content=\"Estimated reading time\" \/>\n\t<meta name=\"twitter:data1\" content=\"1 minute\" \/>\n<script type=\"application\/ld+json\" class=\"yoast-schema-graph\">{\"@context\":\"https:\/\/schema.org\",\"@graph\":[{\"@type\":\"WebPage\",\"@id\":\"https:\/\/saintejoie.com\/produit\/cremant-alsace-brut\/\",\"url\":\"https:\/\/saintejoie.com\/produit\/cremant-alsace-brut\/\",\"name\":\"CR\u00c9MANT D\u2019ALSACE BRUT - Sainte Joie - Producteur de Vins d&#039;alsace\",\"isPartOf\":{\"@id\":\"https:\/\/saintejoie.com\/#website\"},\"datePublished\":\"2022-10-04T10:50:08+00:00\",\"dateModified\":\"2025-03-28T08:27:23+00:00\",\"breadcrumb\":{\"@id\":\"https:\/\/saintejoie.com\/produit\/cremant-alsace-brut\/#breadcrumb\"},\"inLanguage\":\"en-GB\",\"potentialAction\":[{\"@type\":\"ReadAction\",\"target\":[\"https:\/\/saintejoie.com\/produit\/cremant-alsace-brut\/\"]}]},{\"@type\":\"BreadcrumbList\",\"@id\":\"https:\/\/saintejoie.com\/produit\/cremant-alsace-brut\/#breadcrumb\",\"itemListElement\":[{\"@type\":\"ListItem\",\"position\":1,\"name\":\"Accueil\",\"item\":\"https:\/\/saintejoie.com\/\"},{\"@type\":\"ListItem\",\"position\":2,\"name\":\"Nos Vins d&rsquo;Alsace\",\"item\":\"https:\/\/saintejoie.com\/nos-vins-alsace\/\"},{\"@type\":\"ListItem\",\"position\":3,\"name\":\"CR\u00c9MANT D\u2019ALSACE BRUT\"}]},{\"@type\":\"WebSite\",\"@id\":\"https:\/\/saintejoie.com\/#website\",\"url\":\"https:\/\/saintejoie.com\/\",\"name\":\"Sainte Joie - Producteur de Vins d&#039;alsace\",\"description\":\"Sainte Joie\",\"publisher\":{\"@id\":\"https:\/\/saintejoie.com\/#organization\"},\"potentialAction\":[{\"@type\":\"SearchAction\",\"target\":{\"@type\":\"EntryPoint\",\"urlTemplate\":\"https:\/\/saintejoie.com\/?s={search_term_string}\"},\"query-input\":\"required name=search_term_string\"}],\"inLanguage\":\"en-GB\"},{\"@type\":\"Organization\",\"@id\":\"https:\/\/saintejoie.com\/#organization\",\"name\":\"Sainte Joie - Producteur de Vins d&#039;alsace\",\"url\":\"https:\/\/saintejoie.com\/\",\"logo\":{\"@type\":\"ImageObject\",\"inLanguage\":\"en-GB\",\"@id\":\"https:\/\/saintejoie.com\/#\/schema\/logo\/image\/\",\"url\":\"https:\/\/i0.wp.com\/saintejoie.com\/wp-content\/uploads\/2022\/09\/LogoSainteJoie.png?fit=1181%2C472&ssl=1\",\"contentUrl\":\"https:\/\/i0.wp.com\/saintejoie.com\/wp-content\/uploads\/2022\/09\/LogoSainteJoie.png?fit=1181%2C472&ssl=1\",\"width\":1181,\"height\":472,\"caption\":\"Sainte Joie - Producteur de Vins d&#039;alsace\"},\"image\":{\"@id\":\"https:\/\/saintejoie.com\/#\/schema\/logo\/image\/\"},\"sameAs\":[\"https:\/\/www.linkedin.com\/company\/89213483\",\"https:\/\/www.facebook.com\/profile.php?id=100086574113006\"]}]}<\/script>\n<!-- \/ Yoast SEO plugin. -->","yoast_head_json":{"title":"CR\u00c9MANT D\u2019ALSACE BRUT - Sainte Joie - Producteur de Vins d&#039;alsace","robots":{"index":"index","follow":"follow","max-snippet":"max-snippet:-1","max-image-preview":"max-image-preview:large","max-video-preview":"max-video-preview:-1"},"canonical":"https:\/\/saintejoie.com\/en\/product\/cremant-alsace-brut\/","og_locale":"en_GB","og_type":"article","og_title":"CR\u00c9MANT D\u2019ALSACE BRUT - Sainte Joie - Producteur de Vins d&#039;alsace","og_description":"Agriculture biologique Assemblage \u00e0 2\/3 du mill\u00e9sime 2016 et 1\/3 des mill\u00e9simes de 2012 \u00e0 2015 Origine : France \/ Alsace Servir entre 6 et 10\u00b0C Ce cr\u00e9mant s\u2019accorde parfaitement \u00e0 toutes les saveurs et toutes les occasions.","og_url":"https:\/\/saintejoie.com\/en\/product\/cremant-alsace-brut\/","og_site_name":"Sainte Joie - Producteur de Vins d&#039;alsace","article_publisher":"https:\/\/www.facebook.com\/profile.php?id=100086574113006","article_modified_time":"2025-03-28T08:27:23+00:00","og_image":[{"width":869,"height":1382,"url":"https:\/\/saintejoie.com\/wp-content\/uploads\/2022\/10\/STJ-CREMANT-BRUT-ALSACE-home.jpg","type":"image\/jpeg"}],"twitter_card":"summary_large_image","twitter_misc":{"Estimated reading time":"1 minute"},"schema":{"@context":"https:\/\/schema.org","@graph":[{"@type":"WebPage","@id":"https:\/\/saintejoie.com\/produit\/cremant-alsace-brut\/","url":"https:\/\/saintejoie.com\/produit\/cremant-alsace-brut\/","name":"CR\u00c9MANT D\u2019ALSACE BRUT - Sainte Joie - Producteur de Vins d&#039;alsace","isPartOf":{"@id":"https:\/\/saintejoie.com\/#website"},"datePublished":"2022-10-04T10:50:08+00:00","dateModified":"2025-03-28T08:27:23+00:00","breadcrumb":{"@id":"https:\/\/saintejoie.com\/produit\/cremant-alsace-brut\/#breadcrumb"},"inLanguage":"en-GB","potentialAction":[{"@type":"ReadAction","target":["https:\/\/saintejoie.com\/produit\/cremant-alsace-brut\/"]}]},{"@type":"BreadcrumbList","@id":"https:\/\/saintejoie.com\/produit\/cremant-alsace-brut\/#breadcrumb","itemListElement":[{"@type":"ListItem","position":1,"name":"Accueil","item":"https:\/\/saintejoie.com\/"},{"@type":"ListItem","position":2,"name":"Nos Vins d&rsquo;Alsace","item":"https:\/\/saintejoie.com\/nos-vins-alsace\/"},{"@type":"ListItem","position":3,"name":"CR\u00c9MANT D\u2019ALSACE BRUT"}]},{"@type":"WebSite","@id":"https:\/\/saintejoie.com\/#website","url":"https:\/\/saintejoie.com\/","name":"Sainte Joie - Producteur de Vins d&#039;alsace","description":"Sainte Joie","publisher":{"@id":"https:\/\/saintejoie.com\/#organization"},"potentialAction":[{"@type":"SearchAction","target":{"@type":"EntryPoint","urlTemplate":"https:\/\/saintejoie.com\/?s={search_term_string}"},"query-input":"required name=search_term_string"}],"inLanguage":"en-GB"},{"@type":"Organization","@id":"https:\/\/saintejoie.com\/#organization","name":"Sainte Joie - Producteur de Vins d&#039;alsace","url":"https:\/\/saintejoie.com\/","logo":{"@type":"ImageObject","inLanguage":"en-GB","@id":"https:\/\/saintejoie.com\/#\/schema\/logo\/image\/","url":"https:\/\/i0.wp.com\/saintejoie.com\/wp-content\/uploads\/2022\/09\/LogoSainteJoie.png?fit=1181%2C472&ssl=1","contentUrl":"https:\/\/i0.wp.com\/saintejoie.com\/wp-content\/uploads\/2022\/09\/LogoSainteJoie.png?fit=1181%2C472&ssl=1","width":1181,"height":472,"caption":"Sainte Joie - Producteur de Vins d&#039;alsace"},"image":{"@id":"https:\/\/saintejoie.com\/#\/schema\/logo\/image\/"},"sameAs":["https:\/\/www.linkedin.com\/company\/89213483","https:\/\/www.facebook.com\/profile.php?id=100086574113006"]}]}},"_links":{"self":[{"href":"https:\/\/saintejoie.com\/en\/wp-json\/wp\/v2\/product\/1922","targetHints":{"allow":["GET"]}}],"collection":[{"href":"https:\/\/saintejoie.com\/en\/wp-json\/wp\/v2\/product"}],"about":[{"href":"https:\/\/saintejoie.com\/en\/wp-json\/wp\/v2\/types\/product"}],"replies":[{"embeddable":true,"href":"https:\/\/saintejoie.com\/en\/wp-json\/wp\/v2\/comments?post=1922"}],"version-history":[{"count":16,"href":"https:\/\/saintejoie.com\/en\/wp-json\/wp\/v2\/product\/1922\/revisions"}],"predecessor-version":[{"id":7932,"href":"https:\/\/saintejoie.com\/en\/wp-json\/wp\/v2\/product\/1922\/revisions\/7932"}],"wp:featuredmedia":[{"embeddable":true,"href":"https:\/\/saintejoie.com\/en\/wp-json\/wp\/v2\/media\/3757"}],"wp:attachment":[{"href":"https:\/\/saintejoie.com\/en\/wp-json\/wp\/v2\/media?parent=1922"}],"wp:term":[{"taxonomy":"product_cat","embeddable":true,"href":"https:\/\/saintejoie.com\/en\/wp-json\/wp\/v2\/product_cat?post=1922"},{"taxonomy":"product_tag","embeddable":true,"href":"https:\/\/saintejoie.com\/en\/wp-json\/wp\/v2\/product_tag?post=1922"}],"curies":[{"name":"wp","href":"https:\/\/api.w.org\/{rel}","templated":true}]}}