{"id":1926,"date":"2022-10-04T11:59:44","date_gmt":"2022-10-04T09:59:44","guid":{"rendered":"https:\/\/saintejoie.com\/?post_type=product&#038;p=1926"},"modified":"2025-04-25T19:25:53","modified_gmt":"2025-04-25T17:25:53","slug":"pinot-noir","status":"publish","type":"product","link":"https:\/\/saintejoie.com\/en\/product\/pinot-noir\/","title":{"rendered":"PINOT NOIR"},"content":{"rendered":"<div data-elementor-type=\"product-post\" data-elementor-id=\"1926\" class=\"elementor elementor-1926\" data-elementor-post-type=\"product\">\n\t\t\t\t\t\t<section class=\"elementor-section elementor-top-section elementor-element elementor-element-61898581 elementor-section-boxed elementor-section-height-default elementor-section-height-default\" data-id=\"61898581\" data-element_type=\"section\">\n\t\t\t\t\t\t<div class=\"elementor-container elementor-column-gap-default\">\n\t\t\t\t\t<div class=\"elementor-column elementor-col-100 elementor-top-column elementor-element elementor-element-614c040\" data-id=\"614c040\" data-element_type=\"column\">\n\t\t\t<div class=\"elementor-widget-wrap elementor-element-populated\">\n\t\t\t\t\t\t<div class=\"elementor-element elementor-element-518fbb69 elementor-widget elementor-widget-text-editor\" data-id=\"518fbb69\" data-element_type=\"widget\" data-widget_type=\"text-editor.default\">\n\t\t\t\t<div class=\"elementor-widget-container\">\n\t\t\t\t\t\t\t<span style=\"font-weight: 400;\">Origin : France \/ Alsace\r\n<\/span><span style=\"font-weight: 400;\">Serve between 12 and 16\u00b0C\r\n<\/span><span style=\"font-weight: 400;\">Aging potential : 15-20 years +<\/span>\r\n\r\n<b>PAIRINGS\r\n<\/b><span style=\"font-weight: 400;\">Grilled, smoked, rich, spicy flavors,\r\n<\/span><span style=\"font-weight: 400;\">sweet, roasted<\/span>\t\t\t\t\t\t<\/div>\n\t\t\t\t<\/div>\n\t\t\t\t\t<\/div>\n\t\t<\/div>\n\t\t\t\t\t<\/div>\n\t\t<\/section>\n\t\t\t\t<\/div>","protected":false},"excerpt":{"rendered":"<p>Origine : France \/ Alsace Servir entre 12 et 16\u00b0C Potentiel de garde : 15-20 ans + ACCORDS Saveurs grill\u00e9es, fum\u00e9es, riches, \u00e9pic\u00e9es, sucr\u00e9es, r\u00f4ties<\/p>","protected":false},"featured_media":4109,"comment_status":"open","ping_status":"closed","template":"","meta":[],"product_cat":[37],"product_tag":[],"class_list":["post-1926","product","type-product","status-publish","has-post-thumbnail","hentry","product_cat-pinot-noir"],"acf":{"label-\u0153il":"\u0153il","content_oeil":"De couleur rubis avec des reflets violac\u00e9es,\r\nsa robe est brillante. On note une bonne viscosit\u00e9\r\ndes larmes abondantes et r\u00e9guli\u00e8res.","label-nez":"nez","content_nez":"Tr\u00e8s aromatique, le nez est d\u2019abord domin\u00e9\r\npar des ar\u00f4mes de fruits noirs comme les cassis, les myrtilles,\r\nles cerises noires et les m\u00fbres. On trouve ensuite des notes\r\nd\u2019\u00e9pices douces comme la cannelle, la vanille\r\net des effluves torr\u00e9fi\u00e9es.","label-bouche":"bouche","content_bouche":"En bouche l\u2019attaque est ronde et suave et une impression\r\nde velout\u00e9 domine. On retrouve au palais les ar\u00f4mes\r\nd\u00e9j\u00e0 rep\u00e9r\u00e9es au nez et ceux de la m\u00fbre l\u2019emportent.\r\nDot\u00e9s de tanins souples et soyeux.\r\nFin et \u00e9l\u00e9gant, il a une tr\u00e8s longue persistance aromatique.\r\nEn finale on a des notes menthol\u00e9es, d\u2019eucalyptus\r\net de fruits confitur\u00e9s. Ce vin est d\u2019une grande complexit\u00e9.","cepages":"Sec\r\n\r\n2023","vinification":""},"yoast_head":"<!-- This site is optimized with the Yoast SEO plugin v19.10 - https:\/\/yoast.com\/wordpress\/plugins\/seo\/ -->\n<title>PINOT NOIR - Sainte Joie - Producteur de Vins d&#039;alsace<\/title>\n<meta name=\"robots\" content=\"index, follow, max-snippet:-1, max-image-preview:large, max-video-preview:-1\" \/>\n<link rel=\"canonical\" href=\"https:\/\/saintejoie.com\/en\/product\/pinot-noir\/\" \/>\n<meta property=\"og:locale\" content=\"en_GB\" \/>\n<meta property=\"og:type\" content=\"article\" \/>\n<meta property=\"og:title\" content=\"PINOT NOIR - Sainte Joie - Producteur de Vins d&#039;alsace\" \/>\n<meta property=\"og:description\" content=\"Origine : France \/ Alsace Servir entre 12 et 16\u00b0C Potentiel de garde : 15-20 ans + ACCORDS Saveurs grill\u00e9es, fum\u00e9es, riches, \u00e9pic\u00e9es, sucr\u00e9es, r\u00f4ties\" \/>\n<meta property=\"og:url\" content=\"https:\/\/saintejoie.com\/en\/product\/pinot-noir\/\" \/>\n<meta property=\"og:site_name\" content=\"Sainte Joie - Producteur de Vins d&#039;alsace\" \/>\n<meta property=\"article:publisher\" content=\"https:\/\/www.facebook.com\/profile.php?id=100086574113006\" \/>\n<meta property=\"article:modified_time\" content=\"2025-04-25T17:25:53+00:00\" \/>\n<meta property=\"og:image\" content=\"https:\/\/saintejoie.com\/wp-content\/uploads\/2022\/10\/STJ-PINOTNOIR-ALSACE-2019-home.jpg\" \/>\n\t<meta property=\"og:image:width\" content=\"869\" \/>\n\t<meta property=\"og:image:height\" content=\"1382\" \/>\n\t<meta property=\"og:image:type\" content=\"image\/jpeg\" \/>\n<meta name=\"twitter:card\" content=\"summary_large_image\" \/>\n<meta name=\"twitter:label1\" content=\"Estimated reading time\" \/>\n\t<meta name=\"twitter:data1\" content=\"1 minute\" \/>\n<script type=\"application\/ld+json\" class=\"yoast-schema-graph\">{\"@context\":\"https:\/\/schema.org\",\"@graph\":[{\"@type\":\"WebPage\",\"@id\":\"https:\/\/saintejoie.com\/produit\/pinot-noir\/\",\"url\":\"https:\/\/saintejoie.com\/produit\/pinot-noir\/\",\"name\":\"PINOT NOIR - Sainte Joie - Producteur de Vins d&#039;alsace\",\"isPartOf\":{\"@id\":\"https:\/\/saintejoie.com\/#website\"},\"datePublished\":\"2022-10-04T09:59:44+00:00\",\"dateModified\":\"2025-04-25T17:25:53+00:00\",\"breadcrumb\":{\"@id\":\"https:\/\/saintejoie.com\/produit\/pinot-noir\/#breadcrumb\"},\"inLanguage\":\"en-GB\",\"potentialAction\":[{\"@type\":\"ReadAction\",\"target\":[\"https:\/\/saintejoie.com\/produit\/pinot-noir\/\"]}]},{\"@type\":\"BreadcrumbList\",\"@id\":\"https:\/\/saintejoie.com\/produit\/pinot-noir\/#breadcrumb\",\"itemListElement\":[{\"@type\":\"ListItem\",\"position\":1,\"name\":\"Accueil\",\"item\":\"https:\/\/saintejoie.com\/\"},{\"@type\":\"ListItem\",\"position\":2,\"name\":\"Nos Vins d&rsquo;Alsace\",\"item\":\"https:\/\/saintejoie.com\/nos-vins-alsace\/\"},{\"@type\":\"ListItem\",\"position\":3,\"name\":\"PINOT NOIR\"}]},{\"@type\":\"WebSite\",\"@id\":\"https:\/\/saintejoie.com\/#website\",\"url\":\"https:\/\/saintejoie.com\/\",\"name\":\"Sainte Joie - Producteur de Vins d&#039;alsace\",\"description\":\"Sainte Joie\",\"publisher\":{\"@id\":\"https:\/\/saintejoie.com\/#organization\"},\"potentialAction\":[{\"@type\":\"SearchAction\",\"target\":{\"@type\":\"EntryPoint\",\"urlTemplate\":\"https:\/\/saintejoie.com\/?s={search_term_string}\"},\"query-input\":\"required name=search_term_string\"}],\"inLanguage\":\"en-GB\"},{\"@type\":\"Organization\",\"@id\":\"https:\/\/saintejoie.com\/#organization\",\"name\":\"Sainte Joie - Producteur de Vins d&#039;alsace\",\"url\":\"https:\/\/saintejoie.com\/\",\"logo\":{\"@type\":\"ImageObject\",\"inLanguage\":\"en-GB\",\"@id\":\"https:\/\/saintejoie.com\/#\/schema\/logo\/image\/\",\"url\":\"https:\/\/i0.wp.com\/saintejoie.com\/wp-content\/uploads\/2022\/09\/LogoSainteJoie.png?fit=1181%2C472&ssl=1\",\"contentUrl\":\"https:\/\/i0.wp.com\/saintejoie.com\/wp-content\/uploads\/2022\/09\/LogoSainteJoie.png?fit=1181%2C472&ssl=1\",\"width\":1181,\"height\":472,\"caption\":\"Sainte Joie - Producteur de Vins d&#039;alsace\"},\"image\":{\"@id\":\"https:\/\/saintejoie.com\/#\/schema\/logo\/image\/\"},\"sameAs\":[\"https:\/\/www.linkedin.com\/company\/89213483\",\"https:\/\/www.facebook.com\/profile.php?id=100086574113006\"]}]}<\/script>\n<!-- \/ Yoast SEO plugin. -->","yoast_head_json":{"title":"PINOT NOIR - Sainte Joie - Producteur de Vins d&#039;alsace","robots":{"index":"index","follow":"follow","max-snippet":"max-snippet:-1","max-image-preview":"max-image-preview:large","max-video-preview":"max-video-preview:-1"},"canonical":"https:\/\/saintejoie.com\/en\/product\/pinot-noir\/","og_locale":"en_GB","og_type":"article","og_title":"PINOT NOIR - Sainte Joie - Producteur de Vins d&#039;alsace","og_description":"Origine : France \/ Alsace Servir entre 12 et 16\u00b0C Potentiel de garde : 15-20 ans + ACCORDS Saveurs grill\u00e9es, fum\u00e9es, riches, \u00e9pic\u00e9es, sucr\u00e9es, r\u00f4ties","og_url":"https:\/\/saintejoie.com\/en\/product\/pinot-noir\/","og_site_name":"Sainte Joie - Producteur de Vins d&#039;alsace","article_publisher":"https:\/\/www.facebook.com\/profile.php?id=100086574113006","article_modified_time":"2025-04-25T17:25:53+00:00","og_image":[{"width":869,"height":1382,"url":"https:\/\/saintejoie.com\/wp-content\/uploads\/2022\/10\/STJ-PINOTNOIR-ALSACE-2019-home.jpg","type":"image\/jpeg"}],"twitter_card":"summary_large_image","twitter_misc":{"Estimated reading time":"1 minute"},"schema":{"@context":"https:\/\/schema.org","@graph":[{"@type":"WebPage","@id":"https:\/\/saintejoie.com\/produit\/pinot-noir\/","url":"https:\/\/saintejoie.com\/produit\/pinot-noir\/","name":"PINOT NOIR - Sainte Joie - Producteur de Vins d&#039;alsace","isPartOf":{"@id":"https:\/\/saintejoie.com\/#website"},"datePublished":"2022-10-04T09:59:44+00:00","dateModified":"2025-04-25T17:25:53+00:00","breadcrumb":{"@id":"https:\/\/saintejoie.com\/produit\/pinot-noir\/#breadcrumb"},"inLanguage":"en-GB","potentialAction":[{"@type":"ReadAction","target":["https:\/\/saintejoie.com\/produit\/pinot-noir\/"]}]},{"@type":"BreadcrumbList","@id":"https:\/\/saintejoie.com\/produit\/pinot-noir\/#breadcrumb","itemListElement":[{"@type":"ListItem","position":1,"name":"Accueil","item":"https:\/\/saintejoie.com\/"},{"@type":"ListItem","position":2,"name":"Nos Vins d&rsquo;Alsace","item":"https:\/\/saintejoie.com\/nos-vins-alsace\/"},{"@type":"ListItem","position":3,"name":"PINOT NOIR"}]},{"@type":"WebSite","@id":"https:\/\/saintejoie.com\/#website","url":"https:\/\/saintejoie.com\/","name":"Sainte Joie - Producteur de Vins d&#039;alsace","description":"Sainte Joie","publisher":{"@id":"https:\/\/saintejoie.com\/#organization"},"potentialAction":[{"@type":"SearchAction","target":{"@type":"EntryPoint","urlTemplate":"https:\/\/saintejoie.com\/?s={search_term_string}"},"query-input":"required name=search_term_string"}],"inLanguage":"en-GB"},{"@type":"Organization","@id":"https:\/\/saintejoie.com\/#organization","name":"Sainte Joie - Producteur de Vins d&#039;alsace","url":"https:\/\/saintejoie.com\/","logo":{"@type":"ImageObject","inLanguage":"en-GB","@id":"https:\/\/saintejoie.com\/#\/schema\/logo\/image\/","url":"https:\/\/i0.wp.com\/saintejoie.com\/wp-content\/uploads\/2022\/09\/LogoSainteJoie.png?fit=1181%2C472&ssl=1","contentUrl":"https:\/\/i0.wp.com\/saintejoie.com\/wp-content\/uploads\/2022\/09\/LogoSainteJoie.png?fit=1181%2C472&ssl=1","width":1181,"height":472,"caption":"Sainte Joie - Producteur de Vins d&#039;alsace"},"image":{"@id":"https:\/\/saintejoie.com\/#\/schema\/logo\/image\/"},"sameAs":["https:\/\/www.linkedin.com\/company\/89213483","https:\/\/www.facebook.com\/profile.php?id=100086574113006"]}]}},"_links":{"self":[{"href":"https:\/\/saintejoie.com\/en\/wp-json\/wp\/v2\/product\/1926","targetHints":{"allow":["GET"]}}],"collection":[{"href":"https:\/\/saintejoie.com\/en\/wp-json\/wp\/v2\/product"}],"about":[{"href":"https:\/\/saintejoie.com\/en\/wp-json\/wp\/v2\/types\/product"}],"replies":[{"embeddable":true,"href":"https:\/\/saintejoie.com\/en\/wp-json\/wp\/v2\/comments?post=1926"}],"version-history":[{"count":21,"href":"https:\/\/saintejoie.com\/en\/wp-json\/wp\/v2\/product\/1926\/revisions"}],"predecessor-version":[{"id":9457,"href":"https:\/\/saintejoie.com\/en\/wp-json\/wp\/v2\/product\/1926\/revisions\/9457"}],"wp:featuredmedia":[{"embeddable":true,"href":"https:\/\/saintejoie.com\/en\/wp-json\/wp\/v2\/media\/4109"}],"wp:attachment":[{"href":"https:\/\/saintejoie.com\/en\/wp-json\/wp\/v2\/media?parent=1926"}],"wp:term":[{"taxonomy":"product_cat","embeddable":true,"href":"https:\/\/saintejoie.com\/en\/wp-json\/wp\/v2\/product_cat?post=1926"},{"taxonomy":"product_tag","embeddable":true,"href":"https:\/\/saintejoie.com\/en\/wp-json\/wp\/v2\/product_tag?post=1926"}],"curies":[{"name":"wp","href":"https:\/\/api.w.org\/{rel}","templated":true}]}}