{"id":2509,"date":"2022-10-07T19:53:55","date_gmt":"2022-10-07T17:53:55","guid":{"rendered":"https:\/\/saintejoie.com\/?post_type=product&#038;p=2509"},"modified":"2026-01-27T10:16:48","modified_gmt":"2026-01-27T09:16:48","slug":"cremant-alsace-brut-nature","status":"publish","type":"product","link":"https:\/\/saintejoie.com\/en\/product\/cremant-alsace-brut-nature\/","title":{"rendered":"CR\u00c9MANT D\u2019ALSACE BRUT NATURE"},"content":{"rendered":"<div data-elementor-type=\"product-post\" data-elementor-id=\"2509\" class=\"elementor elementor-2509\" data-elementor-post-type=\"product\">\n\t\t\t\t\t\t<section class=\"elementor-section elementor-top-section elementor-element elementor-element-44a5c8ee elementor-section-boxed elementor-section-height-default elementor-section-height-default\" data-id=\"44a5c8ee\" data-element_type=\"section\">\n\t\t\t\t\t\t<div class=\"elementor-container elementor-column-gap-default\">\n\t\t\t\t\t<div class=\"elementor-column elementor-col-100 elementor-top-column elementor-element elementor-element-47900fe5\" data-id=\"47900fe5\" data-element_type=\"column\">\n\t\t\t<div class=\"elementor-widget-wrap elementor-element-populated\">\n\t\t\t\t\t\t<div class=\"elementor-element elementor-element-7c550b03 elementor-widget elementor-widget-text-editor\" data-id=\"7c550b03\" data-element_type=\"widget\" data-widget_type=\"text-editor.default\">\n\t\t\t\t<div class=\"elementor-widget-container\">\n\t\t\t\t\t\t\t<b>Organic\r\n<\/b><span style=\"font-weight: 400;\">Origin : France \/ Alsace\r\n<\/span><span style=\"font-weight: 400;\">Serve between 6 and 10\u00b0C<\/span>\r\n\r\n<span style=\"font-weight: 400;\">This \u00ab cr\u00e9mant \u00bb goes perfectly\r\n<\/span><span style=\"font-weight: 400;\">with to all flavors\r\n<\/span><span style=\"font-weight: 400;\">and all occasions.<\/span>\t\t\t\t\t\t<\/div>\n\t\t\t\t<\/div>\n\t\t\t\t\t<\/div>\n\t\t<\/div>\n\t\t\t\t\t<\/div>\n\t\t<\/section>\n\t\t\t\t<\/div>","protected":false},"excerpt":{"rendered":"<p>Agriculture biologique Origine : France \/ Alsace Servir entre 6 et 10\u00b0C Ce cr\u00e9mant s\u2019accorde parfaitement \u00e0 toutes les saveurs et toutes les occasions.<\/p>","protected":false},"featured_media":3761,"comment_status":"open","ping_status":"closed","template":"","meta":[],"product_cat":[33],"product_tag":[],"class_list":["post-2509","product","type-product","status-publish","has-post-thumbnail","hentry","product_cat-cremants"],"acf":{"label-\u0153il":"\u0153il","content_oeil":"De couleur jaune p\u00e2le avec des reflets verts.\r\nLe vin est limpide et brillant et pr\u00e9sente un train de bulles important.","label-nez":"nez","content_nez":"Il est plut\u00f4t expressif, dot\u00e9 d\u2019une belle intensit\u00e9, mais sans exub\u00e9rance. Il laisse exprimer des notes florales telles que la verveine puis des notes d\u2019agrumes et de pamplemousse en particulier.","label-bouche":"bouche","content_bouche":"C\u2019est le caract\u00e8re fruit\u00e9 qui domine au palais.\r\nA\u00e9rien et fluide, le vin ne souffre d\u2019aucune lourdeur.\r\nL\u2019attaque est vive et le milieu de bouche est ample.\r\nLa tension du vin et sa salinit\u00e9 pr\u00e9sentent des qualit\u00e9s d\u00e9salt\u00e9rantes tr\u00e8s agr\u00e9ables. Son acidit\u00e9 est structurante et traduit un tr\u00e8s bel \u00e9quilibre g\u00e9n\u00e9ral.","cepages":"Pinot noir\r\n\r\nPinot blanc\r\n\r\nAuxerrois","vinification":""},"yoast_head":"<!-- This site is optimized with the Yoast SEO plugin v19.10 - https:\/\/yoast.com\/wordpress\/plugins\/seo\/ -->\n<title>CR\u00c9MANT D\u2019ALSACE BRUT NATURE - Sainte Joie - Producteur de Vins d&#039;alsace<\/title>\n<meta name=\"robots\" content=\"index, follow, max-snippet:-1, max-image-preview:large, max-video-preview:-1\" \/>\n<link rel=\"canonical\" href=\"https:\/\/saintejoie.com\/en\/product\/cremant-alsace-brut-nature\/\" \/>\n<meta property=\"og:locale\" content=\"en_GB\" \/>\n<meta property=\"og:type\" content=\"article\" \/>\n<meta property=\"og:title\" content=\"CR\u00c9MANT D\u2019ALSACE BRUT NATURE - Sainte Joie - Producteur de Vins d&#039;alsace\" \/>\n<meta property=\"og:description\" content=\"Agriculture biologique Origine : France \/ Alsace Servir entre 6 et 10\u00b0C Ce cr\u00e9mant s\u2019accorde parfaitement \u00e0 toutes les saveurs et toutes les occasions.\" \/>\n<meta property=\"og:url\" content=\"https:\/\/saintejoie.com\/en\/product\/cremant-alsace-brut-nature\/\" \/>\n<meta property=\"og:site_name\" content=\"Sainte Joie - Producteur de Vins d&#039;alsace\" \/>\n<meta property=\"article:publisher\" content=\"https:\/\/www.facebook.com\/profile.php?id=100086574113006\" \/>\n<meta property=\"article:modified_time\" content=\"2026-01-27T09:16:48+00:00\" \/>\n<meta property=\"og:image\" content=\"https:\/\/saintejoie.com\/wp-content\/uploads\/2022\/10\/STJ-CREMANT-BRUTNATURE-ALSACE-home.jpg\" \/>\n\t<meta property=\"og:image:width\" content=\"869\" \/>\n\t<meta property=\"og:image:height\" content=\"1382\" \/>\n\t<meta property=\"og:image:type\" content=\"image\/jpeg\" \/>\n<meta name=\"twitter:card\" content=\"summary_large_image\" \/>\n<meta name=\"twitter:label1\" content=\"Estimated reading time\" \/>\n\t<meta name=\"twitter:data1\" content=\"1 minute\" \/>\n<script type=\"application\/ld+json\" class=\"yoast-schema-graph\">{\"@context\":\"https:\/\/schema.org\",\"@graph\":[{\"@type\":\"WebPage\",\"@id\":\"https:\/\/saintejoie.com\/produit\/cremant-alsace-brut-nature\/\",\"url\":\"https:\/\/saintejoie.com\/produit\/cremant-alsace-brut-nature\/\",\"name\":\"CR\u00c9MANT D\u2019ALSACE BRUT NATURE - Sainte Joie - Producteur de Vins d&#039;alsace\",\"isPartOf\":{\"@id\":\"https:\/\/saintejoie.com\/#website\"},\"datePublished\":\"2022-10-07T17:53:55+00:00\",\"dateModified\":\"2026-01-27T09:16:48+00:00\",\"breadcrumb\":{\"@id\":\"https:\/\/saintejoie.com\/produit\/cremant-alsace-brut-nature\/#breadcrumb\"},\"inLanguage\":\"en-GB\",\"potentialAction\":[{\"@type\":\"ReadAction\",\"target\":[\"https:\/\/saintejoie.com\/produit\/cremant-alsace-brut-nature\/\"]}]},{\"@type\":\"BreadcrumbList\",\"@id\":\"https:\/\/saintejoie.com\/produit\/cremant-alsace-brut-nature\/#breadcrumb\",\"itemListElement\":[{\"@type\":\"ListItem\",\"position\":1,\"name\":\"Accueil\",\"item\":\"https:\/\/saintejoie.com\/\"},{\"@type\":\"ListItem\",\"position\":2,\"name\":\"Nos Vins d&rsquo;Alsace\",\"item\":\"https:\/\/saintejoie.com\/nos-vins-alsace\/\"},{\"@type\":\"ListItem\",\"position\":3,\"name\":\"CR\u00c9MANT D\u2019ALSACE BRUT NATURE\"}]},{\"@type\":\"WebSite\",\"@id\":\"https:\/\/saintejoie.com\/#website\",\"url\":\"https:\/\/saintejoie.com\/\",\"name\":\"Sainte Joie - Producteur de Vins d&#039;alsace\",\"description\":\"Sainte Joie\",\"publisher\":{\"@id\":\"https:\/\/saintejoie.com\/#organization\"},\"potentialAction\":[{\"@type\":\"SearchAction\",\"target\":{\"@type\":\"EntryPoint\",\"urlTemplate\":\"https:\/\/saintejoie.com\/?s={search_term_string}\"},\"query-input\":\"required name=search_term_string\"}],\"inLanguage\":\"en-GB\"},{\"@type\":\"Organization\",\"@id\":\"https:\/\/saintejoie.com\/#organization\",\"name\":\"Sainte Joie - Producteur de Vins d&#039;alsace\",\"url\":\"https:\/\/saintejoie.com\/\",\"logo\":{\"@type\":\"ImageObject\",\"inLanguage\":\"en-GB\",\"@id\":\"https:\/\/saintejoie.com\/#\/schema\/logo\/image\/\",\"url\":\"https:\/\/i0.wp.com\/saintejoie.com\/wp-content\/uploads\/2022\/09\/LogoSainteJoie.png?fit=1181%2C472&ssl=1\",\"contentUrl\":\"https:\/\/i0.wp.com\/saintejoie.com\/wp-content\/uploads\/2022\/09\/LogoSainteJoie.png?fit=1181%2C472&ssl=1\",\"width\":1181,\"height\":472,\"caption\":\"Sainte Joie - Producteur de Vins d&#039;alsace\"},\"image\":{\"@id\":\"https:\/\/saintejoie.com\/#\/schema\/logo\/image\/\"},\"sameAs\":[\"https:\/\/www.linkedin.com\/company\/89213483\",\"https:\/\/www.facebook.com\/profile.php?id=100086574113006\"]}]}<\/script>\n<!-- \/ Yoast SEO plugin. -->","yoast_head_json":{"title":"CR\u00c9MANT D\u2019ALSACE BRUT NATURE - Sainte Joie - Producteur de Vins d&#039;alsace","robots":{"index":"index","follow":"follow","max-snippet":"max-snippet:-1","max-image-preview":"max-image-preview:large","max-video-preview":"max-video-preview:-1"},"canonical":"https:\/\/saintejoie.com\/en\/product\/cremant-alsace-brut-nature\/","og_locale":"en_GB","og_type":"article","og_title":"CR\u00c9MANT D\u2019ALSACE BRUT NATURE - Sainte Joie - Producteur de Vins d&#039;alsace","og_description":"Agriculture biologique Origine : France \/ Alsace Servir entre 6 et 10\u00b0C Ce cr\u00e9mant s\u2019accorde parfaitement \u00e0 toutes les saveurs et toutes les occasions.","og_url":"https:\/\/saintejoie.com\/en\/product\/cremant-alsace-brut-nature\/","og_site_name":"Sainte Joie - Producteur de Vins d&#039;alsace","article_publisher":"https:\/\/www.facebook.com\/profile.php?id=100086574113006","article_modified_time":"2026-01-27T09:16:48+00:00","og_image":[{"width":869,"height":1382,"url":"https:\/\/saintejoie.com\/wp-content\/uploads\/2022\/10\/STJ-CREMANT-BRUTNATURE-ALSACE-home.jpg","type":"image\/jpeg"}],"twitter_card":"summary_large_image","twitter_misc":{"Estimated reading time":"1 minute"},"schema":{"@context":"https:\/\/schema.org","@graph":[{"@type":"WebPage","@id":"https:\/\/saintejoie.com\/produit\/cremant-alsace-brut-nature\/","url":"https:\/\/saintejoie.com\/produit\/cremant-alsace-brut-nature\/","name":"CR\u00c9MANT D\u2019ALSACE BRUT NATURE - Sainte Joie - Producteur de Vins d&#039;alsace","isPartOf":{"@id":"https:\/\/saintejoie.com\/#website"},"datePublished":"2022-10-07T17:53:55+00:00","dateModified":"2026-01-27T09:16:48+00:00","breadcrumb":{"@id":"https:\/\/saintejoie.com\/produit\/cremant-alsace-brut-nature\/#breadcrumb"},"inLanguage":"en-GB","potentialAction":[{"@type":"ReadAction","target":["https:\/\/saintejoie.com\/produit\/cremant-alsace-brut-nature\/"]}]},{"@type":"BreadcrumbList","@id":"https:\/\/saintejoie.com\/produit\/cremant-alsace-brut-nature\/#breadcrumb","itemListElement":[{"@type":"ListItem","position":1,"name":"Accueil","item":"https:\/\/saintejoie.com\/"},{"@type":"ListItem","position":2,"name":"Nos Vins d&rsquo;Alsace","item":"https:\/\/saintejoie.com\/nos-vins-alsace\/"},{"@type":"ListItem","position":3,"name":"CR\u00c9MANT D\u2019ALSACE BRUT NATURE"}]},{"@type":"WebSite","@id":"https:\/\/saintejoie.com\/#website","url":"https:\/\/saintejoie.com\/","name":"Sainte Joie - Producteur de Vins d&#039;alsace","description":"Sainte Joie","publisher":{"@id":"https:\/\/saintejoie.com\/#organization"},"potentialAction":[{"@type":"SearchAction","target":{"@type":"EntryPoint","urlTemplate":"https:\/\/saintejoie.com\/?s={search_term_string}"},"query-input":"required name=search_term_string"}],"inLanguage":"en-GB"},{"@type":"Organization","@id":"https:\/\/saintejoie.com\/#organization","name":"Sainte Joie - Producteur de Vins d&#039;alsace","url":"https:\/\/saintejoie.com\/","logo":{"@type":"ImageObject","inLanguage":"en-GB","@id":"https:\/\/saintejoie.com\/#\/schema\/logo\/image\/","url":"https:\/\/i0.wp.com\/saintejoie.com\/wp-content\/uploads\/2022\/09\/LogoSainteJoie.png?fit=1181%2C472&ssl=1","contentUrl":"https:\/\/i0.wp.com\/saintejoie.com\/wp-content\/uploads\/2022\/09\/LogoSainteJoie.png?fit=1181%2C472&ssl=1","width":1181,"height":472,"caption":"Sainte Joie - Producteur de Vins d&#039;alsace"},"image":{"@id":"https:\/\/saintejoie.com\/#\/schema\/logo\/image\/"},"sameAs":["https:\/\/www.linkedin.com\/company\/89213483","https:\/\/www.facebook.com\/profile.php?id=100086574113006"]}]}},"_links":{"self":[{"href":"https:\/\/saintejoie.com\/en\/wp-json\/wp\/v2\/product\/2509","targetHints":{"allow":["GET"]}}],"collection":[{"href":"https:\/\/saintejoie.com\/en\/wp-json\/wp\/v2\/product"}],"about":[{"href":"https:\/\/saintejoie.com\/en\/wp-json\/wp\/v2\/types\/product"}],"replies":[{"embeddable":true,"href":"https:\/\/saintejoie.com\/en\/wp-json\/wp\/v2\/comments?post=2509"}],"version-history":[{"count":22,"href":"https:\/\/saintejoie.com\/en\/wp-json\/wp\/v2\/product\/2509\/revisions"}],"predecessor-version":[{"id":8499,"href":"https:\/\/saintejoie.com\/en\/wp-json\/wp\/v2\/product\/2509\/revisions\/8499"}],"wp:featuredmedia":[{"embeddable":true,"href":"https:\/\/saintejoie.com\/en\/wp-json\/wp\/v2\/media\/3761"}],"wp:attachment":[{"href":"https:\/\/saintejoie.com\/en\/wp-json\/wp\/v2\/media?parent=2509"}],"wp:term":[{"taxonomy":"product_cat","embeddable":true,"href":"https:\/\/saintejoie.com\/en\/wp-json\/wp\/v2\/product_cat?post=2509"},{"taxonomy":"product_tag","embeddable":true,"href":"https:\/\/saintejoie.com\/en\/wp-json\/wp\/v2\/product_tag?post=2509"}],"curies":[{"name":"wp","href":"https:\/\/api.w.org\/{rel}","templated":true}]}}