{"id":4124,"date":"2022-10-03T20:09:05","date_gmt":"2022-10-03T18:09:05","guid":{"rendered":"https:\/\/saintejoie.com\/?post_type=product&#038;p=4124"},"modified":"2025-04-25T19:26:29","modified_gmt":"2025-04-25T17:26:29","slug":"champagne","status":"publish","type":"product","link":"https:\/\/saintejoie.com\/en\/product\/champagne\/","title":{"rendered":"CHAMPAGNE"},"content":{"rendered":"<div data-elementor-type=\"product-post\" data-elementor-id=\"4124\" class=\"elementor elementor-4124\" data-elementor-post-type=\"product\">\n\t\t\t\t\t\t<section class=\"elementor-section elementor-top-section elementor-element elementor-element-308bf73c elementor-section-boxed elementor-section-height-default elementor-section-height-default\" data-id=\"308bf73c\" data-element_type=\"section\">\n\t\t\t\t\t\t<div class=\"elementor-container elementor-column-gap-default\">\n\t\t\t\t\t<div class=\"elementor-column elementor-col-100 elementor-top-column elementor-element elementor-element-686d7b2\" data-id=\"686d7b2\" data-element_type=\"column\">\n\t\t\t<div class=\"elementor-widget-wrap\">\n\t\t\t\t\t\t\t<\/div>\n\t\t<\/div>\n\t\t\t\t\t<\/div>\n\t\t<\/section>\n\t\t\t\t<section class=\"elementor-section elementor-top-section elementor-element elementor-element-a9d1ddf elementor-section-boxed elementor-section-height-default elementor-section-height-default\" data-id=\"a9d1ddf\" data-element_type=\"section\">\n\t\t\t\t\t\t<div class=\"elementor-container elementor-column-gap-default\">\n\t\t\t\t\t<div class=\"elementor-column elementor-col-100 elementor-top-column elementor-element elementor-element-1fd74b6\" data-id=\"1fd74b6\" data-element_type=\"column\">\n\t\t\t<div class=\"elementor-widget-wrap elementor-element-populated\">\n\t\t\t\t\t\t<div class=\"elementor-element elementor-element-e777cea elementor-widget elementor-widget-text-editor\" data-id=\"e777cea\" data-element_type=\"widget\" data-widget_type=\"text-editor.default\">\n\t\t\t\t<div class=\"elementor-widget-container\">\n\t\t\t\t\t\t\t<p><span style=\"font-weight: 400;\">Origine : France \/ Champagne<br \/><\/span><span style=\"font-weight: 400;\">Serve between 6 and 10\u00b0C<\/span><\/p><p><span style=\"font-weight: 400;\">This Champagne goes perfectly<br \/><\/span><span style=\"font-weight: 400;\">with to all flavors<br \/><\/span><span style=\"font-weight: 400;\">and all occasions.<\/span><\/p>\t\t\t\t\t\t<\/div>\n\t\t\t\t<\/div>\n\t\t\t\t\t<\/div>\n\t\t<\/div>\n\t\t\t\t\t<\/div>\n\t\t<\/section>\n\t\t\t\t<\/div>","protected":false},"excerpt":{"rendered":"<p>Origine : France \/ Champagne Servir entre 6 et 10\u00b0C Ce Champagne s\u2019accorde parfaitement \u00e0 toutes les saveurs et toutes les occasions.<\/p>","protected":false},"featured_media":4142,"comment_status":"open","ping_status":"closed","template":"","meta":[],"product_cat":[68],"product_tag":[],"class_list":["post-4124","product","type-product","status-publish","has-post-thumbnail","hentry","product_cat-champagne"],"acf":{"label-\u0153il":"\u0153il","content_oeil":"La robe est jaune or dor\u00e9 et  pr\u00e9sente des reflets verts. La bulle est fine, de taille homog\u00e8ne et r\u00e9guli\u00e8re. Le train de bulle est harmonieux et persistant.\r\n","label-nez":"nez","content_nez":"Le nez est a\u00e9rien et plein de fra\u00eecheur. On trouve des ar\u00f4mes de fruits du verger comme la pomme et la poire. Des notes  toast\u00e9es sont \u00e0 d\u00e9couvrir en filigrane et li\u00e9es \u00e0 la pr\u00e9sence du chardonnay.","label-bouche":"bouche","content_bouche":"L\u2019attaque est franche et le chardonnay apporte une belle fra\u00eecheur qui laisse exprimer les caract\u00e9ristiques d\u00e9salt\u00e9rantes tr\u00e8s agr\u00e9ables du vin. Le rapport entre l\u2019alcool et l\u2019acidit\u00e9 est tr\u00e8s r\u00e9ussit faisant de ce vin une r\u00e9f\u00e9rence \u00e9l\u00e9gante et \u00e9quilibr\u00e9e. Les saveurs reprennent les impressions olfactives tout en permettant une belle longueur.","cepages":"Chardonnay\r\n\r\nPinot noir\r\n","vinification":""},"yoast_head":"<!-- This site is optimized with the Yoast SEO plugin v19.10 - https:\/\/yoast.com\/wordpress\/plugins\/seo\/ -->\n<title>CHAMPAGNE - Sainte Joie - Producteur de Vins d&#039;alsace<\/title>\n<meta name=\"robots\" content=\"index, follow, max-snippet:-1, max-image-preview:large, max-video-preview:-1\" \/>\n<link rel=\"canonical\" href=\"https:\/\/saintejoie.com\/en\/product\/champagne\/\" \/>\n<meta property=\"og:locale\" content=\"en_GB\" \/>\n<meta property=\"og:type\" content=\"article\" \/>\n<meta property=\"og:title\" content=\"CHAMPAGNE - Sainte Joie - Producteur de Vins d&#039;alsace\" \/>\n<meta property=\"og:description\" content=\"Origine : France \/ Champagne Servir entre 6 et 10\u00b0C Ce Champagne s\u2019accorde parfaitement \u00e0 toutes les saveurs et toutes les occasions.\" \/>\n<meta property=\"og:url\" content=\"https:\/\/saintejoie.com\/en\/product\/champagne\/\" \/>\n<meta property=\"og:site_name\" content=\"Sainte Joie - Producteur de Vins d&#039;alsace\" \/>\n<meta property=\"article:publisher\" content=\"https:\/\/www.facebook.com\/profile.php?id=100086574113006\" \/>\n<meta property=\"article:modified_time\" content=\"2025-04-25T17:26:29+00:00\" \/>\n<meta property=\"og:image\" content=\"https:\/\/saintejoie.com\/wp-content\/uploads\/2023\/12\/STJ-CHAMPAGNE-home.jpeg\" \/>\n\t<meta property=\"og:image:width\" content=\"869\" \/>\n\t<meta property=\"og:image:height\" content=\"1382\" \/>\n\t<meta property=\"og:image:type\" content=\"image\/jpeg\" \/>\n<meta name=\"twitter:card\" content=\"summary_large_image\" \/>\n<meta name=\"twitter:label1\" content=\"Estimated reading time\" \/>\n\t<meta name=\"twitter:data1\" content=\"1 minute\" \/>\n<script type=\"application\/ld+json\" class=\"yoast-schema-graph\">{\"@context\":\"https:\/\/schema.org\",\"@graph\":[{\"@type\":\"WebPage\",\"@id\":\"https:\/\/saintejoie.com\/produit\/champagne\/\",\"url\":\"https:\/\/saintejoie.com\/produit\/champagne\/\",\"name\":\"CHAMPAGNE - Sainte Joie - Producteur de Vins d&#039;alsace\",\"isPartOf\":{\"@id\":\"https:\/\/saintejoie.com\/#website\"},\"datePublished\":\"2022-10-03T18:09:05+00:00\",\"dateModified\":\"2025-04-25T17:26:29+00:00\",\"breadcrumb\":{\"@id\":\"https:\/\/saintejoie.com\/produit\/champagne\/#breadcrumb\"},\"inLanguage\":\"en-GB\",\"potentialAction\":[{\"@type\":\"ReadAction\",\"target\":[\"https:\/\/saintejoie.com\/produit\/champagne\/\"]}]},{\"@type\":\"BreadcrumbList\",\"@id\":\"https:\/\/saintejoie.com\/produit\/champagne\/#breadcrumb\",\"itemListElement\":[{\"@type\":\"ListItem\",\"position\":1,\"name\":\"Accueil\",\"item\":\"https:\/\/saintejoie.com\/\"},{\"@type\":\"ListItem\",\"position\":2,\"name\":\"Nos Vins d&rsquo;Alsace\",\"item\":\"https:\/\/saintejoie.com\/nos-vins-alsace\/\"},{\"@type\":\"ListItem\",\"position\":3,\"name\":\"CHAMPAGNE\"}]},{\"@type\":\"WebSite\",\"@id\":\"https:\/\/saintejoie.com\/#website\",\"url\":\"https:\/\/saintejoie.com\/\",\"name\":\"Sainte Joie - Producteur de Vins d&#039;alsace\",\"description\":\"Sainte Joie\",\"publisher\":{\"@id\":\"https:\/\/saintejoie.com\/#organization\"},\"potentialAction\":[{\"@type\":\"SearchAction\",\"target\":{\"@type\":\"EntryPoint\",\"urlTemplate\":\"https:\/\/saintejoie.com\/?s={search_term_string}\"},\"query-input\":\"required name=search_term_string\"}],\"inLanguage\":\"en-GB\"},{\"@type\":\"Organization\",\"@id\":\"https:\/\/saintejoie.com\/#organization\",\"name\":\"Sainte Joie - Producteur de Vins d&#039;alsace\",\"url\":\"https:\/\/saintejoie.com\/\",\"logo\":{\"@type\":\"ImageObject\",\"inLanguage\":\"en-GB\",\"@id\":\"https:\/\/saintejoie.com\/#\/schema\/logo\/image\/\",\"url\":\"https:\/\/i0.wp.com\/saintejoie.com\/wp-content\/uploads\/2022\/09\/LogoSainteJoie.png?fit=1181%2C472&ssl=1\",\"contentUrl\":\"https:\/\/i0.wp.com\/saintejoie.com\/wp-content\/uploads\/2022\/09\/LogoSainteJoie.png?fit=1181%2C472&ssl=1\",\"width\":1181,\"height\":472,\"caption\":\"Sainte Joie - Producteur de Vins d&#039;alsace\"},\"image\":{\"@id\":\"https:\/\/saintejoie.com\/#\/schema\/logo\/image\/\"},\"sameAs\":[\"https:\/\/www.linkedin.com\/company\/89213483\",\"https:\/\/www.facebook.com\/profile.php?id=100086574113006\"]}]}<\/script>\n<!-- \/ Yoast SEO plugin. -->","yoast_head_json":{"title":"CHAMPAGNE - Sainte Joie - Producteur de Vins d&#039;alsace","robots":{"index":"index","follow":"follow","max-snippet":"max-snippet:-1","max-image-preview":"max-image-preview:large","max-video-preview":"max-video-preview:-1"},"canonical":"https:\/\/saintejoie.com\/en\/product\/champagne\/","og_locale":"en_GB","og_type":"article","og_title":"CHAMPAGNE - Sainte Joie - Producteur de Vins d&#039;alsace","og_description":"Origine : France \/ Champagne Servir entre 6 et 10\u00b0C Ce Champagne s\u2019accorde parfaitement \u00e0 toutes les saveurs et toutes les occasions.","og_url":"https:\/\/saintejoie.com\/en\/product\/champagne\/","og_site_name":"Sainte Joie - Producteur de Vins d&#039;alsace","article_publisher":"https:\/\/www.facebook.com\/profile.php?id=100086574113006","article_modified_time":"2025-04-25T17:26:29+00:00","og_image":[{"width":869,"height":1382,"url":"https:\/\/saintejoie.com\/wp-content\/uploads\/2023\/12\/STJ-CHAMPAGNE-home.jpeg","type":"image\/jpeg"}],"twitter_card":"summary_large_image","twitter_misc":{"Estimated reading time":"1 minute"},"schema":{"@context":"https:\/\/schema.org","@graph":[{"@type":"WebPage","@id":"https:\/\/saintejoie.com\/produit\/champagne\/","url":"https:\/\/saintejoie.com\/produit\/champagne\/","name":"CHAMPAGNE - Sainte Joie - Producteur de Vins d&#039;alsace","isPartOf":{"@id":"https:\/\/saintejoie.com\/#website"},"datePublished":"2022-10-03T18:09:05+00:00","dateModified":"2025-04-25T17:26:29+00:00","breadcrumb":{"@id":"https:\/\/saintejoie.com\/produit\/champagne\/#breadcrumb"},"inLanguage":"en-GB","potentialAction":[{"@type":"ReadAction","target":["https:\/\/saintejoie.com\/produit\/champagne\/"]}]},{"@type":"BreadcrumbList","@id":"https:\/\/saintejoie.com\/produit\/champagne\/#breadcrumb","itemListElement":[{"@type":"ListItem","position":1,"name":"Accueil","item":"https:\/\/saintejoie.com\/"},{"@type":"ListItem","position":2,"name":"Nos Vins d&rsquo;Alsace","item":"https:\/\/saintejoie.com\/nos-vins-alsace\/"},{"@type":"ListItem","position":3,"name":"CHAMPAGNE"}]},{"@type":"WebSite","@id":"https:\/\/saintejoie.com\/#website","url":"https:\/\/saintejoie.com\/","name":"Sainte Joie - Producteur de Vins d&#039;alsace","description":"Sainte Joie","publisher":{"@id":"https:\/\/saintejoie.com\/#organization"},"potentialAction":[{"@type":"SearchAction","target":{"@type":"EntryPoint","urlTemplate":"https:\/\/saintejoie.com\/?s={search_term_string}"},"query-input":"required name=search_term_string"}],"inLanguage":"en-GB"},{"@type":"Organization","@id":"https:\/\/saintejoie.com\/#organization","name":"Sainte Joie - Producteur de Vins d&#039;alsace","url":"https:\/\/saintejoie.com\/","logo":{"@type":"ImageObject","inLanguage":"en-GB","@id":"https:\/\/saintejoie.com\/#\/schema\/logo\/image\/","url":"https:\/\/i0.wp.com\/saintejoie.com\/wp-content\/uploads\/2022\/09\/LogoSainteJoie.png?fit=1181%2C472&ssl=1","contentUrl":"https:\/\/i0.wp.com\/saintejoie.com\/wp-content\/uploads\/2022\/09\/LogoSainteJoie.png?fit=1181%2C472&ssl=1","width":1181,"height":472,"caption":"Sainte Joie - Producteur de Vins d&#039;alsace"},"image":{"@id":"https:\/\/saintejoie.com\/#\/schema\/logo\/image\/"},"sameAs":["https:\/\/www.linkedin.com\/company\/89213483","https:\/\/www.facebook.com\/profile.php?id=100086574113006"]}]}},"_links":{"self":[{"href":"https:\/\/saintejoie.com\/en\/wp-json\/wp\/v2\/product\/4124","targetHints":{"allow":["GET"]}}],"collection":[{"href":"https:\/\/saintejoie.com\/en\/wp-json\/wp\/v2\/product"}],"about":[{"href":"https:\/\/saintejoie.com\/en\/wp-json\/wp\/v2\/types\/product"}],"replies":[{"embeddable":true,"href":"https:\/\/saintejoie.com\/en\/wp-json\/wp\/v2\/comments?post=4124"}],"version-history":[{"count":18,"href":"https:\/\/saintejoie.com\/en\/wp-json\/wp\/v2\/product\/4124\/revisions"}],"predecessor-version":[{"id":8497,"href":"https:\/\/saintejoie.com\/en\/wp-json\/wp\/v2\/product\/4124\/revisions\/8497"}],"wp:featuredmedia":[{"embeddable":true,"href":"https:\/\/saintejoie.com\/en\/wp-json\/wp\/v2\/media\/4142"}],"wp:attachment":[{"href":"https:\/\/saintejoie.com\/en\/wp-json\/wp\/v2\/media?parent=4124"}],"wp:term":[{"taxonomy":"product_cat","embeddable":true,"href":"https:\/\/saintejoie.com\/en\/wp-json\/wp\/v2\/product_cat?post=4124"},{"taxonomy":"product_tag","embeddable":true,"href":"https:\/\/saintejoie.com\/en\/wp-json\/wp\/v2\/product_tag?post=4124"}],"curies":[{"name":"wp","href":"https:\/\/api.w.org\/{rel}","templated":true}]}}