{"id":9485,"date":"2022-10-03T09:39:57","date_gmt":"2022-10-03T07:39:57","guid":{"rendered":"https:\/\/saintejoie.com\/?post_type=product&#038;p=9485"},"modified":"2025-03-28T09:28:55","modified_gmt":"2025-03-28T08:28:55","slug":"champagne-millesime","status":"publish","type":"product","link":"https:\/\/saintejoie.com\/en\/product\/champagne-millesime\/","title":{"rendered":"CHAMPAGNE Premier Cru Blanc de Blancs Mill\u00e9sim\u00e9 2018"},"content":{"rendered":"<div data-elementor-type=\"product-post\" data-elementor-id=\"9485\" class=\"elementor elementor-9485\" data-elementor-post-type=\"product\">\n\t\t\t\t\t\t<section class=\"elementor-section elementor-top-section elementor-element elementor-element-308bf73c elementor-section-boxed elementor-section-height-default elementor-section-height-default\" data-id=\"308bf73c\" data-element_type=\"section\">\n\t\t\t\t\t\t<div class=\"elementor-container elementor-column-gap-default\">\n\t\t\t\t\t<div class=\"elementor-column elementor-col-100 elementor-top-column elementor-element elementor-element-686d7b2\" data-id=\"686d7b2\" data-element_type=\"column\">\n\t\t\t<div class=\"elementor-widget-wrap\">\n\t\t\t\t\t\t\t<\/div>\n\t\t<\/div>\n\t\t\t\t\t<\/div>\n\t\t<\/section>\n\t\t\t\t<section class=\"elementor-section elementor-top-section elementor-element elementor-element-a9d1ddf elementor-section-boxed elementor-section-height-default elementor-section-height-default\" data-id=\"a9d1ddf\" data-element_type=\"section\">\n\t\t\t\t\t\t<div class=\"elementor-container elementor-column-gap-default\">\n\t\t\t\t\t<div class=\"elementor-column elementor-col-100 elementor-top-column elementor-element elementor-element-1fd74b6\" data-id=\"1fd74b6\" data-element_type=\"column\">\n\t\t\t<div class=\"elementor-widget-wrap elementor-element-populated\">\n\t\t\t\t\t\t<div class=\"elementor-element elementor-element-e777cea elementor-widget elementor-widget-text-editor\" data-id=\"e777cea\" data-element_type=\"widget\" data-widget_type=\"text-editor.default\">\n\t\t\t\t<div class=\"elementor-widget-container\">\n\t\t\t\t\t\t\t<p><span style=\"font-weight: 400;\">Origine : France \/ Champagne<br \/><\/span><span style=\"font-weight: 400;\">Serve between 6 and 10\u00b0C<\/span><\/p><p>Ce Champagne s\u2019accorde parfaitement \u00e0 toutes les saveurs<br \/>and all occasions.<\/p>\t\t\t\t\t\t<\/div>\n\t\t\t\t<\/div>\n\t\t\t\t\t<\/div>\n\t\t<\/div>\n\t\t\t\t\t<\/div>\n\t\t<\/section>\n\t\t\t\t<\/div>","protected":false},"excerpt":{"rendered":"<p>Origine : France \/ Champagne<br \/>\nServe between 6 and 10\u00b0C<\/p>\n<p>Ce Champagne s\u2019accorde parfaitement \u00e0 toutes les saveurs<br \/>\nand all occasions.<\/p>","protected":false},"featured_media":9513,"comment_status":"open","ping_status":"closed","template":"","meta":[],"product_cat":[68],"product_tag":[],"class_list":["post-9485","product","type-product","status-publish","has-post-thumbnail","hentry","product_cat-champagne"],"acf":{"label-\u0153il":"\u0153il","content_oeil":"La robe est d\u2019un or p\u00e2le \u00e9clatant, illumin\u00e9e par des reflets argent\u00e9s, signature d\u2019un 100 % chardonnay d\u2019une grande puret\u00e9. Les bulles, d\u2019une finesse exquise et parfaitement r\u00e9guli\u00e8res, s\u2019\u00e9l\u00e8vent avec une persistance remarquable, formant un ballet \u00e9l\u00e9gant et harmonieux.\r\n","label-nez":"nez","content_nez":"Le nez r\u00e9v\u00e8le une complexit\u00e9 rare, m\u00ealant des ar\u00f4mes d\u00e9licats de fleurs blanches, de citron confit et de fruits secs. En arri\u00e8re-plan, des notes subtiles de pain grill\u00e9 et d\u2019amande fra\u00eeche, h\u00e9ritage de l\u2019\u00e9levage soign\u00e9, ajoutent une dimension raffin\u00e9e et gourmande.","label-bouche":"bouche","content_bouche":"L\u2019attaque est \u00e9clatante, port\u00e9e par une fra\u00eecheur vive et cristalline. La structure soyeuse met en lumi\u00e8re la richesse du chardonnay, d\u00e9voilant des saveurs intenses d\u2019agrumes et de fruits \u00e0 chair blanche. Une belle min\u00e9ralit\u00e9 s\u2019exprime en filigrane, renfor\u00e7ant la sensation d\u2019\u00e9quilibre parfait entre vivacit\u00e9 et rondeur. La finale, d\u2019une longueur impressionnante, laisse en bouche une sensation de puret\u00e9 et d\u2019\u00e9l\u00e9gance, v\u00e9ritable signature de ce premier cru mill\u00e9sim\u00e9.","cepages":"100% Chardonnay\r\n","vinification":""},"yoast_head":"<!-- This site is optimized with the Yoast SEO plugin v19.10 - https:\/\/yoast.com\/wordpress\/plugins\/seo\/ -->\n<title>CHAMPAGNE Premier Cru Blanc de Blancs Mill\u00e9sim\u00e9 2018 - Sainte Joie - Producteur de Vins d&#039;alsace<\/title>\n<meta name=\"robots\" content=\"index, follow, max-snippet:-1, max-image-preview:large, max-video-preview:-1\" \/>\n<link rel=\"canonical\" href=\"https:\/\/saintejoie.com\/en\/product\/champagne-millesime\/\" \/>\n<meta property=\"og:locale\" content=\"en_GB\" \/>\n<meta property=\"og:type\" content=\"article\" \/>\n<meta property=\"og:title\" content=\"CHAMPAGNE Premier Cru Blanc de Blancs Mill\u00e9sim\u00e9 2018 - Sainte Joie - Producteur de Vins d&#039;alsace\" \/>\n<meta property=\"og:description\" content=\"Origine : France \/ Champagne Servir entre 6 et 10\u00b0C  Ce Champagne s\u2019accorde parfaitement \u00e0 toutes les saveurs et toutes les occasions.\" \/>\n<meta property=\"og:url\" content=\"https:\/\/saintejoie.com\/en\/product\/champagne-millesime\/\" \/>\n<meta property=\"og:site_name\" content=\"Sainte Joie - Producteur de Vins d&#039;alsace\" \/>\n<meta property=\"article:publisher\" content=\"https:\/\/www.facebook.com\/profile.php?id=100086574113006\" \/>\n<meta property=\"article:modified_time\" content=\"2025-03-28T08:28:55+00:00\" \/>\n<meta property=\"og:image\" content=\"https:\/\/saintejoie.com\/wp-content\/uploads\/2024\/11\/STJ-CHAMPAGNE-millesime-home.jpg\" \/>\n\t<meta property=\"og:image:width\" content=\"869\" \/>\n\t<meta property=\"og:image:height\" content=\"1382\" \/>\n\t<meta property=\"og:image:type\" content=\"image\/jpeg\" \/>\n<meta name=\"twitter:card\" content=\"summary_large_image\" \/>\n<meta name=\"twitter:label1\" content=\"Estimated reading time\" \/>\n\t<meta name=\"twitter:data1\" content=\"1 minute\" \/>\n<script type=\"application\/ld+json\" class=\"yoast-schema-graph\">{\"@context\":\"https:\/\/schema.org\",\"@graph\":[{\"@type\":\"WebPage\",\"@id\":\"https:\/\/saintejoie.com\/produit\/champagne-millesime\/\",\"url\":\"https:\/\/saintejoie.com\/produit\/champagne-millesime\/\",\"name\":\"CHAMPAGNE Premier Cru Blanc de Blancs Mill\u00e9sim\u00e9 2018 - Sainte Joie - Producteur de Vins d&#039;alsace\",\"isPartOf\":{\"@id\":\"https:\/\/saintejoie.com\/#website\"},\"datePublished\":\"2022-10-03T07:39:57+00:00\",\"dateModified\":\"2025-03-28T08:28:55+00:00\",\"breadcrumb\":{\"@id\":\"https:\/\/saintejoie.com\/produit\/champagne-millesime\/#breadcrumb\"},\"inLanguage\":\"en-GB\",\"potentialAction\":[{\"@type\":\"ReadAction\",\"target\":[\"https:\/\/saintejoie.com\/produit\/champagne-millesime\/\"]}]},{\"@type\":\"BreadcrumbList\",\"@id\":\"https:\/\/saintejoie.com\/produit\/champagne-millesime\/#breadcrumb\",\"itemListElement\":[{\"@type\":\"ListItem\",\"position\":1,\"name\":\"Accueil\",\"item\":\"https:\/\/saintejoie.com\/\"},{\"@type\":\"ListItem\",\"position\":2,\"name\":\"Nos Vins d&rsquo;Alsace\",\"item\":\"https:\/\/saintejoie.com\/nos-vins-alsace\/\"},{\"@type\":\"ListItem\",\"position\":3,\"name\":\"CHAMPAGNE Premier Cru Blanc de Blancs Mill\u00e9sim\u00e9 2018\"}]},{\"@type\":\"WebSite\",\"@id\":\"https:\/\/saintejoie.com\/#website\",\"url\":\"https:\/\/saintejoie.com\/\",\"name\":\"Sainte Joie - Producteur de Vins d&#039;alsace\",\"description\":\"Sainte Joie\",\"publisher\":{\"@id\":\"https:\/\/saintejoie.com\/#organization\"},\"potentialAction\":[{\"@type\":\"SearchAction\",\"target\":{\"@type\":\"EntryPoint\",\"urlTemplate\":\"https:\/\/saintejoie.com\/?s={search_term_string}\"},\"query-input\":\"required name=search_term_string\"}],\"inLanguage\":\"en-GB\"},{\"@type\":\"Organization\",\"@id\":\"https:\/\/saintejoie.com\/#organization\",\"name\":\"Sainte Joie - Producteur de Vins d&#039;alsace\",\"url\":\"https:\/\/saintejoie.com\/\",\"logo\":{\"@type\":\"ImageObject\",\"inLanguage\":\"en-GB\",\"@id\":\"https:\/\/saintejoie.com\/#\/schema\/logo\/image\/\",\"url\":\"https:\/\/i0.wp.com\/saintejoie.com\/wp-content\/uploads\/2022\/09\/LogoSainteJoie.png?fit=1181%2C472&ssl=1\",\"contentUrl\":\"https:\/\/i0.wp.com\/saintejoie.com\/wp-content\/uploads\/2022\/09\/LogoSainteJoie.png?fit=1181%2C472&ssl=1\",\"width\":1181,\"height\":472,\"caption\":\"Sainte Joie - Producteur de Vins d&#039;alsace\"},\"image\":{\"@id\":\"https:\/\/saintejoie.com\/#\/schema\/logo\/image\/\"},\"sameAs\":[\"https:\/\/www.linkedin.com\/company\/89213483\",\"https:\/\/www.facebook.com\/profile.php?id=100086574113006\"]}]}<\/script>\n<!-- \/ Yoast SEO plugin. -->","yoast_head_json":{"title":"CHAMPAGNE Premier Cru Blanc de Blancs Mill\u00e9sim\u00e9 2018 - Sainte Joie - Producteur de Vins d&#039;alsace","robots":{"index":"index","follow":"follow","max-snippet":"max-snippet:-1","max-image-preview":"max-image-preview:large","max-video-preview":"max-video-preview:-1"},"canonical":"https:\/\/saintejoie.com\/en\/product\/champagne-millesime\/","og_locale":"en_GB","og_type":"article","og_title":"CHAMPAGNE Premier Cru Blanc de Blancs Mill\u00e9sim\u00e9 2018 - Sainte Joie - Producteur de Vins d&#039;alsace","og_description":"Origine : France \/ Champagne Servir entre 6 et 10\u00b0C  Ce Champagne s\u2019accorde parfaitement \u00e0 toutes les saveurs et toutes les occasions.","og_url":"https:\/\/saintejoie.com\/en\/product\/champagne-millesime\/","og_site_name":"Sainte Joie - Producteur de Vins d&#039;alsace","article_publisher":"https:\/\/www.facebook.com\/profile.php?id=100086574113006","article_modified_time":"2025-03-28T08:28:55+00:00","og_image":[{"width":869,"height":1382,"url":"https:\/\/saintejoie.com\/wp-content\/uploads\/2024\/11\/STJ-CHAMPAGNE-millesime-home.jpg","type":"image\/jpeg"}],"twitter_card":"summary_large_image","twitter_misc":{"Estimated reading time":"1 minute"},"schema":{"@context":"https:\/\/schema.org","@graph":[{"@type":"WebPage","@id":"https:\/\/saintejoie.com\/produit\/champagne-millesime\/","url":"https:\/\/saintejoie.com\/produit\/champagne-millesime\/","name":"CHAMPAGNE Premier Cru Blanc de Blancs Mill\u00e9sim\u00e9 2018 - Sainte Joie - Producteur de Vins d&#039;alsace","isPartOf":{"@id":"https:\/\/saintejoie.com\/#website"},"datePublished":"2022-10-03T07:39:57+00:00","dateModified":"2025-03-28T08:28:55+00:00","breadcrumb":{"@id":"https:\/\/saintejoie.com\/produit\/champagne-millesime\/#breadcrumb"},"inLanguage":"en-GB","potentialAction":[{"@type":"ReadAction","target":["https:\/\/saintejoie.com\/produit\/champagne-millesime\/"]}]},{"@type":"BreadcrumbList","@id":"https:\/\/saintejoie.com\/produit\/champagne-millesime\/#breadcrumb","itemListElement":[{"@type":"ListItem","position":1,"name":"Accueil","item":"https:\/\/saintejoie.com\/"},{"@type":"ListItem","position":2,"name":"Nos Vins d&rsquo;Alsace","item":"https:\/\/saintejoie.com\/nos-vins-alsace\/"},{"@type":"ListItem","position":3,"name":"CHAMPAGNE Premier Cru Blanc de Blancs Mill\u00e9sim\u00e9 2018"}]},{"@type":"WebSite","@id":"https:\/\/saintejoie.com\/#website","url":"https:\/\/saintejoie.com\/","name":"Sainte Joie - Producteur de Vins d&#039;alsace","description":"Sainte Joie","publisher":{"@id":"https:\/\/saintejoie.com\/#organization"},"potentialAction":[{"@type":"SearchAction","target":{"@type":"EntryPoint","urlTemplate":"https:\/\/saintejoie.com\/?s={search_term_string}"},"query-input":"required name=search_term_string"}],"inLanguage":"en-GB"},{"@type":"Organization","@id":"https:\/\/saintejoie.com\/#organization","name":"Sainte Joie - Producteur de Vins d&#039;alsace","url":"https:\/\/saintejoie.com\/","logo":{"@type":"ImageObject","inLanguage":"en-GB","@id":"https:\/\/saintejoie.com\/#\/schema\/logo\/image\/","url":"https:\/\/i0.wp.com\/saintejoie.com\/wp-content\/uploads\/2022\/09\/LogoSainteJoie.png?fit=1181%2C472&ssl=1","contentUrl":"https:\/\/i0.wp.com\/saintejoie.com\/wp-content\/uploads\/2022\/09\/LogoSainteJoie.png?fit=1181%2C472&ssl=1","width":1181,"height":472,"caption":"Sainte Joie - Producteur de Vins d&#039;alsace"},"image":{"@id":"https:\/\/saintejoie.com\/#\/schema\/logo\/image\/"},"sameAs":["https:\/\/www.linkedin.com\/company\/89213483","https:\/\/www.facebook.com\/profile.php?id=100086574113006"]}]}},"_links":{"self":[{"href":"https:\/\/saintejoie.com\/en\/wp-json\/wp\/v2\/product\/9485","targetHints":{"allow":["GET"]}}],"collection":[{"href":"https:\/\/saintejoie.com\/en\/wp-json\/wp\/v2\/product"}],"about":[{"href":"https:\/\/saintejoie.com\/en\/wp-json\/wp\/v2\/types\/product"}],"replies":[{"embeddable":true,"href":"https:\/\/saintejoie.com\/en\/wp-json\/wp\/v2\/comments?post=9485"}],"version-history":[{"count":11,"href":"https:\/\/saintejoie.com\/en\/wp-json\/wp\/v2\/product\/9485\/revisions"}],"predecessor-version":[{"id":10850,"href":"https:\/\/saintejoie.com\/en\/wp-json\/wp\/v2\/product\/9485\/revisions\/10850"}],"wp:featuredmedia":[{"embeddable":true,"href":"https:\/\/saintejoie.com\/en\/wp-json\/wp\/v2\/media\/9513"}],"wp:attachment":[{"href":"https:\/\/saintejoie.com\/en\/wp-json\/wp\/v2\/media?parent=9485"}],"wp:term":[{"taxonomy":"product_cat","embeddable":true,"href":"https:\/\/saintejoie.com\/en\/wp-json\/wp\/v2\/product_cat?post=9485"},{"taxonomy":"product_tag","embeddable":true,"href":"https:\/\/saintejoie.com\/en\/wp-json\/wp\/v2\/product_tag?post=9485"}],"curies":[{"name":"wp","href":"https:\/\/api.w.org\/{rel}","templated":true}]}}