{"id":492,"date":"2022-09-15T19:01:14","date_gmt":"2022-09-15T17:01:14","guid":{"rendered":"https:\/\/saintejoie.com\/?page_id=492"},"modified":"2024-01-19T15:55:24","modified_gmt":"2024-01-19T14:55:24","slug":"engagement","status":"publish","type":"page","link":"https:\/\/saintejoie.com\/ja\/engagement\/","title":{"rendered":"ENGAGEMENT"},"content":{"rendered":"<div data-elementor-type=\"wp-page\" data-elementor-id=\"492\" class=\"elementor elementor-492\" data-elementor-post-type=\"page\">\n\t\t\t\t<div class=\"elementor-element elementor-element-54e1390f e-con-full e-flex e-con e-parent\" data-id=\"54e1390f\" data-element_type=\"container\" data-settings=\"{&quot;background_background&quot;:&quot;classic&quot;}\">\n\t\t\t\t<\/div>\n\t\t<section class=\"elementor-element elementor-element-6594684f e-flex e-con-boxed e-con e-parent\" data-id=\"6594684f\" data-element_type=\"container\" data-settings=\"{&quot;background_background&quot;:&quot;classic&quot;}\">\n\t\t\t\t\t<div class=\"e-con-inner\">\n\t\t<div class=\"elementor-element elementor-element-2e12d1e5 e-con-full e-flex e-con e-parent\" data-id=\"2e12d1e5\" data-element_type=\"container\">\n\t\t\t\t<div class=\"elementor-element elementor-element-7bddef84 elementor-widget elementor-widget-heading\" data-id=\"7bddef84\" data-element_type=\"widget\" data-widget_type=\"heading.default\">\n\t\t\t\t<div class=\"elementor-widget-container\">\n\t\t\t<h1 class=\"elementor-heading-title elementor-size-default\">notre<br>engagement<\/h1>\t\t<\/div>\n\t\t\t\t<\/div>\n\t\t\t\t<div class=\"elementor-element elementor-element-64de8494 elementor-widget__width-inherit elementor-widget elementor-widget-text-editor\" data-id=\"64de8494\" data-element_type=\"widget\" data-widget_type=\"text-editor.default\">\n\t\t\t\t<div class=\"elementor-widget-container\">\n\t\t\t\t\t\t\t<p>\u300c <span style=\"font-weight: 400;\">Nous sommes viticulteurs et ce m\u00e9tier<br \/><\/span><span style=\"font-weight: 400;\">c\u2019est avant tout l\u2019alliance subtile entre notre<br \/><\/span><span style=\"font-weight: 400;\">savoir-faire et l\u2019observation de ce que la nature nous donne jour apr\u00e8s jour, chaque mill\u00e9sime \u00e9tant unique.<br \/><\/span><span style=\"font-weight: 400;\">Nos choix sont guid\u00e9s par une d\u00e9termination<br \/><\/span><span style=\"font-weight: 400;\">\u00e0 pr\u00e9server le sol.<\/span> \u300d<\/p>\t\t\t\t\t\t<\/div>\n\t\t\t\t<\/div>\n\t\t\t\t<div class=\"elementor-element elementor-element-54f6f0e8 elementor-widget elementor-widget-spacer\" data-id=\"54f6f0e8\" data-element_type=\"widget\" data-widget_type=\"spacer.default\">\n\t\t\t\t<div class=\"elementor-widget-container\">\n\t\t\t\t\t<div class=\"elementor-spacer\">\n\t\t\t<div class=\"elementor-spacer-inner\"><\/div>\n\t\t<\/div>\n\t\t\t\t<\/div>\n\t\t\t\t<\/div>\n\t\t\t\t<\/div>\n\t\t<div class=\"elementor-element elementor-element-47c1ed77 e-con-full e-flex e-con e-parent\" data-id=\"47c1ed77\" data-element_type=\"container\" data-settings=\"{&quot;background_background&quot;:&quot;classic&quot;}\">\n\t\t\t\t<\/div>\n\t\t\t\t\t<\/div>\n\t\t\t\t<\/section>\n\t\t<section class=\"elementor-element elementor-element-59b35b69 e-flex e-con-boxed e-con e-parent\" data-id=\"59b35b69\" data-element_type=\"container\" data-settings=\"{&quot;background_background&quot;:&quot;classic&quot;}\">\n\t\t\t\t\t<div class=\"e-con-inner\">\n\t\t<div class=\"elementor-element elementor-element-38d3b660 e-con-full e-flex e-con e-parent\" data-id=\"38d3b660\" data-element_type=\"container\">\n\t\t\t\t<div class=\"elementor-element elementor-element-106a108f elementor-widget elementor-widget-image\" data-id=\"106a108f\" data-element_type=\"widget\" data-widget_type=\"image.default\">\n\t\t\t\t<div class=\"elementor-widget-container\">\n\t\t\t\t\t\t\t\t\t\t\t\t\t<img fetchpriority=\"high\" decoding=\"async\" width=\"800\" height=\"651\" src=\"https:\/\/i0.wp.com\/saintejoie.com\/wp-content\/uploads\/2022\/10\/SAINTEJOIE-MAISONMEYER-VINS-CREMANTS-Home-Engagement2-1313x1068-min.jpg?fit=800%2C651&amp;ssl=1\" class=\"attachment-large size-large wp-image-2149\" alt=\"\" srcset=\"https:\/\/i0.wp.com\/saintejoie.com\/wp-content\/uploads\/2022\/10\/SAINTEJOIE-MAISONMEYER-VINS-CREMANTS-Home-Engagement2-1313x1068-min.jpg?w=1313&amp;ssl=1 1313w, https:\/\/i0.wp.com\/saintejoie.com\/wp-content\/uploads\/2022\/10\/SAINTEJOIE-MAISONMEYER-VINS-CREMANTS-Home-Engagement2-1313x1068-min.jpg?resize=1300%2C1057&amp;ssl=1 1300w, https:\/\/i0.wp.com\/saintejoie.com\/wp-content\/uploads\/2022\/10\/SAINTEJOIE-MAISONMEYER-VINS-CREMANTS-Home-Engagement2-1313x1068-min.jpg?resize=800%2C651&amp;ssl=1 800w, https:\/\/i0.wp.com\/saintejoie.com\/wp-content\/uploads\/2022\/10\/SAINTEJOIE-MAISONMEYER-VINS-CREMANTS-Home-Engagement2-1313x1068-min.jpg?resize=300%2C244&amp;ssl=1 300w, https:\/\/i0.wp.com\/saintejoie.com\/wp-content\/uploads\/2022\/10\/SAINTEJOIE-MAISONMEYER-VINS-CREMANTS-Home-Engagement2-1313x1068-min.jpg?resize=1024%2C833&amp;ssl=1 1024w, https:\/\/i0.wp.com\/saintejoie.com\/wp-content\/uploads\/2022\/10\/SAINTEJOIE-MAISONMEYER-VINS-CREMANTS-Home-Engagement2-1313x1068-min.jpg?resize=768%2C625&amp;ssl=1 768w, https:\/\/i0.wp.com\/saintejoie.com\/wp-content\/uploads\/2022\/10\/SAINTEJOIE-MAISONMEYER-VINS-CREMANTS-Home-Engagement2-1313x1068-min.jpg?resize=15%2C12&amp;ssl=1 15w\" sizes=\"(max-width: 800px) 100vw, 800px\" \/>\t\t\t\t\t\t\t\t\t\t\t\t\t<\/div>\n\t\t\t\t<\/div>\n\t\t\t\t<\/div>\n\t\t<div class=\"elementor-element elementor-element-b9b596e e-con-full e-flex e-con e-parent\" data-id=\"b9b596e\" data-element_type=\"container\">\n\t\t\t\t<div class=\"elementor-element elementor-element-51670a12 elementor-widget elementor-widget-text-editor\" data-id=\"51670a12\" data-element_type=\"widget\" data-widget_type=\"text-editor.default\">\n\t\t\t\t<div class=\"elementor-widget-container\">\n\t\t\t\t\t\t\t<p><span style=\"font-weight: 400;\">Nous sommes les gardiens de notre terre pendant un court d\u00e9lai. \u00c0 chaque saison, notre objectif est de r\u00e9colter les meilleurs raisins tout en pr\u00e9servant la terre pour s\u2019inscrire dans le temps et laisser la place aux g\u00e9n\u00e9rations \u00e0 venir.<br \/><\/span><span style=\"font-weight: 400;\">Nous sommes au c\u0153ur de la nature. Notre mission ? La pr\u00e9server.<\/span><\/p><p><span style=\"font-weight: 400;\">Nous sommes convaincus que pour pouvoir partager notre savoir-faire, <\/span><span style=\"font-weight: 400;\">assurer sa p\u00e9rennit\u00e9 en le transmettant aux g\u00e9n\u00e9rations futures, promouvoir <\/span><span style=\"font-weight: 400;\">notre formidable vignoble alsacien et plus largement le vin fran\u00e7ais dans le <\/span><span style=\"font-weight: 400;\">monde, il est primordial de privil\u00e9gier les choix qui prot\u00e8gent la Terre.<br \/><\/span><span style=\"font-weight: 400;\">\u00c0 l\u2019origine de tout produit d\u2019exception, il y a la qualit\u00e9 de la mati\u00e8re\u00a0<\/span><span style=\"font-weight: 400;\">premi\u00e8re : pour nous donc, les raisins !<\/span><\/p>\t\t\t\t\t\t<\/div>\n\t\t\t\t<\/div>\n\t\t\t\t<\/div>\n\t\t\t\t\t<\/div>\n\t\t\t\t<\/section>\n\t\t<div class=\"elementor-element elementor-element-1e7a9277 e-flex e-con-boxed e-con e-parent\" data-id=\"1e7a9277\" data-element_type=\"container\">\n\t\t\t\t\t<div class=\"e-con-inner\">\n\t\t<div class=\"elementor-element elementor-element-2ca6dd8c e-con-full e-flex e-con e-parent\" data-id=\"2ca6dd8c\" data-element_type=\"container\">\n\t\t\t\t<div class=\"elementor-element elementor-element-72daa2b4 elementor-widget elementor-widget-text-editor\" data-id=\"72daa2b4\" data-element_type=\"widget\" data-widget_type=\"text-editor.default\">\n\t\t\t\t<div class=\"elementor-widget-container\">\n\t\t\t\t\t\t\t<p><span style=\"font-weight: 400;\">Tout d\u2019abord, nous avons conduit l\u2019ensemble de notre vignoble <\/span><span style=\"font-weight: 400;\">qui repr\u00e9sente environ 32 hectares vers l\u2019obtention du label HVE <\/span><span style=\"font-weight: 400;\">(Haute valeur environnementale). Ce label certifie que nos <\/span><span style=\"font-weight: 400;\">pratiques agricoles utilis\u00e9es sur l&rsquo;ensemble de notre exploitation <\/span><span style=\"font-weight: 400;\">pr\u00e9servent l&rsquo;\u00e9cosyst\u00e8me naturel.<\/span><\/p><p><span style=\"font-weight: 400;\">Puis la volont\u00e9 d\u2019utiliser z\u00e9ro herbicide nous a naturellement <\/span><span style=\"font-weight: 400;\">orient\u00e9 vers l\u2019obtention du label AB (agriculture biologique).<\/span><\/p><p><span style=\"font-weight: 400;\">Nous pratiquons la biodynamie car nous partageons l\u2019approche <\/span><span style=\"font-weight: 400;\">de consid\u00e9rer le vignoble comme un \u00e9l\u00e9ment parmi un syst\u00e8me <\/span><span style=\"font-weight: 400;\">reli\u00e9 \u00e0 la terre, \u00e0 l\u2019air, \u00e0 l\u2019eau et aux autres plan\u00e8tes.<\/span><\/p>\t\t\t\t\t\t<\/div>\n\t\t\t\t<\/div>\n\t\t\t\t<\/div>\n\t\t<div class=\"elementor-element elementor-element-7c9e1ec4 e-con-full e-flex e-con e-parent\" data-id=\"7c9e1ec4\" data-element_type=\"container\">\n\t\t\t\t<div class=\"elementor-element elementor-element-3ed838b elementor-widget elementor-widget-image\" data-id=\"3ed838b\" data-element_type=\"widget\" data-widget_type=\"image.default\">\n\t\t\t\t<div class=\"elementor-widget-container\">\n\t\t\t\t\t\t\t\t\t\t\t\t\t<img decoding=\"async\" width=\"800\" height=\"623\" src=\"https:\/\/i0.wp.com\/saintejoie.com\/wp-content\/uploads\/2022\/10\/SAINTEJOIE-MAISONMEYER-VINS-CREMANTS-Engagement3-1373x1068-min.jpg?fit=800%2C623&amp;ssl=1\" class=\"attachment-large size-large wp-image-2147\" alt=\"botrytis cinerea et pourriture noble lors de vendangess tardives\" srcset=\"https:\/\/i0.wp.com\/saintejoie.com\/wp-content\/uploads\/2022\/10\/SAINTEJOIE-MAISONMEYER-VINS-CREMANTS-Engagement3-1373x1068-min.jpg?w=1373&amp;ssl=1 1373w, https:\/\/i0.wp.com\/saintejoie.com\/wp-content\/uploads\/2022\/10\/SAINTEJOIE-MAISONMEYER-VINS-CREMANTS-Engagement3-1373x1068-min.jpg?resize=1300%2C1011&amp;ssl=1 1300w, https:\/\/i0.wp.com\/saintejoie.com\/wp-content\/uploads\/2022\/10\/SAINTEJOIE-MAISONMEYER-VINS-CREMANTS-Engagement3-1373x1068-min.jpg?resize=800%2C622&amp;ssl=1 800w, https:\/\/i0.wp.com\/saintejoie.com\/wp-content\/uploads\/2022\/10\/SAINTEJOIE-MAISONMEYER-VINS-CREMANTS-Engagement3-1373x1068-min.jpg?resize=300%2C233&amp;ssl=1 300w, https:\/\/i0.wp.com\/saintejoie.com\/wp-content\/uploads\/2022\/10\/SAINTEJOIE-MAISONMEYER-VINS-CREMANTS-Engagement3-1373x1068-min.jpg?resize=1024%2C797&amp;ssl=1 1024w, https:\/\/i0.wp.com\/saintejoie.com\/wp-content\/uploads\/2022\/10\/SAINTEJOIE-MAISONMEYER-VINS-CREMANTS-Engagement3-1373x1068-min.jpg?resize=768%2C597&amp;ssl=1 768w, https:\/\/i0.wp.com\/saintejoie.com\/wp-content\/uploads\/2022\/10\/SAINTEJOIE-MAISONMEYER-VINS-CREMANTS-Engagement3-1373x1068-min.jpg?resize=15%2C12&amp;ssl=1 15w\" sizes=\"(max-width: 800px) 100vw, 800px\" \/>\t\t\t\t\t\t\t\t\t\t\t\t\t<\/div>\n\t\t\t\t<\/div>\n\t\t\t\t<\/div>\n\t\t\t\t\t<\/div>\n\t\t\t\t<\/div>\n\t\t<div class=\"elementor-element elementor-element-2e55c7dc e-flex e-con-boxed e-con e-parent\" data-id=\"2e55c7dc\" data-element_type=\"container\">\n\t\t\t\t\t<div class=\"e-con-inner\">\n\t\t\t\t<div class=\"elementor-element elementor-element-4c3a52aa elementor-widget elementor-widget-text-editor\" data-id=\"4c3a52aa\" data-element_type=\"widget\" data-widget_type=\"text-editor.default\">\n\t\t\t\t<div class=\"elementor-widget-container\">\n\t\t\t\t\t\t\t<p><span style=\"font-weight: 400;\">\u00ab Prendre soin de notre Terre et produire un raisin de qualit\u00e9 sain et vivant, <\/span><span style=\"font-weight: 400;\">voil\u00e0 notre engagement au quotidien ! \u00bb<\/span><\/p>\t\t\t\t\t\t<\/div>\n\t\t\t\t<\/div>\n\t\t\t\t\t<\/div>\n\t\t\t\t<\/div>\n\t\t\t\t<\/div>","protected":false},"excerpt":{"rendered":"<p>notreengagement \u00ab Nous sommes viticulteurs et ce m\u00e9tierc\u2019est avant tout l\u2019alliance subtile entre notresavoir-faire et l\u2019observation de ce que la nature nous donne jour apr\u00e8s jour, chaque mill\u00e9sime \u00e9tant unique.Nos choix sont guid\u00e9s par une d\u00e9termination\u00e0 pr\u00e9server le sol. \u00bb Nous sommes les gardiens de notre terre pendant un court d\u00e9lai. \u00c0 chaque saison, notre objectif est de r\u00e9colter les meilleurs raisins tout en pr\u00e9servant la terre pour s\u2019inscrire dans le temps et laisser la place aux g\u00e9n\u00e9rations \u00e0 venir.Nous sommes au c\u0153ur de la nature. Notre mission ? La pr\u00e9server. Nous sommes convaincus que pour pouvoir partager notre savoir-faire, assurer sa p\u00e9rennit\u00e9 en le transmettant aux g\u00e9n\u00e9rations futures, promouvoir [&hellip;]<\/p>","protected":false},"author":1,"featured_media":0,"parent":0,"menu_order":0,"comment_status":"closed","ping_status":"closed","template":"elementor_header_footer","meta":{"footnotes":""},"class_list":["post-492","page","type-page","status-publish","hentry"],"acf":[],"yoast_head":"<!-- This site is optimized with the Yoast SEO plugin v19.10 - https:\/\/yoast.com\/wordpress\/plugins\/seo\/ -->\n<title>ENGAGEMENT - Sainte Joie - Producteur de Vins d&#039;alsace<\/title>\n<meta name=\"robots\" content=\"index, follow, max-snippet:-1, max-image-preview:large, max-video-preview:-1\" \/>\n<link rel=\"canonical\" href=\"https:\/\/saintejoie.com\/ja\/engagement\/\" \/>\n<meta property=\"og:locale\" content=\"ja_JP\" \/>\n<meta property=\"og:type\" content=\"article\" \/>\n<meta property=\"og:title\" content=\"ENGAGEMENT - Sainte Joie - Producteur de Vins d&#039;alsace\" \/>\n<meta property=\"og:description\" content=\"notreengagement \u00ab Nous sommes viticulteurs et ce m\u00e9tierc\u2019est avant tout l\u2019alliance subtile entre notresavoir-faire et l\u2019observation de ce que la nature nous donne jour apr\u00e8s jour, chaque mill\u00e9sime \u00e9tant unique.Nos choix sont guid\u00e9s par une d\u00e9termination\u00e0 pr\u00e9server le sol. \u00bb Nous sommes les gardiens de notre terre pendant un court d\u00e9lai. \u00c0 chaque saison, notre objectif est de r\u00e9colter les meilleurs raisins tout en pr\u00e9servant la terre pour s\u2019inscrire dans le temps et laisser la place aux g\u00e9n\u00e9rations \u00e0 venir.Nous sommes au c\u0153ur de la nature. Notre mission ? La pr\u00e9server. Nous sommes convaincus que pour pouvoir partager notre savoir-faire, assurer sa p\u00e9rennit\u00e9 en le transmettant aux g\u00e9n\u00e9rations futures, promouvoir [&hellip;]\" \/>\n<meta property=\"og:url\" content=\"https:\/\/saintejoie.com\/ja\/engagement\/\" \/>\n<meta property=\"og:site_name\" content=\"Sainte Joie - Producteur de Vins d&#039;alsace\" \/>\n<meta property=\"article:publisher\" content=\"https:\/\/www.facebook.com\/profile.php?id=100086574113006\" \/>\n<meta property=\"article:modified_time\" content=\"2024-01-19T14:55:24+00:00\" \/>\n<meta property=\"og:image\" content=\"https:\/\/saintejoie.com\/wp-content\/uploads\/2022\/10\/SAINTEJOIE-MAISONMEYER-VINS-CREMANTS-Home-Engagement2-1313x1068-min-1024x833.jpg\" \/>\n<meta name=\"twitter:card\" content=\"summary_large_image\" \/>\n<meta name=\"twitter:label1\" content=\"\u63a8\u5b9a\u8aad\u307f\u53d6\u308a\u6642\u9593\" \/>\n\t<meta name=\"twitter:data1\" content=\"1\u5206\" \/>\n<script type=\"application\/ld+json\" class=\"yoast-schema-graph\">{\"@context\":\"https:\/\/schema.org\",\"@graph\":[{\"@type\":\"WebPage\",\"@id\":\"https:\/\/saintejoie.com\/engagement\/\",\"url\":\"https:\/\/saintejoie.com\/engagement\/\",\"name\":\"ENGAGEMENT - Sainte Joie - Producteur de Vins d&#039;alsace\",\"isPartOf\":{\"@id\":\"https:\/\/saintejoie.com\/#website\"},\"datePublished\":\"2022-09-15T17:01:14+00:00\",\"dateModified\":\"2024-01-19T14:55:24+00:00\",\"breadcrumb\":{\"@id\":\"https:\/\/saintejoie.com\/engagement\/#breadcrumb\"},\"inLanguage\":\"ja\",\"potentialAction\":[{\"@type\":\"ReadAction\",\"target\":[\"https:\/\/saintejoie.com\/engagement\/\"]}]},{\"@type\":\"BreadcrumbList\",\"@id\":\"https:\/\/saintejoie.com\/engagement\/#breadcrumb\",\"itemListElement\":[{\"@type\":\"ListItem\",\"position\":1,\"name\":\"Accueil\",\"item\":\"https:\/\/saintejoie.com\/\"},{\"@type\":\"ListItem\",\"position\":2,\"name\":\"ENGAGEMENT\"}]},{\"@type\":\"WebSite\",\"@id\":\"https:\/\/saintejoie.com\/#website\",\"url\":\"https:\/\/saintejoie.com\/\",\"name\":\"Sainte Joie - Producteur de Vins d&#039;alsace\",\"description\":\"Sainte Joie\",\"publisher\":{\"@id\":\"https:\/\/saintejoie.com\/#organization\"},\"potentialAction\":[{\"@type\":\"SearchAction\",\"target\":{\"@type\":\"EntryPoint\",\"urlTemplate\":\"https:\/\/saintejoie.com\/?s={search_term_string}\"},\"query-input\":\"required name=search_term_string\"}],\"inLanguage\":\"ja\"},{\"@type\":\"Organization\",\"@id\":\"https:\/\/saintejoie.com\/#organization\",\"name\":\"Sainte Joie - Producteur de Vins d&#039;alsace\",\"url\":\"https:\/\/saintejoie.com\/\",\"logo\":{\"@type\":\"ImageObject\",\"inLanguage\":\"ja\",\"@id\":\"https:\/\/saintejoie.com\/#\/schema\/logo\/image\/\",\"url\":\"https:\/\/i0.wp.com\/saintejoie.com\/wp-content\/uploads\/2022\/09\/LogoSainteJoie.png?fit=1181%2C472&ssl=1\",\"contentUrl\":\"https:\/\/i0.wp.com\/saintejoie.com\/wp-content\/uploads\/2022\/09\/LogoSainteJoie.png?fit=1181%2C472&ssl=1\",\"width\":1181,\"height\":472,\"caption\":\"Sainte Joie - Producteur de Vins d&#039;alsace\"},\"image\":{\"@id\":\"https:\/\/saintejoie.com\/#\/schema\/logo\/image\/\"},\"sameAs\":[\"https:\/\/www.linkedin.com\/company\/89213483\",\"https:\/\/www.facebook.com\/profile.php?id=100086574113006\"]}]}<\/script>\n<!-- \/ Yoast SEO plugin. -->","yoast_head_json":{"title":"ENGAGEMENT - Sainte Joie - Producteur de Vins d&#039;alsace","robots":{"index":"index","follow":"follow","max-snippet":"max-snippet:-1","max-image-preview":"max-image-preview:large","max-video-preview":"max-video-preview:-1"},"canonical":"https:\/\/saintejoie.com\/ja\/engagement\/","og_locale":"ja_JP","og_type":"article","og_title":"ENGAGEMENT - Sainte Joie - Producteur de Vins d&#039;alsace","og_description":"notreengagement \u00ab Nous sommes viticulteurs et ce m\u00e9tierc\u2019est avant tout l\u2019alliance subtile entre notresavoir-faire et l\u2019observation de ce que la nature nous donne jour apr\u00e8s jour, chaque mill\u00e9sime \u00e9tant unique.Nos choix sont guid\u00e9s par une d\u00e9termination\u00e0 pr\u00e9server le sol. \u00bb Nous sommes les gardiens de notre terre pendant un court d\u00e9lai. \u00c0 chaque saison, notre objectif est de r\u00e9colter les meilleurs raisins tout en pr\u00e9servant la terre pour s\u2019inscrire dans le temps et laisser la place aux g\u00e9n\u00e9rations \u00e0 venir.Nous sommes au c\u0153ur de la nature. Notre mission ? La pr\u00e9server. Nous sommes convaincus que pour pouvoir partager notre savoir-faire, assurer sa p\u00e9rennit\u00e9 en le transmettant aux g\u00e9n\u00e9rations futures, promouvoir [&hellip;]","og_url":"https:\/\/saintejoie.com\/ja\/engagement\/","og_site_name":"Sainte Joie - Producteur de Vins d&#039;alsace","article_publisher":"https:\/\/www.facebook.com\/profile.php?id=100086574113006","article_modified_time":"2024-01-19T14:55:24+00:00","og_image":[{"url":"https:\/\/saintejoie.com\/wp-content\/uploads\/2022\/10\/SAINTEJOIE-MAISONMEYER-VINS-CREMANTS-Home-Engagement2-1313x1068-min-1024x833.jpg"}],"twitter_card":"summary_large_image","twitter_misc":{"\u63a8\u5b9a\u8aad\u307f\u53d6\u308a\u6642\u9593":"1\u5206"},"schema":{"@context":"https:\/\/schema.org","@graph":[{"@type":"WebPage","@id":"https:\/\/saintejoie.com\/engagement\/","url":"https:\/\/saintejoie.com\/engagement\/","name":"ENGAGEMENT - Sainte Joie - Producteur de Vins d&#039;alsace","isPartOf":{"@id":"https:\/\/saintejoie.com\/#website"},"datePublished":"2022-09-15T17:01:14+00:00","dateModified":"2024-01-19T14:55:24+00:00","breadcrumb":{"@id":"https:\/\/saintejoie.com\/engagement\/#breadcrumb"},"inLanguage":"ja","potentialAction":[{"@type":"ReadAction","target":["https:\/\/saintejoie.com\/engagement\/"]}]},{"@type":"BreadcrumbList","@id":"https:\/\/saintejoie.com\/engagement\/#breadcrumb","itemListElement":[{"@type":"ListItem","position":1,"name":"Accueil","item":"https:\/\/saintejoie.com\/"},{"@type":"ListItem","position":2,"name":"ENGAGEMENT"}]},{"@type":"WebSite","@id":"https:\/\/saintejoie.com\/#website","url":"https:\/\/saintejoie.com\/","name":"Sainte Joie - Producteur de Vins d&#039;alsace","description":"Sainte Joie","publisher":{"@id":"https:\/\/saintejoie.com\/#organization"},"potentialAction":[{"@type":"SearchAction","target":{"@type":"EntryPoint","urlTemplate":"https:\/\/saintejoie.com\/?s={search_term_string}"},"query-input":"required name=search_term_string"}],"inLanguage":"ja"},{"@type":"Organization","@id":"https:\/\/saintejoie.com\/#organization","name":"Sainte Joie - Producteur de Vins d&#039;alsace","url":"https:\/\/saintejoie.com\/","logo":{"@type":"ImageObject","inLanguage":"ja","@id":"https:\/\/saintejoie.com\/#\/schema\/logo\/image\/","url":"https:\/\/i0.wp.com\/saintejoie.com\/wp-content\/uploads\/2022\/09\/LogoSainteJoie.png?fit=1181%2C472&ssl=1","contentUrl":"https:\/\/i0.wp.com\/saintejoie.com\/wp-content\/uploads\/2022\/09\/LogoSainteJoie.png?fit=1181%2C472&ssl=1","width":1181,"height":472,"caption":"Sainte Joie - Producteur de Vins d&#039;alsace"},"image":{"@id":"https:\/\/saintejoie.com\/#\/schema\/logo\/image\/"},"sameAs":["https:\/\/www.linkedin.com\/company\/89213483","https:\/\/www.facebook.com\/profile.php?id=100086574113006"]}]}},"_links":{"self":[{"href":"https:\/\/saintejoie.com\/ja\/wp-json\/wp\/v2\/pages\/492","targetHints":{"allow":["GET"]}}],"collection":[{"href":"https:\/\/saintejoie.com\/ja\/wp-json\/wp\/v2\/pages"}],"about":[{"href":"https:\/\/saintejoie.com\/ja\/wp-json\/wp\/v2\/types\/page"}],"author":[{"embeddable":true,"href":"https:\/\/saintejoie.com\/ja\/wp-json\/wp\/v2\/users\/1"}],"replies":[{"embeddable":true,"href":"https:\/\/saintejoie.com\/ja\/wp-json\/wp\/v2\/comments?post=492"}],"version-history":[{"count":113,"href":"https:\/\/saintejoie.com\/ja\/wp-json\/wp\/v2\/pages\/492\/revisions"}],"predecessor-version":[{"id":4607,"href":"https:\/\/saintejoie.com\/ja\/wp-json\/wp\/v2\/pages\/492\/revisions\/4607"}],"wp:attachment":[{"href":"https:\/\/saintejoie.com\/ja\/wp-json\/wp\/v2\/media?parent=492"}],"curies":[{"name":"wp","href":"https:\/\/api.w.org\/{rel}","templated":true}]}}