{"id":495,"date":"2022-09-15T19:02:29","date_gmt":"2022-09-15T17:02:29","guid":{"rendered":"https:\/\/saintejoie.com\/?page_id=495"},"modified":"2024-09-02T06:29:58","modified_gmt":"2024-09-02T04:29:58","slug":"degustation","status":"publish","type":"page","link":"https:\/\/saintejoie.com\/ja\/degustation\/","title":{"rendered":"D\u00c9GUSTATION"},"content":{"rendered":"<div data-elementor-type=\"wp-page\" data-elementor-id=\"495\" class=\"elementor elementor-495\" data-elementor-post-type=\"page\">\n\t\t\t\t<div class=\"elementor-element elementor-element-c8e4553 e-con-full e-flex e-con e-parent\" data-id=\"c8e4553\" data-element_type=\"container\" data-settings=\"{&quot;background_background&quot;:&quot;classic&quot;}\">\n\t\t\t\t<\/div>\n\t\t\t\t<section class=\"elementor-section elementor-top-section elementor-element elementor-element-40ab0b9a elementor-section-content-middle elementor-section-boxed elementor-section-height-default elementor-section-height-default\" data-id=\"40ab0b9a\" data-element_type=\"section\">\n\t\t\t\t\t\t\t<div class=\"elementor-background-overlay\"><\/div>\n\t\t\t\t\t\t\t<div class=\"elementor-container elementor-column-gap-no\">\n\t\t\t\t\t<div class=\"elementor-column elementor-col-100 elementor-top-column elementor-element elementor-element-3182ff7d\" data-id=\"3182ff7d\" data-element_type=\"column\">\n\t\t\t<div class=\"elementor-widget-wrap elementor-element-populated\">\n\t\t\t\t\t\t<div class=\"elementor-element elementor-element-6c155ad0 elementor-widget elementor-widget-icon-box\" data-id=\"6c155ad0\" data-element_type=\"widget\" data-widget_type=\"icon-box.default\">\n\t\t\t\t<div class=\"elementor-widget-container\">\n\t\t\t\t\t<div class=\"elementor-icon-box-wrapper\">\n\n\t\t\t\n\t\t\t\t\t\t<div class=\"elementor-icon-box-content\">\n\n\t\t\t\t\t\t\t\t\t<h1 class=\"elementor-icon-box-title\">\n\t\t\t\t\t\t<span  >\n\t\t\t\t\t\t\t\u30c6\u30a4\u30b9\u30c6\u30a3\u30f3\u30b0\t\t\t\t\t\t<\/span>\n\t\t\t\t\t<\/h1>\n\t\t\t\t\n\t\t\t\t\t\t\t\t\t<p class=\"elementor-icon-box-description\">\n\t\t\t\t\t\tExp\u00e9riences Sensorielles\u200b\t\t\t\t\t<\/p>\n\t\t\t\t\n\t\t\t<\/div>\n\t\t\t\n\t\t<\/div>\n\t\t\t\t<\/div>\n\t\t\t\t<\/div>\n\t\t\t\t<div class=\"elementor-element elementor-element-2740bd35 elementor-widget elementor-widget-text-editor\" data-id=\"2740bd35\" data-element_type=\"widget\" data-widget_type=\"text-editor.default\">\n\t\t\t\t<div class=\"elementor-widget-container\">\n\t\t\t\t\t\t\t<div>\u300c \u30ef\u30a4\u30f3\u306f\u69d8\u3005\u306a\u6b21\u5143\u3092\u65c5\u3059\u308b\u82b8\u8853\u3067\u3059\u3002\u6642\u9593\u3084\u7a7a\u9593\u3001\u305d\u3057\u3066\u60f3\u50cf\u529b\u306e\u4e2d\u3067\u3002 \u300d<\/div><div><br><\/div>\n<div>\u30ce\u30a8\u30df\u30fb\u30de\u30a4\u30e4\u30fc\u30fb\u30d5\u30a7\u30ec<\/div>\t\t\t\t\t\t<\/div>\n\t\t\t\t<\/div>\n\t\t\t\t\t<\/div>\n\t\t<\/div>\n\t\t\t\t\t<\/div>\n\t\t<\/section>\n\t\t<div class=\"elementor-element elementor-element-f1b2b85 e-flex e-con-boxed e-con e-parent\" data-id=\"f1b2b85\" data-element_type=\"container\" data-settings=\"{&quot;background_background&quot;:&quot;classic&quot;}\">\n\t\t\t\t\t<div class=\"e-con-inner\">\n\t\t<div class=\"elementor-element elementor-element-b782eeb e-con-full e-flex e-con e-child\" data-id=\"b782eeb\" data-element_type=\"container\">\n\t\t\t\t<div class=\"elementor-element elementor-element-8da4ebe elementor-widget-mobile__width-initial elementor-widget elementor-widget-text-editor\" data-id=\"8da4ebe\" data-element_type=\"widget\" data-widget_type=\"text-editor.default\">\n\t\t\t\t<div class=\"elementor-widget-container\">\n\t\t\t\t\t\t\t<p><span style=\"color: var( --e-global-color-c890e8d ); background-color: var( --e-global-color-4cd4284 );\">\u30ef\u30a4\u30f3\u306e\u9b54\u6cd5\u306e\u4e16\u754c\u3067\u306e\u5fd8\u308c\u3089\u308c\u306a\u3044\u77ac\u9593\u3092\u3001\u5bb6\u65cf\u30fb\u53cb\u4eba\u30fb\u4ed5\u4e8b\u4ef2\u9593\u30fb\u3088\u304f\u77e5\u3089\u306a\u3044\u3051\u3069\u8208\u5473\u306f\u3042\u308b\u3068\u3044\u3046\u4eba\u305f\u3061\u306b\u3044\u305f\u308b\u307e\u3067\u3001\u7686\u3067\u5206\u304b\u3061\u5408\u3044\u307e\u3057\u3087\u3046\uff01\u30ec\u30b9\u30c8\u30e9\u30f3\u306e\u30ef\u30a4\u30f3\u30ea\u30b9\u30c8\u3092\u697d\u3005\u8aad\u3081\u308b\u3088\u3046\u306b\u306a\u308a\u305f\u3044\u6642\u3082\u559c\u3093\u3067\u304a\u624b\u4f1d\u3044\u3044\u305f\u3057\u307e\u3059\uff01<\/span><br><\/p>\t\t\t\t\t\t<\/div>\n\t\t\t\t<\/div>\n\t\t\t\t<\/div>\n\t\t<div class=\"elementor-element elementor-element-1c09cd7 e-con-full e-flex e-con e-child\" data-id=\"1c09cd7\" data-element_type=\"container\">\n\t\t\t\t<div class=\"elementor-element elementor-element-e865ebf elementor-widget elementor-widget-image\" data-id=\"e865ebf\" data-element_type=\"widget\" data-widget_type=\"image.default\">\n\t\t\t\t<div class=\"elementor-widget-container\">\n\t\t\t\t\t\t\t\t\t\t\t\t\t<img decoding=\"async\" src=\"https:\/\/i0.wp.com\/saintejoie.com\/wp-content\/uploads\/2022\/10\/SAINTEJOIE-MAISONMEYER-VINS-CREMANTS-Experience1-1068x1520-min.jpg?fit=760%2C1520&#038;ssl=1\" title=\"SAINTE JOIE MAISON MEYER VINS CR\u00c9MANTS\" alt=\"SAINTE JOIE MAISON MEYER VINS CR\u00c9MANTS\" loading=\"lazy\" \/>\t\t\t\t\t\t\t\t\t\t\t\t\t<\/div>\n\t\t\t\t<\/div>\n\t\t\t\t<\/div>\n\t\t\t\t\t<\/div>\n\t\t\t\t<\/div>\n\t\t\t\t<section class=\"elementor-section elementor-top-section elementor-element elementor-element-2e5b17d5 elementor-section-content-middle elementor-section-boxed elementor-section-height-default elementor-section-height-default\" data-id=\"2e5b17d5\" data-element_type=\"section\">\n\t\t\t\t\t\t<div class=\"elementor-container elementor-column-gap-no\">\n\t\t\t\t\t<div class=\"elementor-column elementor-col-50 elementor-top-column elementor-element elementor-element-f8591ff\" data-id=\"f8591ff\" data-element_type=\"column\">\n\t\t\t<div class=\"elementor-widget-wrap elementor-element-populated\">\n\t\t\t\t<div class=\"elementor-element elementor-element-3f22d8a e-con-full e-flex e-con e-parent\" data-id=\"3f22d8a\" data-element_type=\"container\" data-settings=\"{&quot;background_background&quot;:&quot;classic&quot;}\">\n\t\t\t\t<\/div>\n\t\t\t\t\t<\/div>\n\t\t<\/div>\n\t\t\t\t<div class=\"elementor-column elementor-col-50 elementor-top-column elementor-element elementor-element-266daee4\" data-id=\"266daee4\" data-element_type=\"column\">\n\t\t\t<div class=\"elementor-widget-wrap elementor-element-populated\">\n\t\t\t\t\t\t<div class=\"elementor-element elementor-element-28b9a30c elementor-widget elementor-widget-heading\" data-id=\"28b9a30c\" data-element_type=\"widget\" data-widget_type=\"heading.default\">\n\t\t\t\t<div class=\"elementor-widget-container\">\n\t\t\t<h2 class=\"elementor-heading-title elementor-size-default\">\u5bb6\u306e\u4e2d\u3067<\/h2>\t\t<\/div>\n\t\t\t\t<\/div>\n\t\t\t\t<div class=\"elementor-element elementor-element-5137b947 elementor-widget elementor-widget-text-editor\" data-id=\"5137b947\" data-element_type=\"widget\" data-widget_type=\"text-editor.default\">\n\t\t\t\t<div class=\"elementor-widget-container\">\n\t\t\t\t\t\t\t<p>\u300c\u81ea\u7136\u306e\u9759\u3051\u3055\u306e\u4e2d\u3067\u3053\u305d\u3001\u79c1\u305f\u3061\u306f\u4eba\u751f\u306e\u7f8e\u3057\u3055\u3092\u771f\u306b\u5473\u308f\u3046\u3053\u3068\u304c\u3067\u304d\u307e\u3059\u3002\u300d<\/p><p>\u30f4\u30a1\u30fc\u30b8\u30cb\u30a2\u30fb\u30a6\u30eb\u30d5 <span style=\"font-family: var( --e-global-typography-text-font-family ), Citation;\">Woolf<\/span><\/p>\t\t\t\t\t\t<\/div>\n\t\t\t\t<\/div>\n\t\t\t\t<div class=\"elementor-element elementor-element-8ef51bd elementor-widget elementor-widget-text-editor\" data-id=\"8ef51bd\" data-element_type=\"widget\" data-widget_type=\"text-editor.default\">\n\t\t\t\t<div class=\"elementor-widget-container\">\n\t\t\t\t\t\t\t<p>\u30e6\u00a0<span style=\"font-family: var( --e-global-typography-text-font-family ), Citation;\">\u30e6\u30cb\u30fc\u30af\u306a\u4f53\u9a13\u3092\u3054\u8a2a\u554f\u306e\u7686\u69d8\u306b\u63d0\u4f9b\u3044\u305f\u3057\u307e\u3059\u3002\u30c6\u30a4\u30b9\u30c6\u30a3\u30f3\u30b0\u3057\u306a\u304c\u3089\u3001\u30aa\u30fc\u30b1\u30cb\u30b9\u30d6\u30fc\u30eb\u57ce\u30fb\u30f4\u30a9\u30fc\u30b8\u30e5\u4e18\u9675\u30fb\u9ed2\u3044\u68ee\u306e\u3059\u3070\u3089\u3057\u3044\u30d1\u30ce\u30e9\u30de\u306e\u666f\u8272\u3082\u540c\u6642\u306b\u304a\u697d\u3057\u307f\u3044\u305f\u3060\u304d\u307e\u3059\u3002\u79c1\u305f\u3061\u306e\u30ef\u30a4\u30f3\u3068\u30a2\u30eb\u30b6\u30b9\u306e\u5927\u5730\u3092\u540c\u6642\u306b\u77e5\u3063\u3066\u3044\u305f\u3060\u304f\u4f53\u9a13\u3092\u901a\u3057\u3001\u79c1\u305f\u3061\u306e\u4e00\u65cf\u7d4c\u55b6\u30ef\u30a4\u30ca\u30ea\u00a0<\/span><span style=\"font-family: var( --e-global-typography-text-font-family ), Citation;\">\u30fc\u306e\u30dd\u30c6\u30f3\u30b7\u30e3\u30eb\u3092\u5927\u3044\u306b\u7406\u89e3\u3057\u3066\u3044\u305f\u3060\u304d\u305f\u3044\u306e\u3067\u3059\u3002<\/span><\/p>\t\t\t\t\t\t<\/div>\n\t\t\t\t<\/div>\n\t\t\t\t<div class=\"elementor-element elementor-element-06d7c67 elementor-align-left elementor-widget elementor-widget-button\" data-id=\"06d7c67\" data-element_type=\"widget\" data-widget_type=\"button.default\">\n\t\t\t\t<div class=\"elementor-widget-container\">\n\t\t\t\t\t<div class=\"elementor-button-wrapper\">\n\t\t\t<a class=\"elementor-button elementor-button-link elementor-size-sm\" href=\"https:\/\/saintejoie.com\/ja\/degustation-inhouse\/\" rel=\"nofollow\">\n\t\t\t\t\t\t<span class=\"elementor-button-content-wrapper\">\n\t\t\t\t\t\t\t\t\t<span class=\"elementor-button-text\">D\u00e9couvrez nos offres<\/span>\n\t\t\t\t\t<\/span>\n\t\t\t\t\t<\/a>\n\t\t<\/div>\n\t\t\t\t<\/div>\n\t\t\t\t<\/div>\n\t\t\t\t\t<\/div>\n\t\t<\/div>\n\t\t\t\t\t<\/div>\n\t\t<\/section>\n\t\t\t\t<section class=\"elementor-section elementor-top-section elementor-element elementor-element-4ef656d7 elementor-section-content-middle elementor-reverse-mobile elementor-section-boxed elementor-section-height-default elementor-section-height-default\" data-id=\"4ef656d7\" data-element_type=\"section\">\n\t\t\t\t\t\t<div class=\"elementor-container elementor-column-gap-no\">\n\t\t\t\t\t<div class=\"elementor-column elementor-col-50 elementor-top-column elementor-element elementor-element-54a14210\" data-id=\"54a14210\" data-element_type=\"column\">\n\t\t\t<div class=\"elementor-widget-wrap elementor-element-populated\">\n\t\t\t\t\t\t<div class=\"elementor-element elementor-element-a1d4ea8 elementor-widget elementor-widget-heading\" data-id=\"a1d4ea8\" data-element_type=\"widget\" data-widget_type=\"heading.default\">\n\t\t\t\t<div class=\"elementor-widget-container\">\n\t\t\t<h2 class=\"elementor-heading-title elementor-size-default\">\u30ef\u30fc\u30af\u30b7\u30e7\u30c3\u30d7<\/h2>\t\t<\/div>\n\t\t\t\t<\/div>\n\t\t\t\t<div class=\"elementor-element elementor-element-e480e5d elementor-widget elementor-widget-text-editor\" data-id=\"e480e5d\" data-element_type=\"widget\" data-widget_type=\"text-editor.default\">\n\t\t\t\t<div class=\"elementor-widget-container\">\n\t\t\t\t\t\t\t<p>\u300c\u30ef\u30a4\u30f3\u306e\u771f\u306e\u5473\u308f\u3044\u65b9\u3092\u77e5\u3063\u3066\u3044\u308b\u4eba\u306f\n\u5b9f\u306f\u30ef\u30a4\u30f3\u3092\u98f2\u3093\u3067\u306f\u304a\u3089\u305a\u3001\u79d8\u5bc6\u3092\u5473\u308f\u3063\u3066\u3044\u308b\u306e\u3060\u3002\u300d<\/p><p>\u30b5\u30eb\u30d0\u30c9\u30fc\u30eb\u30fb\u30c0\u30ea<\/p>\t\t\t\t\t\t<\/div>\n\t\t\t\t<\/div>\n\t\t\t\t<div class=\"elementor-element elementor-element-68dd993 elementor-widget elementor-widget-text-editor\" data-id=\"68dd993\" data-element_type=\"widget\" data-widget_type=\"text-editor.default\">\n\t\t\t\t<div class=\"elementor-widget-container\">\n\t\t\t\t\t\t\t<p>\u30e6\u00a0<span style=\"font-family: var( --e-global-typography-text-font-family ), Citation;\">\u30e6\u30cb\u30fc\u30af\u306a\u4f53\u9a13\u3092\u3054\u8a2a\u554f\u306e\u7686\u69d8\u306b\u63d0\u4f9b\u3044\u305f\u3057\u307e\u3059\u3002\u30c6\u30a4\u30b9\u30c6\u30a3\u30f3\u30b0\u3057\u306a\u304c\u3089\u3001\u30aa\u30fc\u30b1\u30cb\u30b9\u30d6\u30fc\u30eb\u57ce\u30fb\u30f4\u30a9\u30fc\u30b8\u30e5\u4e18\u9675\u30fb\u9ed2\u3044\u68ee\u306e\u3059\u3070\u3089\u3057\u3044\u30d1\u30ce\u30e9\u30de\u306e\u666f\u8272\u3082\u540c\u6642\u306b\u304a\u697d\u3057\u307f\u3044\u305f\u3060\u304d\u307e\u3059\u3002\u79c1\u305f\u3061\u306e\u30ef\u30a4\u30f3\u3068\u30a2\u30eb\u30b6\u30b9\u306e\u5927\u5730\u3092\u540c\u6642\u306b\u77e5\u3063\u3066\u3044\u305f\u3060\u304f\u4f53\u9a13\u3092\u901a\u3057\u3001\u79c1\u305f\u3061\u306e\u4e00\u65cf\u7d4c\u55b6\u30ef\u30a4\u30ca\u30ea\u00a0<\/span><span style=\"font-family: var( --e-global-typography-text-font-family ), Citation;\">\u30fc\u306e\u30dd\u30c6\u30f3\u30b7\u30e3\u30eb\u3092\u5927\u3044\u306b\u7406\u89e3\u3057\u3066\u3044\u305f\u3060\u304d\u305f\u3044\u306e\u3067\u3059\u3002<\/span><\/p>\t\t\t\t\t\t<\/div>\n\t\t\t\t<\/div>\n\t\t\t\t<div class=\"elementor-element elementor-element-c43a939 elementor-align-left elementor-widget elementor-widget-button\" data-id=\"c43a939\" data-element_type=\"widget\" data-widget_type=\"button.default\">\n\t\t\t\t<div class=\"elementor-widget-container\">\n\t\t\t\t\t<div class=\"elementor-button-wrapper\">\n\t\t\t<a class=\"elementor-button elementor-button-link elementor-size-sm\" href=\"https:\/\/saintejoie.com\/ja\/degustation-inhouse\/\" rel=\"nofollow\">\n\t\t\t\t\t\t<span class=\"elementor-button-content-wrapper\">\n\t\t\t\t\t\t\t\t\t<span class=\"elementor-button-text\">D\u00e9couvrez nos offres<\/span>\n\t\t\t\t\t<\/span>\n\t\t\t\t\t<\/a>\n\t\t<\/div>\n\t\t\t\t<\/div>\n\t\t\t\t<\/div>\n\t\t\t\t\t<\/div>\n\t\t<\/div>\n\t\t\t\t<div class=\"elementor-column elementor-col-50 elementor-top-column elementor-element elementor-element-e9e1ae8\" data-id=\"e9e1ae8\" data-element_type=\"column\">\n\t\t\t<div class=\"elementor-widget-wrap elementor-element-populated\">\n\t\t\t\t<div class=\"elementor-element elementor-element-80c1bdf e-con-full e-flex e-con e-parent\" data-id=\"80c1bdf\" data-element_type=\"container\" data-settings=\"{&quot;background_background&quot;:&quot;classic&quot;}\">\n\t\t\t\t<\/div>\n\t\t\t\t\t<\/div>\n\t\t<\/div>\n\t\t\t\t\t<\/div>\n\t\t<\/section>\n\t\t\t\t<\/div>","protected":false},"excerpt":{"rendered":"<p>D\u00e9gustation Exp\u00e9riences Sensorielles\u200b \u00ab Le vin est un art de voyager \u00e0 travers les dimensions. Le temps, l\u2019espace et dans l\u2019imaginaire \u00bb No\u00e9mie Meyer Ferr\u00e9 Partageons avec votre famille, vos amis et les \u00e9quipes de votre entreprise, profanes comme amateurs, un moment inoubliable autour du monde magique du vin ? Vous souhaitez y voir clair sur les cartes des vins des restaurants : nous serons ravis de vous y aider ! In HOUSE \u00ab\u00a0C&rsquo;est dans le calme de la nature que nous pouvons vraiment savourer la beaut\u00e9 de la vie.\u00a0\u00bb Virginia Woolf Le\u00a0domaine Saint Joie propose une exp\u00e9rience unique \u00e0 ses visiteurs : des d\u00e9gustations en immersion sur sa plus [&hellip;]<\/p>","protected":false},"author":1,"featured_media":0,"parent":0,"menu_order":0,"comment_status":"closed","ping_status":"closed","template":"","meta":{"footnotes":""},"class_list":["post-495","page","type-page","status-publish","hentry"],"acf":[],"yoast_head":"<!-- This site is optimized with the Yoast SEO plugin v19.10 - https:\/\/yoast.com\/wordpress\/plugins\/seo\/ -->\n<title>Exp\u00e9rience de D\u00e9gustation Exceptionnelle chez Sainte Joie | Vins d&#039;Alsace<\/title>\n<meta name=\"description\" content=\"Plongez dans l&#039;univers de nos vins d&#039;Alsace et laissez-vous s\u00e9duire par leurs ar\u00f4mes uniques. R\u00e9servez votre s\u00e9ance de d\u00e9gustation d\u00e8s maintenant.\" \/>\n<meta name=\"robots\" content=\"index, follow, max-snippet:-1, max-image-preview:large, max-video-preview:-1\" \/>\n<link rel=\"canonical\" href=\"https:\/\/saintejoie.com\/ja\/degustation\/\" \/>\n<meta property=\"og:locale\" content=\"ja_JP\" \/>\n<meta property=\"og:type\" content=\"article\" \/>\n<meta property=\"og:title\" content=\"Exp\u00e9rience de D\u00e9gustation Exceptionnelle chez Sainte Joie | Vins d&#039;Alsace\" \/>\n<meta property=\"og:description\" content=\"Plongez dans l&#039;univers de nos vins d&#039;Alsace et laissez-vous s\u00e9duire par leurs ar\u00f4mes uniques. R\u00e9servez votre s\u00e9ance de d\u00e9gustation d\u00e8s maintenant.\" \/>\n<meta property=\"og:url\" content=\"https:\/\/saintejoie.com\/ja\/degustation\/\" \/>\n<meta property=\"og:site_name\" content=\"Sainte Joie - Producteur de Vins d&#039;alsace\" \/>\n<meta property=\"article:publisher\" content=\"https:\/\/www.facebook.com\/profile.php?id=100086574113006\" \/>\n<meta property=\"article:modified_time\" content=\"2024-09-02T04:29:58+00:00\" \/>\n<meta property=\"og:image\" content=\"https:\/\/saintejoie.com\/wp-content\/uploads\/elementor\/thumbs\/SAINTEJOIE-MAISONMEYER-VINS-CREMANTS-Experience1-1068x1520-min-pvrjr36irxvkdw8tueyibohnhbi6yt1kgqmdun9v8g.jpg\" \/>\n<meta name=\"twitter:card\" content=\"summary_large_image\" \/>\n<meta name=\"twitter:label1\" content=\"\u63a8\u5b9a\u8aad\u307f\u53d6\u308a\u6642\u9593\" \/>\n\t<meta name=\"twitter:data1\" content=\"2\u5206\" \/>\n<script type=\"application\/ld+json\" class=\"yoast-schema-graph\">{\"@context\":\"https:\/\/schema.org\",\"@graph\":[{\"@type\":\"WebPage\",\"@id\":\"https:\/\/saintejoie.com\/degustation\/\",\"url\":\"https:\/\/saintejoie.com\/degustation\/\",\"name\":\"Exp\u00e9rience de D\u00e9gustation Exceptionnelle chez Sainte Joie | Vins d'Alsace\",\"isPartOf\":{\"@id\":\"https:\/\/saintejoie.com\/#website\"},\"datePublished\":\"2022-09-15T17:02:29+00:00\",\"dateModified\":\"2024-09-02T04:29:58+00:00\",\"description\":\"Plongez dans l'univers de nos vins d'Alsace et laissez-vous s\u00e9duire par leurs ar\u00f4mes uniques. R\u00e9servez votre s\u00e9ance de d\u00e9gustation d\u00e8s maintenant.\",\"breadcrumb\":{\"@id\":\"https:\/\/saintejoie.com\/degustation\/#breadcrumb\"},\"inLanguage\":\"ja\",\"potentialAction\":[{\"@type\":\"ReadAction\",\"target\":[\"https:\/\/saintejoie.com\/degustation\/\"]}]},{\"@type\":\"BreadcrumbList\",\"@id\":\"https:\/\/saintejoie.com\/degustation\/#breadcrumb\",\"itemListElement\":[{\"@type\":\"ListItem\",\"position\":1,\"name\":\"Accueil\",\"item\":\"https:\/\/saintejoie.com\/\"},{\"@type\":\"ListItem\",\"position\":2,\"name\":\"D\u00c9GUSTATION\"}]},{\"@type\":\"WebSite\",\"@id\":\"https:\/\/saintejoie.com\/#website\",\"url\":\"https:\/\/saintejoie.com\/\",\"name\":\"Sainte Joie - Producteur de Vins d&#039;alsace\",\"description\":\"Sainte Joie\",\"publisher\":{\"@id\":\"https:\/\/saintejoie.com\/#organization\"},\"potentialAction\":[{\"@type\":\"SearchAction\",\"target\":{\"@type\":\"EntryPoint\",\"urlTemplate\":\"https:\/\/saintejoie.com\/?s={search_term_string}\"},\"query-input\":\"required name=search_term_string\"}],\"inLanguage\":\"ja\"},{\"@type\":\"Organization\",\"@id\":\"https:\/\/saintejoie.com\/#organization\",\"name\":\"Sainte Joie - Producteur de Vins d&#039;alsace\",\"url\":\"https:\/\/saintejoie.com\/\",\"logo\":{\"@type\":\"ImageObject\",\"inLanguage\":\"ja\",\"@id\":\"https:\/\/saintejoie.com\/#\/schema\/logo\/image\/\",\"url\":\"https:\/\/i0.wp.com\/saintejoie.com\/wp-content\/uploads\/2022\/09\/LogoSainteJoie.png?fit=1181%2C472&ssl=1\",\"contentUrl\":\"https:\/\/i0.wp.com\/saintejoie.com\/wp-content\/uploads\/2022\/09\/LogoSainteJoie.png?fit=1181%2C472&ssl=1\",\"width\":1181,\"height\":472,\"caption\":\"Sainte Joie - Producteur de Vins d&#039;alsace\"},\"image\":{\"@id\":\"https:\/\/saintejoie.com\/#\/schema\/logo\/image\/\"},\"sameAs\":[\"https:\/\/www.linkedin.com\/company\/89213483\",\"https:\/\/www.facebook.com\/profile.php?id=100086574113006\"]}]}<\/script>\n<!-- \/ Yoast SEO plugin. -->","yoast_head_json":{"title":"Exp\u00e9rience de D\u00e9gustation Exceptionnelle chez Sainte Joie | Vins d'Alsace","description":"Plongez dans l'univers de nos vins d'Alsace et laissez-vous s\u00e9duire par leurs ar\u00f4mes uniques. R\u00e9servez votre s\u00e9ance de d\u00e9gustation d\u00e8s maintenant.","robots":{"index":"index","follow":"follow","max-snippet":"max-snippet:-1","max-image-preview":"max-image-preview:large","max-video-preview":"max-video-preview:-1"},"canonical":"https:\/\/saintejoie.com\/ja\/degustation\/","og_locale":"ja_JP","og_type":"article","og_title":"Exp\u00e9rience de D\u00e9gustation Exceptionnelle chez Sainte Joie | Vins d'Alsace","og_description":"Plongez dans l'univers de nos vins d'Alsace et laissez-vous s\u00e9duire par leurs ar\u00f4mes uniques. R\u00e9servez votre s\u00e9ance de d\u00e9gustation d\u00e8s maintenant.","og_url":"https:\/\/saintejoie.com\/ja\/degustation\/","og_site_name":"Sainte Joie - Producteur de Vins d&#039;alsace","article_publisher":"https:\/\/www.facebook.com\/profile.php?id=100086574113006","article_modified_time":"2024-09-02T04:29:58+00:00","og_image":[{"url":"https:\/\/saintejoie.com\/wp-content\/uploads\/elementor\/thumbs\/SAINTEJOIE-MAISONMEYER-VINS-CREMANTS-Experience1-1068x1520-min-pvrjr36irxvkdw8tueyibohnhbi6yt1kgqmdun9v8g.jpg"}],"twitter_card":"summary_large_image","twitter_misc":{"\u63a8\u5b9a\u8aad\u307f\u53d6\u308a\u6642\u9593":"2\u5206"},"schema":{"@context":"https:\/\/schema.org","@graph":[{"@type":"WebPage","@id":"https:\/\/saintejoie.com\/degustation\/","url":"https:\/\/saintejoie.com\/degustation\/","name":"Exp\u00e9rience de D\u00e9gustation Exceptionnelle chez Sainte Joie | Vins d'Alsace","isPartOf":{"@id":"https:\/\/saintejoie.com\/#website"},"datePublished":"2022-09-15T17:02:29+00:00","dateModified":"2024-09-02T04:29:58+00:00","description":"Plongez dans l'univers de nos vins d'Alsace et laissez-vous s\u00e9duire par leurs ar\u00f4mes uniques. R\u00e9servez votre s\u00e9ance de d\u00e9gustation d\u00e8s maintenant.","breadcrumb":{"@id":"https:\/\/saintejoie.com\/degustation\/#breadcrumb"},"inLanguage":"ja","potentialAction":[{"@type":"ReadAction","target":["https:\/\/saintejoie.com\/degustation\/"]}]},{"@type":"BreadcrumbList","@id":"https:\/\/saintejoie.com\/degustation\/#breadcrumb","itemListElement":[{"@type":"ListItem","position":1,"name":"Accueil","item":"https:\/\/saintejoie.com\/"},{"@type":"ListItem","position":2,"name":"D\u00c9GUSTATION"}]},{"@type":"WebSite","@id":"https:\/\/saintejoie.com\/#website","url":"https:\/\/saintejoie.com\/","name":"Sainte Joie - Producteur de Vins d&#039;alsace","description":"Sainte Joie","publisher":{"@id":"https:\/\/saintejoie.com\/#organization"},"potentialAction":[{"@type":"SearchAction","target":{"@type":"EntryPoint","urlTemplate":"https:\/\/saintejoie.com\/?s={search_term_string}"},"query-input":"required name=search_term_string"}],"inLanguage":"ja"},{"@type":"Organization","@id":"https:\/\/saintejoie.com\/#organization","name":"Sainte Joie - Producteur de Vins d&#039;alsace","url":"https:\/\/saintejoie.com\/","logo":{"@type":"ImageObject","inLanguage":"ja","@id":"https:\/\/saintejoie.com\/#\/schema\/logo\/image\/","url":"https:\/\/i0.wp.com\/saintejoie.com\/wp-content\/uploads\/2022\/09\/LogoSainteJoie.png?fit=1181%2C472&ssl=1","contentUrl":"https:\/\/i0.wp.com\/saintejoie.com\/wp-content\/uploads\/2022\/09\/LogoSainteJoie.png?fit=1181%2C472&ssl=1","width":1181,"height":472,"caption":"Sainte Joie - Producteur de Vins d&#039;alsace"},"image":{"@id":"https:\/\/saintejoie.com\/#\/schema\/logo\/image\/"},"sameAs":["https:\/\/www.linkedin.com\/company\/89213483","https:\/\/www.facebook.com\/profile.php?id=100086574113006"]}]}},"_links":{"self":[{"href":"https:\/\/saintejoie.com\/ja\/wp-json\/wp\/v2\/pages\/495","targetHints":{"allow":["GET"]}}],"collection":[{"href":"https:\/\/saintejoie.com\/ja\/wp-json\/wp\/v2\/pages"}],"about":[{"href":"https:\/\/saintejoie.com\/ja\/wp-json\/wp\/v2\/types\/page"}],"author":[{"embeddable":true,"href":"https:\/\/saintejoie.com\/ja\/wp-json\/wp\/v2\/users\/1"}],"replies":[{"embeddable":true,"href":"https:\/\/saintejoie.com\/ja\/wp-json\/wp\/v2\/comments?post=495"}],"version-history":[{"count":790,"href":"https:\/\/saintejoie.com\/ja\/wp-json\/wp\/v2\/pages\/495\/revisions"}],"predecessor-version":[{"id":8555,"href":"https:\/\/saintejoie.com\/ja\/wp-json\/wp\/v2\/pages\/495\/revisions\/8555"}],"wp:attachment":[{"href":"https:\/\/saintejoie.com\/ja\/wp-json\/wp\/v2\/media?parent=495"}],"curies":[{"name":"wp","href":"https:\/\/api.w.org\/{rel}","templated":true}]}}