{"id":8529,"date":"2024-11-04T09:53:14","date_gmt":"2024-11-04T08:53:14","guid":{"rendered":"https:\/\/saintejoie.com\/?page_id=8529"},"modified":"2025-11-30T19:34:48","modified_gmt":"2025-11-30T18:34:48","slug":"sainte-joie-colmar","status":"publish","type":"page","link":"https:\/\/saintejoie.com\/ja\/sainte-joie-colmar\/","title":{"rendered":"Sainte Joie Colmar"},"content":{"rendered":"<div data-elementor-type=\"wp-page\" data-elementor-id=\"8529\" class=\"elementor elementor-8529\" data-elementor-post-type=\"page\">\n\t\t\t\t<div class=\"elementor-element elementor-element-57d387c5 e-con-full e-flex e-con e-parent\" data-id=\"57d387c5\" data-element_type=\"container\" data-settings=\"{&quot;background_background&quot;:&quot;classic&quot;}\">\n\t\t<div class=\"elementor-element elementor-element-105a097f e-grid e-con-boxed e-con e-child\" data-id=\"105a097f\" data-element_type=\"container\">\n\t\t\t\t\t<div class=\"e-con-inner\">\n\t\t\t\t<div class=\"elementor-element elementor-element-5f445a1f elementor-widget-widescreen__width-initial elementor-widget elementor-widget-heading\" data-id=\"5f445a1f\" data-element_type=\"widget\" data-widget_type=\"heading.default\">\n\t\t\t\t<div class=\"elementor-widget-container\">\n\t\t\t<h1 class=\"elementor-heading-title elementor-size-default\">Sainte joie au rythme des f\u00eates de No\u00ebl \u00e0 colmar<\/h1>\t\t<\/div>\n\t\t\t\t<\/div>\n\t\t\t\t<div class=\"elementor-element elementor-element-c2223c8 elementor-widget-widescreen__width-initial elementor-widget elementor-widget-heading\" data-id=\"c2223c8\" data-element_type=\"widget\" data-widget_type=\"heading.default\">\n\t\t\t\t<div class=\"elementor-widget-container\">\n\t\t\t<h1 class=\"elementor-heading-title elementor-size-default\">du 25 nov au 29 d\u00e9c<\/h1>\t\t<\/div>\n\t\t\t\t<\/div>\n\t\t\t\t\t<\/div>\n\t\t\t\t<\/div>\n\t\t\t\t<\/div>\n\t\t\t\t<section class=\"elementor-section elementor-top-section elementor-element elementor-element-233deb1 elementor-section-content-middle elementor-section-boxed elementor-section-height-default elementor-section-height-default\" data-id=\"233deb1\" data-element_type=\"section\">\n\t\t\t\t\t\t\t<div class=\"elementor-background-overlay\"><\/div>\n\t\t\t\t\t\t\t<div class=\"elementor-container elementor-column-gap-no\">\n\t\t\t\t\t<div class=\"elementor-column elementor-col-100 elementor-top-column elementor-element elementor-element-6f62cba7\" data-id=\"6f62cba7\" data-element_type=\"column\">\n\t\t\t<div class=\"elementor-widget-wrap elementor-element-populated\">\n\t\t\t\t\t\t<div class=\"elementor-element elementor-element-c4e83c6 elementor-widget elementor-widget-text-editor\" data-id=\"c4e83c6\" data-element_type=\"widget\" data-widget_type=\"text-editor.default\">\n\t\t\t\t<div class=\"elementor-widget-container\">\n\t\t\t\t\t\t\t<h2>Le concept<\/h2>\t\t\t\t\t\t<\/div>\n\t\t\t\t<\/div>\n\t\t\t\t<div class=\"elementor-element elementor-element-4b3edfa elementor-widget elementor-widget-text-editor\" data-id=\"4b3edfa\" data-element_type=\"widget\" data-widget_type=\"text-editor.default\">\n\t\t\t\t<div class=\"elementor-widget-container\">\n\t\t\t\t\t\t\t<blockquote><div><p><span data-olk-copy-source=\"MessageBody\">Sainte Joie vous invite \u00e0 d\u00e9couvrir ses vins et ses cocktails, accompagn\u00e9s de d\u00e9lices alsaciens, r\u00e9alis\u00e9s avec de bons produits locaux issus de producteurs engag\u00e9s : munster chaud, gaufres sal\u00e9es et sucr\u00e9es, escargots feuillet\u00e9s&#8230; retrouvez \u00e9galement notre vin chaud de vigneron ainsi que notre cocktail de No\u00ebl.<\/span><\/p><p>Le tout dans un lieu atypique en pierre de taille avec une grande hauteur sous plafond, pens\u00e9 pour offrir une atmosph\u00e8re chaleureuse et \u00e9l\u00e9gante.<\/p><\/div><\/blockquote>\t\t\t\t\t\t<\/div>\n\t\t\t\t<\/div>\n\t\t\t\t<div class=\"elementor-element elementor-element-836a2c8 elementor-widget elementor-widget-image\" data-id=\"836a2c8\" data-element_type=\"widget\" data-widget_type=\"image.default\">\n\t\t\t\t<div class=\"elementor-widget-container\">\n\t\t\t\t\t\t\t\t\t\t\t\t\t<img fetchpriority=\"high\" decoding=\"async\" width=\"800\" height=\"332\" src=\"https:\/\/i0.wp.com\/saintejoie.com\/wp-content\/uploads\/2025\/11\/sainte-joie-colmar-noel-site.jpg?fit=800%2C332&amp;ssl=1\" class=\"attachment-large size-large wp-image-11218\" alt=\"\" srcset=\"https:\/\/i0.wp.com\/saintejoie.com\/wp-content\/uploads\/2025\/11\/sainte-joie-colmar-noel-site.jpg?w=1400&amp;ssl=1 1400w, https:\/\/i0.wp.com\/saintejoie.com\/wp-content\/uploads\/2025\/11\/sainte-joie-colmar-noel-site.jpg?resize=300%2C125&amp;ssl=1 300w, https:\/\/i0.wp.com\/saintejoie.com\/wp-content\/uploads\/2025\/11\/sainte-joie-colmar-noel-site.jpg?resize=1024%2C425&amp;ssl=1 1024w, https:\/\/i0.wp.com\/saintejoie.com\/wp-content\/uploads\/2025\/11\/sainte-joie-colmar-noel-site.jpg?resize=768%2C319&amp;ssl=1 768w, https:\/\/i0.wp.com\/saintejoie.com\/wp-content\/uploads\/2025\/11\/sainte-joie-colmar-noel-site.jpg?resize=18%2C7&amp;ssl=1 18w, https:\/\/i0.wp.com\/saintejoie.com\/wp-content\/uploads\/2025\/11\/sainte-joie-colmar-noel-site.jpg?resize=1300%2C540&amp;ssl=1 1300w, https:\/\/i0.wp.com\/saintejoie.com\/wp-content\/uploads\/2025\/11\/sainte-joie-colmar-noel-site.jpg?resize=800%2C332&amp;ssl=1 800w\" sizes=\"(max-width: 800px) 100vw, 800px\" \/>\t\t\t\t\t\t\t\t\t\t\t\t\t<\/div>\n\t\t\t\t<\/div>\n\t\t\t\t<div class=\"elementor-element elementor-element-4aa955c elementor-widget elementor-widget-text-editor\" data-id=\"4aa955c\" data-element_type=\"widget\" data-widget_type=\"text-editor.default\">\n\t\t\t\t<div class=\"elementor-widget-container\">\n\t\t\t\t\t\t\t<h2><span data-olk-copy-source=\"MessageBody\">Retrouvons-nous au 4, rue Reiset \u00e0 Colmar<\/span><\/h2>\t\t\t\t\t\t<\/div>\n\t\t\t\t<\/div>\n\t\t\t\t<div class=\"elementor-element elementor-element-32811a7 elementor-widget elementor-widget-text-editor\" data-id=\"32811a7\" data-element_type=\"widget\" data-widget_type=\"text-editor.default\">\n\t\t\t\t<div class=\"elementor-widget-container\">\n\t\t\t\t\t\t\t<blockquote><div><p class=\"x_MsoNormal\" data-olk-copy-source=\"MessageBody\">Horaires d&rsquo;ouverture :<br \/>Lundi : 11h &#8211; 22h<br \/>Mardi : 11h \u2013 22h<br \/>Mercredi : 11h \u2013 22h<br \/>Jeudi : 11h \u2013 22h<br \/>Vendredi : 11h \u2013 22h<br \/>Samedi : 10h \u2013 22h<br \/>Dimanche : 10h \u2013 22h<\/p><\/div><\/blockquote>\t\t\t\t\t\t<\/div>\n\t\t\t\t<\/div>\n\t\t\t\t\t<\/div>\n\t\t<\/div>\n\t\t\t\t\t<\/div>\n\t\t<\/section>\n\t\t<section class=\"elementor-element elementor-element-7bb103d1 e-flex e-con-boxed e-con e-parent\" data-id=\"7bb103d1\" data-element_type=\"container\" data-settings=\"{&quot;background_background&quot;:&quot;classic&quot;}\">\n\t\t\t\t\t<div class=\"e-con-inner\">\n\t\t<div class=\"elementor-element elementor-element-227e38b5 e-con-full e-flex e-con e-child\" data-id=\"227e38b5\" data-element_type=\"container\">\n\t\t\t\t<div class=\"elementor-element elementor-element-2ca32f13 elementor-widget__width-inherit elementor-widget elementor-widget-heading\" data-id=\"2ca32f13\" data-element_type=\"widget\" data-widget_type=\"heading.default\">\n\t\t\t\t<div class=\"elementor-widget-container\">\n\t\t\t<h2 class=\"elementor-heading-title elementor-size-default\">D\u00e9gustation d\u2019Exception \u2013 Caviar Sturia x Sainte Joie<\/h2>\t\t<\/div>\n\t\t\t\t<\/div>\n\t\t\t\t<div class=\"elementor-element elementor-element-1e7c3b5 elementor-widget elementor-widget-image\" data-id=\"1e7c3b5\" data-element_type=\"widget\" data-widget_type=\"image.default\">\n\t\t\t\t<div class=\"elementor-widget-container\">\n\t\t\t\t\t\t\t\t\t\t\t\t\t<img decoding=\"async\" width=\"800\" height=\"679\" src=\"https:\/\/i0.wp.com\/saintejoie.com\/wp-content\/uploads\/2025\/11\/caviar22.jpg?fit=800%2C679&amp;ssl=1\" class=\"attachment-large size-large wp-image-11261\" alt=\"\" srcset=\"https:\/\/i0.wp.com\/saintejoie.com\/wp-content\/uploads\/2025\/11\/caviar22.jpg?w=1171&amp;ssl=1 1171w, https:\/\/i0.wp.com\/saintejoie.com\/wp-content\/uploads\/2025\/11\/caviar22.jpg?resize=300%2C255&amp;ssl=1 300w, https:\/\/i0.wp.com\/saintejoie.com\/wp-content\/uploads\/2025\/11\/caviar22.jpg?resize=1024%2C869&amp;ssl=1 1024w, https:\/\/i0.wp.com\/saintejoie.com\/wp-content\/uploads\/2025\/11\/caviar22.jpg?resize=768%2C652&amp;ssl=1 768w, https:\/\/i0.wp.com\/saintejoie.com\/wp-content\/uploads\/2025\/11\/caviar22.jpg?resize=14%2C12&amp;ssl=1 14w, https:\/\/i0.wp.com\/saintejoie.com\/wp-content\/uploads\/2025\/11\/caviar22.jpg?resize=800%2C679&amp;ssl=1 800w\" sizes=\"(max-width: 800px) 100vw, 800px\" \/>\t\t\t\t\t\t\t\t\t\t\t\t\t<\/div>\n\t\t\t\t<\/div>\n\t\t\t\t<div class=\"elementor-element elementor-element-fa9961b elementor-widget elementor-widget-text-editor\" data-id=\"fa9961b\" data-element_type=\"widget\" data-widget_type=\"text-editor.default\">\n\t\t\t\t<div class=\"elementor-widget-container\">\n\t\t\t\t\t\t\t<p>\u30e6 <strong data-start=\"392\" data-end=\"407\">12 d\u00e9cembre<\/strong>, nous avons le plaisir d&rsquo;accueillir la <strong data-start=\"447\" data-end=\"464\">Maison Sturia<\/strong>, r\u00e9f\u00e9rence fran\u00e7aise du caviar. Leur \u00e9quipe viendra partager les coulisses de leur savoir-faire \u2014 autrement dit, comment ils <em data-start=\"590\" data-end=\"601\">\u00e9laborent<\/em> patiemment ces perles d\u2019exception.<\/p><p data-start=\"706\" data-end=\"899\"><em><strong>Au programme :<\/strong><\/em><\/p><p data-start=\"706\" data-end=\"899\">\u2022 Une d\u00e9couverte guid\u00e9e du <strong>caviar Sturia<\/strong><\/p><p data-start=\"706\" data-end=\"899\">\u2022 Une d\u00e9gustation accompagn\u00e9e d\u2019un verre de champagne<\/p><p data-start=\"706\" data-end=\"899\">\u2022 Un moment festif au c\u0153ur du march\u00e9 de No\u00ebl<\/p><p data-start=\"901\" data-end=\"1005\">\u00a0<\/p>\t\t\t\t\t\t<\/div>\n\t\t\t\t<\/div>\n\t\t\t\t<div class=\"elementor-element elementor-element-787ef6b elementor-widget elementor-widget-text-editor\" data-id=\"787ef6b\" data-element_type=\"widget\" data-widget_type=\"text-editor.default\">\n\t\t\t\t<div class=\"elementor-widget-container\">\n\t\t\t\t\t\t\t<p>Tarif : 50\u20ac par personne<\/p>\t\t\t\t\t\t<\/div>\n\t\t\t\t<\/div>\n\t\t\t\t<div class=\"elementor-element elementor-element-334e7c8 elementor-widget elementor-widget-text-editor\" data-id=\"334e7c8\" data-element_type=\"widget\" data-widget_type=\"text-editor.default\">\n\t\t\t\t<div class=\"elementor-widget-container\">\n\t\t\t\t\t\t\t<p>L\u2019\u00e9v\u00e9nement est <strong data-start=\"917\" data-end=\"947\">sur inscription uniquement : contact@saintejoie.com<\/strong><\/p>\t\t\t\t\t\t<\/div>\n\t\t\t\t<\/div>\n\t\t\t\t<\/div>\n\t\t\t\t\t<\/div>\n\t\t\t\t<\/section>\n\t\t\t\t<\/div>","protected":false},"excerpt":{"rendered":"<p>Sainte joie au rythme des f\u00eates de No\u00ebl \u00e0 colmar du 25 nov au 29 d\u00e9c Le concept Sainte Joie vous invite \u00e0 d\u00e9couvrir ses vins et ses cocktails, accompagn\u00e9s de d\u00e9lices alsaciens, r\u00e9alis\u00e9s avec de bons produits locaux issus de producteurs engag\u00e9s : munster chaud, gaufres sal\u00e9es et sucr\u00e9es, escargots feuillet\u00e9s&#8230; retrouvez \u00e9galement notre vin chaud de vigneron ainsi que notre cocktail de No\u00ebl. Le tout dans un lieu atypique en pierre de taille avec une grande hauteur sous plafond, pens\u00e9 pour offrir une atmosph\u00e8re chaleureuse et \u00e9l\u00e9gante. Retrouvons-nous au 4, rue Reiset \u00e0 Colmar Horaires d&rsquo;ouverture :Lundi : 11h &#8211; 22hMardi : 11h \u2013 22hMercredi : 11h \u2013 [&hellip;]<\/p>","protected":false},"author":2,"featured_media":0,"parent":0,"menu_order":0,"comment_status":"closed","ping_status":"closed","template":"","meta":{"footnotes":""},"class_list":["post-8529","page","type-page","status-publish","hentry"],"acf":[],"yoast_head":"<!-- This site is optimized with the Yoast SEO plugin v19.10 - https:\/\/yoast.com\/wordpress\/plugins\/seo\/ -->\n<title>Sainte Joie Colmar - March\u00e9 de Noel de Colmar<\/title>\n<meta name=\"description\" content=\"Sainte Joie vous invite \u00e0 d\u00e9couvrir ses vins et ses cocktails, accompagn\u00e9s de mets de saison, r\u00e9alis\u00e9s avec de bons produits locaux issus de producteurs engag\u00e9s.\" \/>\n<meta name=\"robots\" content=\"index, follow, max-snippet:-1, max-image-preview:large, max-video-preview:-1\" \/>\n<link rel=\"canonical\" href=\"https:\/\/saintejoie.com\/ja\/sainte-joie-colmar\/\" \/>\n<meta property=\"og:locale\" content=\"ja_JP\" \/>\n<meta property=\"og:type\" content=\"article\" \/>\n<meta property=\"og:title\" content=\"Sainte Joie Colmar - March\u00e9 de Noel de Colmar\" \/>\n<meta property=\"og:description\" content=\"Sainte Joie vous invite \u00e0 d\u00e9couvrir ses vins et ses cocktails, accompagn\u00e9s de mets de saison, r\u00e9alis\u00e9s avec de bons produits locaux issus de producteurs engag\u00e9s.\" \/>\n<meta property=\"og:url\" content=\"https:\/\/saintejoie.com\/ja\/sainte-joie-colmar\/\" \/>\n<meta property=\"og:site_name\" content=\"Sainte Joie - Producteur de Vins d&#039;alsace\" \/>\n<meta property=\"article:publisher\" content=\"https:\/\/www.facebook.com\/profile.php?id=100086574113006\" \/>\n<meta property=\"article:modified_time\" content=\"2025-11-30T18:34:48+00:00\" \/>\n<meta property=\"og:image\" content=\"https:\/\/saintejoie.com\/wp-content\/uploads\/2025\/11\/sainte-joie-colmar-noel-site-1024x425.jpg\" \/>\n<meta name=\"twitter:card\" content=\"summary_large_image\" \/>\n<meta name=\"twitter:label1\" content=\"\u63a8\u5b9a\u8aad\u307f\u53d6\u308a\u6642\u9593\" \/>\n\t<meta name=\"twitter:data1\" content=\"2\u5206\" \/>\n<script type=\"application\/ld+json\" class=\"yoast-schema-graph\">{\"@context\":\"https:\/\/schema.org\",\"@graph\":[{\"@type\":\"WebPage\",\"@id\":\"https:\/\/saintejoie.com\/sainte-joie-colmar\/\",\"url\":\"https:\/\/saintejoie.com\/sainte-joie-colmar\/\",\"name\":\"Sainte Joie Colmar - March\u00e9 de Noel de Colmar\",\"isPartOf\":{\"@id\":\"https:\/\/saintejoie.com\/#website\"},\"datePublished\":\"2024-11-04T08:53:14+00:00\",\"dateModified\":\"2025-11-30T18:34:48+00:00\",\"description\":\"Sainte Joie vous invite \u00e0 d\u00e9couvrir ses vins et ses cocktails, accompagn\u00e9s de mets de saison, r\u00e9alis\u00e9s avec de bons produits locaux issus de producteurs engag\u00e9s.\",\"breadcrumb\":{\"@id\":\"https:\/\/saintejoie.com\/sainte-joie-colmar\/#breadcrumb\"},\"inLanguage\":\"ja\",\"potentialAction\":[{\"@type\":\"ReadAction\",\"target\":[\"https:\/\/saintejoie.com\/sainte-joie-colmar\/\"]}]},{\"@type\":\"BreadcrumbList\",\"@id\":\"https:\/\/saintejoie.com\/sainte-joie-colmar\/#breadcrumb\",\"itemListElement\":[{\"@type\":\"ListItem\",\"position\":1,\"name\":\"Accueil\",\"item\":\"https:\/\/saintejoie.com\/\"},{\"@type\":\"ListItem\",\"position\":2,\"name\":\"Sainte Joie Colmar\"}]},{\"@type\":\"WebSite\",\"@id\":\"https:\/\/saintejoie.com\/#website\",\"url\":\"https:\/\/saintejoie.com\/\",\"name\":\"Sainte Joie - Producteur de Vins d&#039;alsace\",\"description\":\"Sainte Joie\",\"publisher\":{\"@id\":\"https:\/\/saintejoie.com\/#organization\"},\"potentialAction\":[{\"@type\":\"SearchAction\",\"target\":{\"@type\":\"EntryPoint\",\"urlTemplate\":\"https:\/\/saintejoie.com\/?s={search_term_string}\"},\"query-input\":\"required name=search_term_string\"}],\"inLanguage\":\"ja\"},{\"@type\":\"Organization\",\"@id\":\"https:\/\/saintejoie.com\/#organization\",\"name\":\"Sainte Joie - Producteur de Vins d&#039;alsace\",\"url\":\"https:\/\/saintejoie.com\/\",\"logo\":{\"@type\":\"ImageObject\",\"inLanguage\":\"ja\",\"@id\":\"https:\/\/saintejoie.com\/#\/schema\/logo\/image\/\",\"url\":\"https:\/\/i0.wp.com\/saintejoie.com\/wp-content\/uploads\/2022\/09\/LogoSainteJoie.png?fit=1181%2C472&ssl=1\",\"contentUrl\":\"https:\/\/i0.wp.com\/saintejoie.com\/wp-content\/uploads\/2022\/09\/LogoSainteJoie.png?fit=1181%2C472&ssl=1\",\"width\":1181,\"height\":472,\"caption\":\"Sainte Joie - Producteur de Vins d&#039;alsace\"},\"image\":{\"@id\":\"https:\/\/saintejoie.com\/#\/schema\/logo\/image\/\"},\"sameAs\":[\"https:\/\/www.linkedin.com\/company\/89213483\",\"https:\/\/www.facebook.com\/profile.php?id=100086574113006\"]}]}<\/script>\n<!-- \/ Yoast SEO plugin. -->","yoast_head_json":{"title":"Sainte Joie Colmar - March\u00e9 de Noel de Colmar","description":"Sainte Joie vous invite \u00e0 d\u00e9couvrir ses vins et ses cocktails, accompagn\u00e9s de mets de saison, r\u00e9alis\u00e9s avec de bons produits locaux issus de producteurs engag\u00e9s.","robots":{"index":"index","follow":"follow","max-snippet":"max-snippet:-1","max-image-preview":"max-image-preview:large","max-video-preview":"max-video-preview:-1"},"canonical":"https:\/\/saintejoie.com\/ja\/sainte-joie-colmar\/","og_locale":"ja_JP","og_type":"article","og_title":"Sainte Joie Colmar - March\u00e9 de Noel de Colmar","og_description":"Sainte Joie vous invite \u00e0 d\u00e9couvrir ses vins et ses cocktails, accompagn\u00e9s de mets de saison, r\u00e9alis\u00e9s avec de bons produits locaux issus de producteurs engag\u00e9s.","og_url":"https:\/\/saintejoie.com\/ja\/sainte-joie-colmar\/","og_site_name":"Sainte Joie - Producteur de Vins d&#039;alsace","article_publisher":"https:\/\/www.facebook.com\/profile.php?id=100086574113006","article_modified_time":"2025-11-30T18:34:48+00:00","og_image":[{"url":"https:\/\/saintejoie.com\/wp-content\/uploads\/2025\/11\/sainte-joie-colmar-noel-site-1024x425.jpg"}],"twitter_card":"summary_large_image","twitter_misc":{"\u63a8\u5b9a\u8aad\u307f\u53d6\u308a\u6642\u9593":"2\u5206"},"schema":{"@context":"https:\/\/schema.org","@graph":[{"@type":"WebPage","@id":"https:\/\/saintejoie.com\/sainte-joie-colmar\/","url":"https:\/\/saintejoie.com\/sainte-joie-colmar\/","name":"Sainte Joie Colmar - March\u00e9 de Noel de Colmar","isPartOf":{"@id":"https:\/\/saintejoie.com\/#website"},"datePublished":"2024-11-04T08:53:14+00:00","dateModified":"2025-11-30T18:34:48+00:00","description":"Sainte Joie vous invite \u00e0 d\u00e9couvrir ses vins et ses cocktails, accompagn\u00e9s de mets de saison, r\u00e9alis\u00e9s avec de bons produits locaux issus de producteurs engag\u00e9s.","breadcrumb":{"@id":"https:\/\/saintejoie.com\/sainte-joie-colmar\/#breadcrumb"},"inLanguage":"ja","potentialAction":[{"@type":"ReadAction","target":["https:\/\/saintejoie.com\/sainte-joie-colmar\/"]}]},{"@type":"BreadcrumbList","@id":"https:\/\/saintejoie.com\/sainte-joie-colmar\/#breadcrumb","itemListElement":[{"@type":"ListItem","position":1,"name":"Accueil","item":"https:\/\/saintejoie.com\/"},{"@type":"ListItem","position":2,"name":"Sainte Joie Colmar"}]},{"@type":"WebSite","@id":"https:\/\/saintejoie.com\/#website","url":"https:\/\/saintejoie.com\/","name":"Sainte Joie - Producteur de Vins d&#039;alsace","description":"Sainte Joie","publisher":{"@id":"https:\/\/saintejoie.com\/#organization"},"potentialAction":[{"@type":"SearchAction","target":{"@type":"EntryPoint","urlTemplate":"https:\/\/saintejoie.com\/?s={search_term_string}"},"query-input":"required name=search_term_string"}],"inLanguage":"ja"},{"@type":"Organization","@id":"https:\/\/saintejoie.com\/#organization","name":"Sainte Joie - Producteur de Vins d&#039;alsace","url":"https:\/\/saintejoie.com\/","logo":{"@type":"ImageObject","inLanguage":"ja","@id":"https:\/\/saintejoie.com\/#\/schema\/logo\/image\/","url":"https:\/\/i0.wp.com\/saintejoie.com\/wp-content\/uploads\/2022\/09\/LogoSainteJoie.png?fit=1181%2C472&ssl=1","contentUrl":"https:\/\/i0.wp.com\/saintejoie.com\/wp-content\/uploads\/2022\/09\/LogoSainteJoie.png?fit=1181%2C472&ssl=1","width":1181,"height":472,"caption":"Sainte Joie - Producteur de Vins d&#039;alsace"},"image":{"@id":"https:\/\/saintejoie.com\/#\/schema\/logo\/image\/"},"sameAs":["https:\/\/www.linkedin.com\/company\/89213483","https:\/\/www.facebook.com\/profile.php?id=100086574113006"]}]}},"_links":{"self":[{"href":"https:\/\/saintejoie.com\/ja\/wp-json\/wp\/v2\/pages\/8529","targetHints":{"allow":["GET"]}}],"collection":[{"href":"https:\/\/saintejoie.com\/ja\/wp-json\/wp\/v2\/pages"}],"about":[{"href":"https:\/\/saintejoie.com\/ja\/wp-json\/wp\/v2\/types\/page"}],"author":[{"embeddable":true,"href":"https:\/\/saintejoie.com\/ja\/wp-json\/wp\/v2\/users\/2"}],"replies":[{"embeddable":true,"href":"https:\/\/saintejoie.com\/ja\/wp-json\/wp\/v2\/comments?post=8529"}],"version-history":[{"count":743,"href":"https:\/\/saintejoie.com\/ja\/wp-json\/wp\/v2\/pages\/8529\/revisions"}],"predecessor-version":[{"id":11264,"href":"https:\/\/saintejoie.com\/ja\/wp-json\/wp\/v2\/pages\/8529\/revisions\/11264"}],"wp:attachment":[{"href":"https:\/\/saintejoie.com\/ja\/wp-json\/wp\/v2\/media?parent=8529"}],"curies":[{"name":"wp","href":"https:\/\/api.w.org\/{rel}","templated":true}]}}