{"id":4112,"date":"2023-12-20T19:40:11","date_gmt":"2023-12-20T18:40:11","guid":{"rendered":"https:\/\/saintejoie.com\/?post_type=product&#038;p=4112"},"modified":"2026-01-27T10:17:07","modified_gmt":"2026-01-27T09:17:07","slug":"cremant-brut-rose","status":"publish","type":"product","link":"https:\/\/saintejoie.com\/ja\/product\/cremant-brut-rose\/","title":{"rendered":"\u30af\u30ec\u30de\u30f3\u30fb\u30d6\u30ea\u30e5\u30c3\u30c8\u30ed\u30bc"},"content":{"rendered":"<div data-elementor-type=\"product-post\" data-elementor-id=\"4112\" class=\"elementor elementor-4112\" data-elementor-post-type=\"product\">\n\t\t\t\t\t\t<section class=\"elementor-section elementor-top-section elementor-element elementor-element-44a5c8ee elementor-section-boxed elementor-section-height-default elementor-section-height-default\" data-id=\"44a5c8ee\" data-element_type=\"section\">\n\t\t\t\t\t\t<div class=\"elementor-container elementor-column-gap-default\">\n\t\t\t\t\t<div class=\"elementor-column elementor-col-100 elementor-top-column elementor-element elementor-element-47900fe5\" data-id=\"47900fe5\" data-element_type=\"column\">\n\t\t\t<div class=\"elementor-widget-wrap elementor-element-populated\">\n\t\t\t\t\t\t<div class=\"elementor-element elementor-element-7c550b03 elementor-widget elementor-widget-text-editor\" data-id=\"7c550b03\" data-element_type=\"widget\" data-widget_type=\"text-editor.default\">\n\t\t\t\t<div class=\"elementor-widget-container\">\n\t\t\t\t\t\t\t<p><span style=\"font-weight: 400;\">\u7523\u5730\uff1a\u30d5\u30e9\u30f3\u30b9\/\u30a2\u30eb\u30b6\u30b9<\/span><br \/><br \/><span style=\"font-weight: 400;\">6\uff5e10\u2103\u3067\u304a\u53ec\u3057\u4e0a\u304c\u308a\u304f\u3060\u3055\u3044<\/span><br \/><br \/><span style=\"font-weight: 400;\">\u3053\u306e\u300c\u30af\u30ec\u30de\u30f3\u300d\u306f\u3001<br \/><\/span><span style=\"font-weight: 400;\">\u3086\u308b\u98a8\u5473\u3068\u5b8c\u74a7\u306b\u8abf\u548c\u3057\u307e\u3059<br \/><\/span><span style=\"font-weight: 400;\">\u305d\u3057\u3066\u3042\u3089\u3086\u308b\u6a5f\u4f1a\u306b\u3002<\/span><\/p>\t\t\t\t\t\t<\/div>\n\t\t\t\t<\/div>\n\t\t\t\t\t<\/div>\n\t\t<\/div>\n\t\t\t\t\t<\/div>\n\t\t<\/section>\n\t\t\t\t<\/div>","protected":false},"excerpt":{"rendered":"<p>Origine : France \/ Alsace Servir entre 6 et 10\u00b0C Ce cr\u00e9mant s\u2019accorde parfaitement \u00e0 toutes les saveurs et toutes les occasions.<\/p>","protected":false},"featured_media":4738,"comment_status":"open","ping_status":"closed","template":"","meta":[],"product_cat":[33],"product_tag":[],"class_list":["post-4112","product","type-product","status-publish","has-post-thumbnail","hentry","product_cat-cremants"],"acf":{"label-\u0153il":"\u0153il","content_oeil":"Ce vin pr\u00e9sente une couleur saumon avec des reflets dor\u00e9s. \r\nIl est dot\u00e9 d\u2019une magnifique robe \u00e9clatante.","label-nez":"nez","content_nez":"L\u2019intensit\u00e9 aromatique permet au pinot noir de transmettre ses caract\u00e9ristiques naturellement s\u00e9duisantes. Le vin d\u00e9veloppe des ar\u00f4mes en premier lieu de fruits rouges. Son c\u00f4t\u00e9 a\u00e9rien port\u00e9 par sa bulle d\u00e9note sa fra\u00eecheur.\r\nLe 2\u00e8me nez laisse d\u00e9couvrir des ar\u00f4mes de noyau de cerise et d\u2019amande. ","label-bouche":"bouche","content_bouche":"C\u2019est le caract\u00e8re fruit\u00e9 qui domine au palais. \r\nOn retrouve les ar\u00f4mes rep\u00e9r\u00e9s au nez. Dans un second temps on peut noter de subtils parfums de pivoine. Ce vin fait preuve d\u2019une jolie persistance aromatique. ","cepages":"Pinot noir","vinification":""},"yoast_head":"<!-- This site is optimized with the Yoast SEO plugin v19.10 - https:\/\/yoast.com\/wordpress\/plugins\/seo\/ -->\n<title>CR\u00c9MANT BRUT ROS\u00c9 - Sainte Joie - Producteur de Vins d&#039;alsace<\/title>\n<meta name=\"robots\" content=\"index, follow, max-snippet:-1, max-image-preview:large, max-video-preview:-1\" \/>\n<link rel=\"canonical\" href=\"https:\/\/saintejoie.com\/ja\/product\/cremant-brut-rose\/\" \/>\n<meta property=\"og:locale\" content=\"ja_JP\" \/>\n<meta property=\"og:type\" content=\"article\" \/>\n<meta property=\"og:title\" content=\"CR\u00c9MANT BRUT ROS\u00c9 - Sainte Joie - Producteur de Vins d&#039;alsace\" \/>\n<meta property=\"og:description\" content=\"Origine : France \/ Alsace Servir entre 6 et 10\u00b0C Ce cr\u00e9mant s\u2019accorde parfaitement \u00e0 toutes les saveurs et toutes les occasions.\" \/>\n<meta property=\"og:url\" content=\"https:\/\/saintejoie.com\/ja\/product\/cremant-brut-rose\/\" \/>\n<meta property=\"og:site_name\" content=\"Sainte Joie - Producteur de Vins d&#039;alsace\" \/>\n<meta property=\"article:publisher\" content=\"https:\/\/www.facebook.com\/profile.php?id=100086574113006\" \/>\n<meta property=\"article:modified_time\" content=\"2026-01-27T09:17:07+00:00\" \/>\n<meta property=\"og:image\" content=\"https:\/\/saintejoie.com\/wp-content\/uploads\/2023\/12\/STJ-CREMANT-ROSE-ALSACE-home.jpeg\" \/>\n\t<meta property=\"og:image:width\" content=\"869\" \/>\n\t<meta property=\"og:image:height\" content=\"1382\" \/>\n\t<meta property=\"og:image:type\" content=\"image\/jpeg\" \/>\n<meta name=\"twitter:card\" content=\"summary_large_image\" \/>\n<meta name=\"twitter:label1\" content=\"\u63a8\u5b9a\u8aad\u307f\u53d6\u308a\u6642\u9593\" \/>\n\t<meta name=\"twitter:data1\" content=\"1\u5206\" \/>\n<script type=\"application\/ld+json\" class=\"yoast-schema-graph\">{\"@context\":\"https:\/\/schema.org\",\"@graph\":[{\"@type\":\"WebPage\",\"@id\":\"https:\/\/saintejoie.com\/produit\/cremant-brut-rose\/\",\"url\":\"https:\/\/saintejoie.com\/produit\/cremant-brut-rose\/\",\"name\":\"CR\u00c9MANT BRUT ROS\u00c9 - Sainte Joie - Producteur de Vins d&#039;alsace\",\"isPartOf\":{\"@id\":\"https:\/\/saintejoie.com\/#website\"},\"datePublished\":\"2023-12-20T18:40:11+00:00\",\"dateModified\":\"2026-01-27T09:17:07+00:00\",\"breadcrumb\":{\"@id\":\"https:\/\/saintejoie.com\/produit\/cremant-brut-rose\/#breadcrumb\"},\"inLanguage\":\"ja\",\"potentialAction\":[{\"@type\":\"ReadAction\",\"target\":[\"https:\/\/saintejoie.com\/produit\/cremant-brut-rose\/\"]}]},{\"@type\":\"BreadcrumbList\",\"@id\":\"https:\/\/saintejoie.com\/produit\/cremant-brut-rose\/#breadcrumb\",\"itemListElement\":[{\"@type\":\"ListItem\",\"position\":1,\"name\":\"Accueil\",\"item\":\"https:\/\/saintejoie.com\/\"},{\"@type\":\"ListItem\",\"position\":2,\"name\":\"Nos Vins d&rsquo;Alsace\",\"item\":\"https:\/\/saintejoie.com\/nos-vins-alsace\/\"},{\"@type\":\"ListItem\",\"position\":3,\"name\":\"CR\u00c9MANT BRUT ROS\u00c9\"}]},{\"@type\":\"WebSite\",\"@id\":\"https:\/\/saintejoie.com\/#website\",\"url\":\"https:\/\/saintejoie.com\/\",\"name\":\"Sainte Joie - Producteur de Vins d&#039;alsace\",\"description\":\"Sainte Joie\",\"publisher\":{\"@id\":\"https:\/\/saintejoie.com\/#organization\"},\"potentialAction\":[{\"@type\":\"SearchAction\",\"target\":{\"@type\":\"EntryPoint\",\"urlTemplate\":\"https:\/\/saintejoie.com\/?s={search_term_string}\"},\"query-input\":\"required name=search_term_string\"}],\"inLanguage\":\"ja\"},{\"@type\":\"Organization\",\"@id\":\"https:\/\/saintejoie.com\/#organization\",\"name\":\"Sainte Joie - Producteur de Vins d&#039;alsace\",\"url\":\"https:\/\/saintejoie.com\/\",\"logo\":{\"@type\":\"ImageObject\",\"inLanguage\":\"ja\",\"@id\":\"https:\/\/saintejoie.com\/#\/schema\/logo\/image\/\",\"url\":\"https:\/\/i0.wp.com\/saintejoie.com\/wp-content\/uploads\/2022\/09\/LogoSainteJoie.png?fit=1181%2C472&ssl=1\",\"contentUrl\":\"https:\/\/i0.wp.com\/saintejoie.com\/wp-content\/uploads\/2022\/09\/LogoSainteJoie.png?fit=1181%2C472&ssl=1\",\"width\":1181,\"height\":472,\"caption\":\"Sainte Joie - Producteur de Vins d&#039;alsace\"},\"image\":{\"@id\":\"https:\/\/saintejoie.com\/#\/schema\/logo\/image\/\"},\"sameAs\":[\"https:\/\/www.linkedin.com\/company\/89213483\",\"https:\/\/www.facebook.com\/profile.php?id=100086574113006\"]}]}<\/script>\n<!-- \/ Yoast SEO plugin. -->","yoast_head_json":{"title":"CR\u00c9MANT BRUT ROS\u00c9 - Sainte Joie - Producteur de Vins d&#039;alsace","robots":{"index":"index","follow":"follow","max-snippet":"max-snippet:-1","max-image-preview":"max-image-preview:large","max-video-preview":"max-video-preview:-1"},"canonical":"https:\/\/saintejoie.com\/ja\/product\/cremant-brut-rose\/","og_locale":"ja_JP","og_type":"article","og_title":"CR\u00c9MANT BRUT ROS\u00c9 - Sainte Joie - Producteur de Vins d&#039;alsace","og_description":"Origine : France \/ Alsace Servir entre 6 et 10\u00b0C Ce cr\u00e9mant s\u2019accorde parfaitement \u00e0 toutes les saveurs et toutes les occasions.","og_url":"https:\/\/saintejoie.com\/ja\/product\/cremant-brut-rose\/","og_site_name":"Sainte Joie - Producteur de Vins d&#039;alsace","article_publisher":"https:\/\/www.facebook.com\/profile.php?id=100086574113006","article_modified_time":"2026-01-27T09:17:07+00:00","og_image":[{"width":869,"height":1382,"url":"https:\/\/saintejoie.com\/wp-content\/uploads\/2023\/12\/STJ-CREMANT-ROSE-ALSACE-home.jpeg","type":"image\/jpeg"}],"twitter_card":"summary_large_image","twitter_misc":{"\u63a8\u5b9a\u8aad\u307f\u53d6\u308a\u6642\u9593":"1\u5206"},"schema":{"@context":"https:\/\/schema.org","@graph":[{"@type":"WebPage","@id":"https:\/\/saintejoie.com\/produit\/cremant-brut-rose\/","url":"https:\/\/saintejoie.com\/produit\/cremant-brut-rose\/","name":"CR\u00c9MANT BRUT ROS\u00c9 - Sainte Joie - Producteur de Vins d&#039;alsace","isPartOf":{"@id":"https:\/\/saintejoie.com\/#website"},"datePublished":"2023-12-20T18:40:11+00:00","dateModified":"2026-01-27T09:17:07+00:00","breadcrumb":{"@id":"https:\/\/saintejoie.com\/produit\/cremant-brut-rose\/#breadcrumb"},"inLanguage":"ja","potentialAction":[{"@type":"ReadAction","target":["https:\/\/saintejoie.com\/produit\/cremant-brut-rose\/"]}]},{"@type":"BreadcrumbList","@id":"https:\/\/saintejoie.com\/produit\/cremant-brut-rose\/#breadcrumb","itemListElement":[{"@type":"ListItem","position":1,"name":"Accueil","item":"https:\/\/saintejoie.com\/"},{"@type":"ListItem","position":2,"name":"Nos Vins d&rsquo;Alsace","item":"https:\/\/saintejoie.com\/nos-vins-alsace\/"},{"@type":"ListItem","position":3,"name":"CR\u00c9MANT BRUT ROS\u00c9"}]},{"@type":"WebSite","@id":"https:\/\/saintejoie.com\/#website","url":"https:\/\/saintejoie.com\/","name":"Sainte Joie - Producteur de Vins d&#039;alsace","description":"Sainte Joie","publisher":{"@id":"https:\/\/saintejoie.com\/#organization"},"potentialAction":[{"@type":"SearchAction","target":{"@type":"EntryPoint","urlTemplate":"https:\/\/saintejoie.com\/?s={search_term_string}"},"query-input":"required name=search_term_string"}],"inLanguage":"ja"},{"@type":"Organization","@id":"https:\/\/saintejoie.com\/#organization","name":"Sainte Joie - Producteur de Vins d&#039;alsace","url":"https:\/\/saintejoie.com\/","logo":{"@type":"ImageObject","inLanguage":"ja","@id":"https:\/\/saintejoie.com\/#\/schema\/logo\/image\/","url":"https:\/\/i0.wp.com\/saintejoie.com\/wp-content\/uploads\/2022\/09\/LogoSainteJoie.png?fit=1181%2C472&ssl=1","contentUrl":"https:\/\/i0.wp.com\/saintejoie.com\/wp-content\/uploads\/2022\/09\/LogoSainteJoie.png?fit=1181%2C472&ssl=1","width":1181,"height":472,"caption":"Sainte Joie - Producteur de Vins d&#039;alsace"},"image":{"@id":"https:\/\/saintejoie.com\/#\/schema\/logo\/image\/"},"sameAs":["https:\/\/www.linkedin.com\/company\/89213483","https:\/\/www.facebook.com\/profile.php?id=100086574113006"]}]}},"_links":{"self":[{"href":"https:\/\/saintejoie.com\/ja\/wp-json\/wp\/v2\/product\/4112","targetHints":{"allow":["GET"]}}],"collection":[{"href":"https:\/\/saintejoie.com\/ja\/wp-json\/wp\/v2\/product"}],"about":[{"href":"https:\/\/saintejoie.com\/ja\/wp-json\/wp\/v2\/types\/product"}],"replies":[{"embeddable":true,"href":"https:\/\/saintejoie.com\/ja\/wp-json\/wp\/v2\/comments?post=4112"}],"version-history":[{"count":23,"href":"https:\/\/saintejoie.com\/ja\/wp-json\/wp\/v2\/product\/4112\/revisions"}],"predecessor-version":[{"id":11186,"href":"https:\/\/saintejoie.com\/ja\/wp-json\/wp\/v2\/product\/4112\/revisions\/11186"}],"wp:featuredmedia":[{"embeddable":true,"href":"https:\/\/saintejoie.com\/ja\/wp-json\/wp\/v2\/media\/4738"}],"wp:attachment":[{"href":"https:\/\/saintejoie.com\/ja\/wp-json\/wp\/v2\/media?parent=4112"}],"wp:term":[{"taxonomy":"product_cat","embeddable":true,"href":"https:\/\/saintejoie.com\/ja\/wp-json\/wp\/v2\/product_cat?post=4112"},{"taxonomy":"product_tag","embeddable":true,"href":"https:\/\/saintejoie.com\/ja\/wp-json\/wp\/v2\/product_tag?post=4112"}],"curies":[{"name":"wp","href":"https:\/\/api.w.org\/{rel}","templated":true}]}}