{"id":4702,"date":"2024-02-12T21:56:38","date_gmt":"2024-02-12T20:56:38","guid":{"rendered":"https:\/\/saintejoie.com\/?post_type=product&#038;p=4702"},"modified":"2026-01-27T10:15:32","modified_gmt":"2026-01-27T09:15:32","slug":"pinot-gris-vendanges-tardives","status":"publish","type":"product","link":"https:\/\/saintejoie.com\/ja\/product\/pinot-gris-vendanges-tardives\/","title":{"rendered":"\u30d4\u30ce\u30fb\u30b0\u30ea\n\u30f4\u30a1\u30f3\u30c0\u30f3\u30b8\u30e5\u30fb\u30bf\u30eb\u30c7\u30a3\u30f4"},"content":{"rendered":"<div data-elementor-type=\"product-post\" data-elementor-id=\"4702\" class=\"elementor elementor-4702\" data-elementor-post-type=\"product\">\n\t\t\t\t\t\t<section class=\"elementor-section elementor-top-section elementor-element elementor-element-61898581 elementor-section-boxed elementor-section-height-default elementor-section-height-default\" data-id=\"61898581\" data-element_type=\"section\">\n\t\t\t\t\t\t<div class=\"elementor-container elementor-column-gap-default\">\n\t\t\t\t\t<div class=\"elementor-column elementor-col-100 elementor-top-column elementor-element elementor-element-614c040\" data-id=\"614c040\" data-element_type=\"column\">\n\t\t\t<div class=\"elementor-widget-wrap elementor-element-populated\">\n\t\t\t\t\t\t<div class=\"elementor-element elementor-element-518fbb69 elementor-widget elementor-widget-text-editor\" data-id=\"518fbb69\" data-element_type=\"widget\" data-widget_type=\"text-editor.default\">\n\t\t\t\t<div class=\"elementor-widget-container\">\n\t\t\t\t\t\t\t<p><span style=\"font-weight: 400;\">\u7523\u5730\uff1a\u30d5\u30e9\u30f3\u30b9\/\u30a2\u30eb\u30b6\u30b9<br \/><\/span><span style=\"font-weight: 400;\">12\uff5e16\u2103\u3067\u304a\u53ec\u3057\u4e0a\u304c\u308a\u304f\u3060\u3055\u3044<\/span><\/p><p><b>\u30da\u30a2\u30ea\u30f3\u30b0<br \/><\/b>\u30b9\u30d1\u30a4\u30b7\u30fc\u3001\u7518\u5473\u3001\u7518\u5473\u2014\u5869\u5473\n\u30d1\u30bb\u30ea\u98a8\u5473<\/p>\t\t\t\t\t\t<\/div>\n\t\t\t\t<\/div>\n\t\t\t\t\t<\/div>\n\t\t<\/div>\n\t\t\t\t\t<\/div>\n\t\t<\/section>\n\t\t\t\t<\/div>","protected":false},"excerpt":{"rendered":"<p>Ceci est la description courte du produit pinot gris<\/p>","protected":false},"featured_media":4707,"comment_status":"open","ping_status":"closed","template":"","meta":[],"product_cat":[69],"product_tag":[],"class_list":["post-4702","product","type-product","status-publish","has-post-thumbnail","hentry","product_cat-pinot-gris"],"acf":{"label-\u0153il":"\u0153il","content_oeil":"Le vin pr\u00e9sente une couleur jaune or intense. Il est chatoyant.","label-nez":"nez","content_nez":"Il a une intensit\u00e9 aromatique \u00e9lev\u00e9e et d\u2019une grande complexit\u00e9. \r\nOn y trouve des notes de fruits m\u00fbres, d\u2019agrumes, de caramel, de figues et d\u2019abricots confits. \r\nLa maturit\u00e9 des ar\u00f4mes se r\u00e9v\u00e8le.\r\nLes notes \u00e9voluent progressivement vers les fruits exotiques.","label-bouche":"bouche","content_bouche":"L\u2019\u00e9quilibre entre l\u2019acidit\u00e9 et le sucre est remarquable. \r\nOn retrouve au palais les ar\u00f4mes d\u00e9cel\u00e9s au nez. \r\nL\u2019attaque est soyeuse et la puissance aromatique est d\u2019autant plus exceptionnelle que la longueur est impressionnante.","cepages":"Doux\r\n\r\n2018","vinification":"L\u2019\u00e9quilibre entre l\u2019acidit\u00e9 et le sucre est remarquable. \r\n\r\nOn retrouve au palais les ar\u00f4mes d\u00e9cel\u00e9s au nez. \r\n\r\nL\u2019attaque est soyeuse et la puissance aromatique est d\u2019autant plus exceptionnelle que la longueur est impressionnante."},"yoast_head":"<!-- This site is optimized with the Yoast SEO plugin v19.10 - https:\/\/yoast.com\/wordpress\/plugins\/seo\/ -->\n<title>PINOT GRIS VENDANGE TARDIVE - Sainte Joie - Producteur de Vins d&#039;alsace<\/title>\n<meta name=\"robots\" content=\"index, follow, max-snippet:-1, max-image-preview:large, max-video-preview:-1\" \/>\n<link rel=\"canonical\" href=\"https:\/\/saintejoie.com\/ja\/product\/pinot-gris-vendanges-tardives\/\" \/>\n<meta property=\"og:locale\" content=\"ja_JP\" \/>\n<meta property=\"og:type\" content=\"article\" \/>\n<meta property=\"og:title\" content=\"PINOT GRIS VENDANGE TARDIVE - Sainte Joie - Producteur de Vins d&#039;alsace\" \/>\n<meta property=\"og:description\" content=\"Ceci est la description courte du produit pinot gris\" \/>\n<meta property=\"og:url\" content=\"https:\/\/saintejoie.com\/ja\/product\/pinot-gris-vendanges-tardives\/\" \/>\n<meta property=\"og:site_name\" content=\"Sainte Joie - Producteur de Vins d&#039;alsace\" \/>\n<meta property=\"article:publisher\" content=\"https:\/\/www.facebook.com\/profile.php?id=100086574113006\" \/>\n<meta property=\"article:modified_time\" content=\"2026-01-27T09:15:32+00:00\" \/>\n<meta property=\"og:image\" content=\"https:\/\/saintejoie.com\/wp-content\/uploads\/2024\/02\/STJ-PINOTGRIS-2018-home.jpg\" \/>\n\t<meta property=\"og:image:width\" content=\"869\" \/>\n\t<meta property=\"og:image:height\" content=\"1383\" \/>\n\t<meta property=\"og:image:type\" content=\"image\/jpeg\" \/>\n<meta name=\"twitter:card\" content=\"summary_large_image\" \/>\n<meta name=\"twitter:label1\" content=\"\u63a8\u5b9a\u8aad\u307f\u53d6\u308a\u6642\u9593\" \/>\n\t<meta name=\"twitter:data1\" content=\"1\u5206\" \/>\n<script type=\"application\/ld+json\" class=\"yoast-schema-graph\">{\"@context\":\"https:\/\/schema.org\",\"@graph\":[{\"@type\":\"WebPage\",\"@id\":\"https:\/\/saintejoie.com\/produit\/pinot-gris-vendanges-tardives\/\",\"url\":\"https:\/\/saintejoie.com\/produit\/pinot-gris-vendanges-tardives\/\",\"name\":\"PINOT GRIS VENDANGE TARDIVE - Sainte Joie - Producteur de Vins d&#039;alsace\",\"isPartOf\":{\"@id\":\"https:\/\/saintejoie.com\/#website\"},\"datePublished\":\"2024-02-12T20:56:38+00:00\",\"dateModified\":\"2026-01-27T09:15:32+00:00\",\"breadcrumb\":{\"@id\":\"https:\/\/saintejoie.com\/produit\/pinot-gris-vendanges-tardives\/#breadcrumb\"},\"inLanguage\":\"ja\",\"potentialAction\":[{\"@type\":\"ReadAction\",\"target\":[\"https:\/\/saintejoie.com\/produit\/pinot-gris-vendanges-tardives\/\"]}]},{\"@type\":\"BreadcrumbList\",\"@id\":\"https:\/\/saintejoie.com\/produit\/pinot-gris-vendanges-tardives\/#breadcrumb\",\"itemListElement\":[{\"@type\":\"ListItem\",\"position\":1,\"name\":\"Accueil\",\"item\":\"https:\/\/saintejoie.com\/\"},{\"@type\":\"ListItem\",\"position\":2,\"name\":\"Nos Vins d&rsquo;Alsace\",\"item\":\"https:\/\/saintejoie.com\/nos-vins-alsace\/\"},{\"@type\":\"ListItem\",\"position\":3,\"name\":\"PINOT GRIS VENDANGE TARDIVE\"}]},{\"@type\":\"WebSite\",\"@id\":\"https:\/\/saintejoie.com\/#website\",\"url\":\"https:\/\/saintejoie.com\/\",\"name\":\"Sainte Joie - Producteur de Vins d&#039;alsace\",\"description\":\"Sainte Joie\",\"publisher\":{\"@id\":\"https:\/\/saintejoie.com\/#organization\"},\"potentialAction\":[{\"@type\":\"SearchAction\",\"target\":{\"@type\":\"EntryPoint\",\"urlTemplate\":\"https:\/\/saintejoie.com\/?s={search_term_string}\"},\"query-input\":\"required name=search_term_string\"}],\"inLanguage\":\"ja\"},{\"@type\":\"Organization\",\"@id\":\"https:\/\/saintejoie.com\/#organization\",\"name\":\"Sainte Joie - Producteur de Vins d&#039;alsace\",\"url\":\"https:\/\/saintejoie.com\/\",\"logo\":{\"@type\":\"ImageObject\",\"inLanguage\":\"ja\",\"@id\":\"https:\/\/saintejoie.com\/#\/schema\/logo\/image\/\",\"url\":\"https:\/\/i0.wp.com\/saintejoie.com\/wp-content\/uploads\/2022\/09\/LogoSainteJoie.png?fit=1181%2C472&ssl=1\",\"contentUrl\":\"https:\/\/i0.wp.com\/saintejoie.com\/wp-content\/uploads\/2022\/09\/LogoSainteJoie.png?fit=1181%2C472&ssl=1\",\"width\":1181,\"height\":472,\"caption\":\"Sainte Joie - Producteur de Vins d&#039;alsace\"},\"image\":{\"@id\":\"https:\/\/saintejoie.com\/#\/schema\/logo\/image\/\"},\"sameAs\":[\"https:\/\/www.linkedin.com\/company\/89213483\",\"https:\/\/www.facebook.com\/profile.php?id=100086574113006\"]}]}<\/script>\n<!-- \/ Yoast SEO plugin. -->","yoast_head_json":{"title":"PINOT GRIS VENDANGE TARDIVE - Sainte Joie - Producteur de Vins d&#039;alsace","robots":{"index":"index","follow":"follow","max-snippet":"max-snippet:-1","max-image-preview":"max-image-preview:large","max-video-preview":"max-video-preview:-1"},"canonical":"https:\/\/saintejoie.com\/ja\/product\/pinot-gris-vendanges-tardives\/","og_locale":"ja_JP","og_type":"article","og_title":"PINOT GRIS VENDANGE TARDIVE - Sainte Joie - Producteur de Vins d&#039;alsace","og_description":"Ceci est la description courte du produit pinot gris","og_url":"https:\/\/saintejoie.com\/ja\/product\/pinot-gris-vendanges-tardives\/","og_site_name":"Sainte Joie - Producteur de Vins d&#039;alsace","article_publisher":"https:\/\/www.facebook.com\/profile.php?id=100086574113006","article_modified_time":"2026-01-27T09:15:32+00:00","og_image":[{"width":869,"height":1383,"url":"https:\/\/saintejoie.com\/wp-content\/uploads\/2024\/02\/STJ-PINOTGRIS-2018-home.jpg","type":"image\/jpeg"}],"twitter_card":"summary_large_image","twitter_misc":{"\u63a8\u5b9a\u8aad\u307f\u53d6\u308a\u6642\u9593":"1\u5206"},"schema":{"@context":"https:\/\/schema.org","@graph":[{"@type":"WebPage","@id":"https:\/\/saintejoie.com\/produit\/pinot-gris-vendanges-tardives\/","url":"https:\/\/saintejoie.com\/produit\/pinot-gris-vendanges-tardives\/","name":"PINOT GRIS VENDANGE TARDIVE - Sainte Joie - Producteur de Vins d&#039;alsace","isPartOf":{"@id":"https:\/\/saintejoie.com\/#website"},"datePublished":"2024-02-12T20:56:38+00:00","dateModified":"2026-01-27T09:15:32+00:00","breadcrumb":{"@id":"https:\/\/saintejoie.com\/produit\/pinot-gris-vendanges-tardives\/#breadcrumb"},"inLanguage":"ja","potentialAction":[{"@type":"ReadAction","target":["https:\/\/saintejoie.com\/produit\/pinot-gris-vendanges-tardives\/"]}]},{"@type":"BreadcrumbList","@id":"https:\/\/saintejoie.com\/produit\/pinot-gris-vendanges-tardives\/#breadcrumb","itemListElement":[{"@type":"ListItem","position":1,"name":"Accueil","item":"https:\/\/saintejoie.com\/"},{"@type":"ListItem","position":2,"name":"Nos Vins d&rsquo;Alsace","item":"https:\/\/saintejoie.com\/nos-vins-alsace\/"},{"@type":"ListItem","position":3,"name":"PINOT GRIS VENDANGE TARDIVE"}]},{"@type":"WebSite","@id":"https:\/\/saintejoie.com\/#website","url":"https:\/\/saintejoie.com\/","name":"Sainte Joie - Producteur de Vins d&#039;alsace","description":"Sainte Joie","publisher":{"@id":"https:\/\/saintejoie.com\/#organization"},"potentialAction":[{"@type":"SearchAction","target":{"@type":"EntryPoint","urlTemplate":"https:\/\/saintejoie.com\/?s={search_term_string}"},"query-input":"required name=search_term_string"}],"inLanguage":"ja"},{"@type":"Organization","@id":"https:\/\/saintejoie.com\/#organization","name":"Sainte Joie - Producteur de Vins d&#039;alsace","url":"https:\/\/saintejoie.com\/","logo":{"@type":"ImageObject","inLanguage":"ja","@id":"https:\/\/saintejoie.com\/#\/schema\/logo\/image\/","url":"https:\/\/i0.wp.com\/saintejoie.com\/wp-content\/uploads\/2022\/09\/LogoSainteJoie.png?fit=1181%2C472&ssl=1","contentUrl":"https:\/\/i0.wp.com\/saintejoie.com\/wp-content\/uploads\/2022\/09\/LogoSainteJoie.png?fit=1181%2C472&ssl=1","width":1181,"height":472,"caption":"Sainte Joie - Producteur de Vins d&#039;alsace"},"image":{"@id":"https:\/\/saintejoie.com\/#\/schema\/logo\/image\/"},"sameAs":["https:\/\/www.linkedin.com\/company\/89213483","https:\/\/www.facebook.com\/profile.php?id=100086574113006"]}]}},"_links":{"self":[{"href":"https:\/\/saintejoie.com\/ja\/wp-json\/wp\/v2\/product\/4702","targetHints":{"allow":["GET"]}}],"collection":[{"href":"https:\/\/saintejoie.com\/ja\/wp-json\/wp\/v2\/product"}],"about":[{"href":"https:\/\/saintejoie.com\/ja\/wp-json\/wp\/v2\/types\/product"}],"replies":[{"embeddable":true,"href":"https:\/\/saintejoie.com\/ja\/wp-json\/wp\/v2\/comments?post=4702"}],"version-history":[{"count":54,"href":"https:\/\/saintejoie.com\/ja\/wp-json\/wp\/v2\/product\/4702\/revisions"}],"predecessor-version":[{"id":8319,"href":"https:\/\/saintejoie.com\/ja\/wp-json\/wp\/v2\/product\/4702\/revisions\/8319"}],"wp:featuredmedia":[{"embeddable":true,"href":"https:\/\/saintejoie.com\/ja\/wp-json\/wp\/v2\/media\/4707"}],"wp:attachment":[{"href":"https:\/\/saintejoie.com\/ja\/wp-json\/wp\/v2\/media?parent=4702"}],"wp:term":[{"taxonomy":"product_cat","embeddable":true,"href":"https:\/\/saintejoie.com\/ja\/wp-json\/wp\/v2\/product_cat?post=4702"},{"taxonomy":"product_tag","embeddable":true,"href":"https:\/\/saintejoie.com\/ja\/wp-json\/wp\/v2\/product_tag?post=4702"}],"curies":[{"name":"wp","href":"https:\/\/api.w.org\/{rel}","templated":true}]}}